{"id":1751,"date":"2025-09-17T09:21:00","date_gmt":"2025-09-17T07:21:00","guid":{"rendered":"https:\/\/montec.diemayrei.de\/certificazioni\/"},"modified":"2026-01-21T11:07:52","modified_gmt":"2026-01-21T10:07:52","slug":"certificazioni","status":"publish","type":"page","link":"https:\/\/montec-gmbh.de\/it\/certificazioni\/","title":{"rendered":"Certificazioni"},"content":{"rendered":"\t\t<div data-elementor-type=\"wp-page\" data-elementor-id=\"1751\" class=\"elementor elementor-1751 elementor-1158\" data-elementor-post-type=\"page\">\n\t\t\t\t<div class=\"elementor-element elementor-element-621c90e e-flex e-con-boxed e-con e-parent\" data-id=\"621c90e\" data-element_type=\"container\" data-e-type=\"container\" data-settings=\"{&quot;background_background&quot;:&quot;slideshow&quot;,&quot;background_slideshow_gallery&quot;:[{&quot;id&quot;:2048,&quot;url&quot;:&quot;https:\\\/\\\/montec-gmbh.de\\\/wp-content\\\/uploads\\\/2025\\\/09\\\/DSCF5983-scaled.jpg&quot;}],&quot;background_slideshow_ken_burns&quot;:&quot;yes&quot;,&quot;background_slideshow_loop&quot;:&quot;yes&quot;,&quot;background_slideshow_slide_duration&quot;:5000,&quot;background_slideshow_slide_transition&quot;:&quot;fade&quot;,&quot;background_slideshow_transition_duration&quot;:500,&quot;background_slideshow_ken_burns_zoom_direction&quot;:&quot;in&quot;}\">\n\t\t\t\t\t<div class=\"e-con-inner\">\n\t\t\t\t<div class=\"elementor-element elementor-element-e5dfade elementor-widget elementor-widget-heading\" data-id=\"e5dfade\" data-element_type=\"widget\" data-e-type=\"widget\" data-widget_type=\"heading.default\">\n\t\t\t\t<div class=\"elementor-widget-container\">\n\t\t\t\t\t<h2 class=\"elementor-heading-title elementor-size-default\">Qualit\u00e0, sicurezza e responsabilit\u00e0<\/h2>\t\t\t\t<\/div>\n\t\t\t\t<\/div>\n\t\t\t\t<div class=\"elementor-element elementor-element-bab5087 animated-fast elementor-invisible elementor-widget elementor-widget-heading\" data-id=\"bab5087\" data-element_type=\"widget\" data-e-type=\"widget\" data-settings=\"{&quot;_animation&quot;:&quot;slideInUp&quot;}\" data-widget_type=\"heading.default\">\n\t\t\t\t<div class=\"elementor-widget-container\">\n\t\t\t\t\t<h1 class=\"elementor-heading-title elementor-size-default\">I nostri <br>certificati<\/h1>\t\t\t\t<\/div>\n\t\t\t\t<\/div>\n\t\t\t\t\t<\/div>\n\t\t\t\t<\/div>\n\t\t<div class=\"elementor-element elementor-element-d8b47d2 e-flex e-con-boxed e-con e-parent\" data-id=\"d8b47d2\" data-element_type=\"container\" data-e-type=\"container\" data-settings=\"{&quot;background_background&quot;:&quot;classic&quot;}\">\n\t\t\t\t\t<div class=\"e-con-inner\">\n\t\t<div class=\"elementor-element elementor-element-7ccc3da e-con-full e-flex e-con e-child\" data-id=\"7ccc3da\" data-element_type=\"container\" data-e-type=\"container\">\n\t\t\t\t<div class=\"elementor-element elementor-element-17bbab6 elementor-widget elementor-widget-heading\" data-id=\"17bbab6\" data-element_type=\"widget\" data-e-type=\"widget\" data-widget_type=\"heading.default\">\n\t\t\t\t<div class=\"elementor-widget-container\">\n\t\t\t\t\t<h2 class=\"elementor-heading-title elementor-size-default\">Certificazioni<\/h2>\t\t\t\t<\/div>\n\t\t\t\t<\/div>\n\t\t\t\t<div class=\"elementor-element elementor-element-892a15c animated-slow elementor-invisible elementor-widget elementor-widget-heading\" data-id=\"892a15c\" data-element_type=\"widget\" data-e-type=\"widget\" data-settings=\"{&quot;_animation&quot;:&quot;fadeIn&quot;}\" data-widget_type=\"heading.default\">\n\t\t\t\t<div class=\"elementor-widget-container\">\n\t\t\t\t\t<h2 class=\"elementor-heading-title elementor-size-default\">Le nostre certificazioni non sono solo attestati, sono la nostra promessa a clienti, partner e dipendenti!<\/h2>\t\t\t\t<\/div>\n\t\t\t\t<\/div>\n\t\t\t\t<div class=\"elementor-element elementor-element-3013dfa elementor-widget elementor-widget-text-editor\" data-id=\"3013dfa\" data-element_type=\"widget\" data-e-type=\"widget\" data-widget_type=\"text-editor.default\">\n\t\t\t\t<div class=\"elementor-widget-container\">\n\t\t\t\t\t\t\t\t\t<p>Le nostre certificazioni \u2013 Qualit\u00e0, sicurezza e responsabilit\u00e0<br>La nostra azienda \u00e8 sinonimo dei pi\u00f9 alti standard di qualit\u00e0, sicurezza sul lavoro e protezione ambientale. Questo \u00e8 dimostrato dalle nostre certificazioni riconosciute: <\/p>\t\t\t\t\t\t\t\t<\/div>\n\t\t\t\t<\/div>\n\t\t\t\t<div class=\"elementor-element elementor-element-ad014e6 elementor-widget elementor-widget-text-editor\" data-id=\"ad014e6\" data-element_type=\"widget\" data-e-type=\"widget\" data-widget_type=\"text-editor.default\">\n\t\t\t\t<div class=\"elementor-widget-container\">\n\t\t\t\t\t\t\t\t\t<p><strong>ISO 9001 \u2013 Gestione della qualit\u00e0<\/strong><br>Questa norma riconosciuta a livello internazionale conferma la nostra gestione della qualit\u00e0 strutturata e il nostro costante impegno per il miglioramento, per processi ottimali e la massima soddisfazione del cliente.<\/p>\n<p><strong>ISO 45001 \u2013 Sicurezza e salute sul lavoro<\/strong><br>Con questa certificazione diamo un forte segnale per posti di lavoro sicuri e la protezione dei nostri dipendenti. Prevenzione e concetti di sicurezza sostenibili sono la nostra priorit\u00e0 assoluta. <\/p>\n<p><strong>Certificato WHG secondo la legge sulla gestione delle acque<\/strong><\/p>\n<p>Come azienda specializzata secondo WHG, siamo qualificati a gestire correttamente le sostanze pericolose per l&#8217;acqua. In questo modo diamo un contributo attivo alla protezione dell&#8217;ambiente e delle acque. <\/p>\n<p><strong>Tecnologia di tassellatura e fissaggio<\/strong><br>I nostri specialisti qualificati sono certificati nell&#8217;uso della tecnologia di tassellatura HILTI. In questo modo garantiamo soluzioni di fissaggio sicure e conformi alle norme, anche in presenza delle esigenze pi\u00f9 elevate. <\/p>\n<p><strong>Sistemi di scaffalature<\/strong> <br>L&#8217;ispezione e il collaudo di sistemi di scaffalature secondo la norma DIN EN ISO 15635 fanno parte della nostra routine quotidiana. Che si tratti di un impianto esistente o dopo un trasloco eseguito a regola d&#8217;arte, ci occupiamo del collaudo dei vostri sistemi di stoccaggio e vi consegniamo uno scaffale sicuro e conforme.  <\/p>\t\t\t\t\t\t\t\t<\/div>\n\t\t\t\t<\/div>\n\t\t\t\t<\/div>\n\t\t\t\t\t<\/div>\n\t\t\t\t<\/div>\n\t\t\t\t<\/div>\n\t\t","protected":false},"excerpt":{"rendered":"<p>Qualit\u00e0, sicurezza e responsabilit\u00e0 I nostri certificati Certificazioni Le nostre certificazioni non sono solo attestati, sono la nostra promessa a clienti, partner e dipendenti! Le nostre certificazioni \u2013 Qualit\u00e0, sicurezza e responsabilit\u00e0La nostra azienda \u00e8 sinonimo dei pi\u00f9 alti standard di qualit\u00e0, sicurezza sul lavoro e protezione ambientale. Questo \u00e8 dimostrato dalle nostre certificazioni riconosciute: [&hellip;]<\/p>\n","protected":false},"author":1,"featured_media":0,"parent":0,"menu_order":0,"comment_status":"closed","ping_status":"closed","template":"","meta":{"inline_featured_image":false,"footnotes":""},"class_list":["post-1751","page","type-page","status-publish","hentry"],"yoast_head":"<!-- This site is optimized with the Yoast SEO plugin v27.2 - https:\/\/yoast.com\/product\/yoast-seo-wordpress\/ -->\n<title>Certificazioni - Montec International<\/title>\n<meta name=\"robots\" content=\"index, follow, max-snippet:-1, max-image-preview:large, max-video-preview:-1\" \/>\n<link rel=\"canonical\" href=\"https:\/\/montec-gmbh.de\/it\/certificazioni\/\" \/>\n<meta property=\"og:locale\" content=\"it_IT\" \/>\n<meta property=\"og:type\" content=\"article\" \/>\n<meta property=\"og:title\" content=\"Certificazioni - Montec International\" \/>\n<meta property=\"og:description\" content=\"Qualit\u00e0, sicurezza e responsabilit\u00e0 I nostri certificati Certificazioni Le nostre certificazioni non sono solo attestati, sono la nostra promessa a clienti, partner e dipendenti! Le nostre certificazioni \u2013 Qualit\u00e0, sicurezza e responsabilit\u00e0La nostra azienda \u00e8 sinonimo dei pi\u00f9 alti standard di qualit\u00e0, sicurezza sul lavoro e protezione ambientale. Questo \u00e8 dimostrato dalle nostre certificazioni riconosciute: [&hellip;]\" \/>\n<meta property=\"og:url\" content=\"https:\/\/montec-gmbh.de\/it\/certificazioni\/\" \/>\n<meta property=\"og:site_name\" content=\"Montec International\" \/>\n<meta property=\"article:modified_time\" content=\"2026-01-21T10:07:52+00:00\" \/>\n<meta name=\"twitter:card\" content=\"summary_large_image\" \/>\n<meta name=\"twitter:label1\" content=\"Tempo di lettura stimato\" \/>\n\t<meta name=\"twitter:data1\" content=\"1 minuto\" \/>\n<script type=\"application\/ld+json\" class=\"yoast-schema-graph\">{\"@context\":\"https:\/\/schema.org\",\"@graph\":[{\"@type\":\"WebPage\",\"@id\":\"https:\/\/montec-gmbh.de\/it\/certificazioni\/\",\"url\":\"https:\/\/montec-gmbh.de\/it\/certificazioni\/\",\"name\":\"Certificazioni - Montec International\",\"isPartOf\":{\"@id\":\"https:\/\/montec-gmbh.de\/en\/#website\"},\"datePublished\":\"2025-09-17T07:21:00+00:00\",\"dateModified\":\"2026-01-21T10:07:52+00:00\",\"breadcrumb\":{\"@id\":\"https:\/\/montec-gmbh.de\/it\/certificazioni\/#breadcrumb\"},\"inLanguage\":\"it-IT\",\"potentialAction\":[{\"@type\":\"ReadAction\",\"target\":[\"https:\/\/montec-gmbh.de\/it\/certificazioni\/\"]}]},{\"@type\":\"BreadcrumbList\",\"@id\":\"https:\/\/montec-gmbh.de\/it\/certificazioni\/#breadcrumb\",\"itemListElement\":[{\"@type\":\"ListItem\",\"position\":1,\"name\":\"Start\",\"item\":\"https:\/\/montec-gmbh.de\/it\/montec-international\/\"},{\"@type\":\"ListItem\",\"position\":2,\"name\":\"Certificazioni\"}]},{\"@type\":\"WebSite\",\"@id\":\"https:\/\/montec-gmbh.de\/en\/#website\",\"url\":\"https:\/\/montec-gmbh.de\/en\/\",\"name\":\"Montec International\",\"description\":\"Industriemontagen, Schwerlastmontagen, Werksverlagerungen - MONTEC Augsburg\",\"publisher\":{\"@id\":\"https:\/\/montec-gmbh.de\/en\/#organization\"},\"potentialAction\":[{\"@type\":\"SearchAction\",\"target\":{\"@type\":\"EntryPoint\",\"urlTemplate\":\"https:\/\/montec-gmbh.de\/en\/?s={search_term_string}\"},\"query-input\":{\"@type\":\"PropertyValueSpecification\",\"valueRequired\":true,\"valueName\":\"search_term_string\"}}],\"inLanguage\":\"it-IT\"},{\"@type\":\"Organization\",\"@id\":\"https:\/\/montec-gmbh.de\/en\/#organization\",\"name\":\"Montec International\",\"url\":\"https:\/\/montec-gmbh.de\/en\/\",\"logo\":{\"@type\":\"ImageObject\",\"inLanguage\":\"it-IT\",\"@id\":\"https:\/\/montec-gmbh.de\/en\/#\/schema\/logo\/image\/\",\"url\":\"https:\/\/montec-gmbh.de\/wp-content\/uploads\/2025\/06\/Montec-international-1.png\",\"contentUrl\":\"https:\/\/montec-gmbh.de\/wp-content\/uploads\/2025\/06\/Montec-international-1.png\",\"width\":1648,\"height\":429,\"caption\":\"Montec International\"},\"image\":{\"@id\":\"https:\/\/montec-gmbh.de\/en\/#\/schema\/logo\/image\/\"}}]}<\/script>\n<!-- \/ Yoast SEO plugin. -->","yoast_head_json":{"title":"Certificazioni - Montec International","robots":{"index":"index","follow":"follow","max-snippet":"max-snippet:-1","max-image-preview":"max-image-preview:large","max-video-preview":"max-video-preview:-1"},"canonical":"https:\/\/montec-gmbh.de\/it\/certificazioni\/","og_locale":"it_IT","og_type":"article","og_title":"Certificazioni - Montec International","og_description":"Qualit\u00e0, sicurezza e responsabilit\u00e0 I nostri certificati Certificazioni Le nostre certificazioni non sono solo attestati, sono la nostra promessa a clienti, partner e dipendenti! Le nostre certificazioni \u2013 Qualit\u00e0, sicurezza e responsabilit\u00e0La nostra azienda \u00e8 sinonimo dei pi\u00f9 alti standard di qualit\u00e0, sicurezza sul lavoro e protezione ambientale. Questo \u00e8 dimostrato dalle nostre certificazioni riconosciute: [&hellip;]","og_url":"https:\/\/montec-gmbh.de\/it\/certificazioni\/","og_site_name":"Montec International","article_modified_time":"2026-01-21T10:07:52+00:00","twitter_card":"summary_large_image","twitter_misc":{"Tempo di lettura stimato":"1 minuto"},"schema":{"@context":"https:\/\/schema.org","@graph":[{"@type":"WebPage","@id":"https:\/\/montec-gmbh.de\/it\/certificazioni\/","url":"https:\/\/montec-gmbh.de\/it\/certificazioni\/","name":"Certificazioni - Montec International","isPartOf":{"@id":"https:\/\/montec-gmbh.de\/en\/#website"},"datePublished":"2025-09-17T07:21:00+00:00","dateModified":"2026-01-21T10:07:52+00:00","breadcrumb":{"@id":"https:\/\/montec-gmbh.de\/it\/certificazioni\/#breadcrumb"},"inLanguage":"it-IT","potentialAction":[{"@type":"ReadAction","target":["https:\/\/montec-gmbh.de\/it\/certificazioni\/"]}]},{"@type":"BreadcrumbList","@id":"https:\/\/montec-gmbh.de\/it\/certificazioni\/#breadcrumb","itemListElement":[{"@type":"ListItem","position":1,"name":"Start","item":"https:\/\/montec-gmbh.de\/it\/montec-international\/"},{"@type":"ListItem","position":2,"name":"Certificazioni"}]},{"@type":"WebSite","@id":"https:\/\/montec-gmbh.de\/en\/#website","url":"https:\/\/montec-gmbh.de\/en\/","name":"Montec International","description":"Industriemontagen, Schwerlastmontagen, Werksverlagerungen - MONTEC Augsburg","publisher":{"@id":"https:\/\/montec-gmbh.de\/en\/#organization"},"potentialAction":[{"@type":"SearchAction","target":{"@type":"EntryPoint","urlTemplate":"https:\/\/montec-gmbh.de\/en\/?s={search_term_string}"},"query-input":{"@type":"PropertyValueSpecification","valueRequired":true,"valueName":"search_term_string"}}],"inLanguage":"it-IT"},{"@type":"Organization","@id":"https:\/\/montec-gmbh.de\/en\/#organization","name":"Montec International","url":"https:\/\/montec-gmbh.de\/en\/","logo":{"@type":"ImageObject","inLanguage":"it-IT","@id":"https:\/\/montec-gmbh.de\/en\/#\/schema\/logo\/image\/","url":"https:\/\/montec-gmbh.de\/wp-content\/uploads\/2025\/06\/Montec-international-1.png","contentUrl":"https:\/\/montec-gmbh.de\/wp-content\/uploads\/2025\/06\/Montec-international-1.png","width":1648,"height":429,"caption":"Montec International"},"image":{"@id":"https:\/\/montec-gmbh.de\/en\/#\/schema\/logo\/image\/"}}]}},"_links":{"self":[{"href":"https:\/\/montec-gmbh.de\/it\/wp-json\/wp\/v2\/pages\/1751","targetHints":{"allow":["GET"]}}],"collection":[{"href":"https:\/\/montec-gmbh.de\/it\/wp-json\/wp\/v2\/pages"}],"about":[{"href":"https:\/\/montec-gmbh.de\/it\/wp-json\/wp\/v2\/types\/page"}],"author":[{"embeddable":true,"href":"https:\/\/montec-gmbh.de\/it\/wp-json\/wp\/v2\/users\/1"}],"replies":[{"embeddable":true,"href":"https:\/\/montec-gmbh.de\/it\/wp-json\/wp\/v2\/comments?post=1751"}],"version-history":[{"count":2,"href":"https:\/\/montec-gmbh.de\/it\/wp-json\/wp\/v2\/pages\/1751\/revisions"}],"predecessor-version":[{"id":2049,"href":"https:\/\/montec-gmbh.de\/it\/wp-json\/wp\/v2\/pages\/1751\/revisions\/2049"}],"wp:attachment":[{"href":"https:\/\/montec-gmbh.de\/it\/wp-json\/wp\/v2\/media?parent=1751"}],"curies":[{"name":"wp","href":"https:\/\/api.w.org\/{rel}","templated":true}]}}