{"id":1705,"date":"2025-08-07T14:51:21","date_gmt":"2025-08-07T12:51:21","guid":{"rendered":"https:\/\/montec.diemayrei.de\/note-legali\/"},"modified":"2025-11-06T15:16:12","modified_gmt":"2025-11-06T14:16:12","slug":"note-legali","status":"publish","type":"page","link":"https:\/\/montec-gmbh.de\/it\/note-legali\/","title":{"rendered":"Note legali"},"content":{"rendered":"\t\t<div data-elementor-type=\"wp-page\" data-elementor-id=\"1705\" class=\"elementor elementor-1705 elementor-883\" data-elementor-post-type=\"page\">\n\t\t\t\t<div class=\"elementor-element elementor-element-1847de6 e-flex e-con-boxed e-con e-parent\" data-id=\"1847de6\" data-element_type=\"container\" data-e-type=\"container\" data-settings=\"{&quot;background_background&quot;:&quot;classic&quot;}\">\n\t\t\t\t\t<div class=\"e-con-inner\">\n\t\t<div class=\"elementor-element elementor-element-57fd776 e-con-full e-flex e-con e-child\" data-id=\"57fd776\" data-element_type=\"container\" data-e-type=\"container\">\n\t\t\t\t<div class=\"elementor-element elementor-element-40f5ca1 elementor-widget elementor-widget-heading\" data-id=\"40f5ca1\" data-element_type=\"widget\" data-e-type=\"widget\" data-widget_type=\"heading.default\">\n\t\t\t\t<div class=\"elementor-widget-container\">\n\t\t\t\t\t<h2 class=\"elementor-heading-title elementor-size-default\">Note legali<\/h2>\t\t\t\t<\/div>\n\t\t\t\t<\/div>\n\t\t\t\t<div class=\"elementor-element elementor-element-a1404a7 elementor-widget elementor-widget-text-editor\" data-id=\"a1404a7\" data-element_type=\"widget\" data-e-type=\"widget\" data-widget_type=\"text-editor.default\">\n\t\t\t\t<div class=\"elementor-widget-container\">\n\t\t\t\t\t\t\t\t\t<h3>Informazioni sul fornitore di www.montec-gmbh.de<\/h3><p>MONTEC GmbH<br>Anton-Jaumann-Stra\u00dfe 7<br>D-86663 Asbach-B\u00e4umenheim<br>Tel.: +49 (0)906 \/ 29 99 96 -0<br>Fax: +49 (0)906 \/ 29 99 96 -99<br>info@montec-gmbh.de<\/p><p>Amtsgericht Augsburg<br>HRB 12 647<br>Amministratori delegati:<br>Ulrich Schmid<br>Michael de Buhr<br>Philip de Buhr<\/p><h3>Fornitore di servizi tecnici:<\/h3><p><strong>dieMAYREI GmbH<\/strong><br>Design-Stampa-Internet<br>Joseph-G\u00e4nsler-Stra\u00dfe 4<br>86609 Donauw\u00f6rth<\/p><p>Tel.: +49 906 705 77 3<br>Fax: +49 906 705 77 77<br><a href=\"https:\/\/www.diemayrei.de\/\" target=\"_blank\" rel=\"noopener\">www.diemayrei.de<\/a><\/p><p>Tutte le foto e i testi sono protetti da copyright.<br>\u00a9 Fotografia: Josef Schmaus, Outline \u2013 online Medien GmbH<br>\u00a9 Fotografia: <a href=\"http:\/\/www.piasimon.de\/\" target=\"_blank\" rel=\"noopener\">Pia Simon<\/a>, photocase.com<\/p><h3>Esclusione di responsabilit\u00e0<\/h3><p><strong>1. Contenuto dell&#8217;offerta online<\/strong><br>Il fornitore non si assume alcuna responsabilit\u00e0 per l&#8217;attualit\u00e0, la correttezza, la completezza o la qualit\u00e0 delle informazioni fornite. Sono escluse in linea di principio le richieste di risarcimento nei confronti del fornitore, relative a danni di natura materiale o immateriale causati dall&#8217;utilizzo o dal mancato utilizzo delle informazioni presentate o dall&#8217;utilizzo di informazioni errate e incomplete, a meno che non vi sia una colpa intenzionale o gravemente negligente dimostrabile da parte del fornitore. Tutte le offerte sono soggette a modifiche e non vincolanti. Il fornitore si riserva espressamente il diritto di modificare, integrare, cancellare parti delle pagine o l&#8217;intera offerta senza preavviso, o di sospendere temporaneamente o definitivamente la pubblicazione.   <\/p><p><strong>2. Riferimenti e link<\/strong><br>In caso di riferimenti diretti o indiretti a siti internet esterni (\u201clink\u201d), che si trovano al di fuori dell&#8217;area di responsabilit\u00e0 del fornitore, una responsabilit\u00e0 entrerebbe in vigore esclusivamente nel caso in cui il fornitore sia a conoscenza dei contenuti e gli fosse tecnicamente possibile e ragionevole impedire l&#8217;utilizzo in caso di contenuti illegali. Il fornitore dichiara espressamente che al momento dell&#8217;inserimento dei link non erano riconoscibili contenuti illegali sulle pagine da collegare. Il fornitore non ha alcuna influenza sulla configurazione attuale e futura, sui contenuti o sulla paternit\u00e0 delle pagine collegate\/associate. Pertanto, si dissocia espressamente da tutti i contenuti di tutte le pagine collegate\/associate che sono state modificate dopo l&#8217;inserimento del link. Questa dichiarazione vale per tutti i link e i riferimenti inseriti all&#8217;interno della propria offerta internet, nonch\u00e9 per le voci esterne in guestbook, forum di discussione e mailing list istituiti dal fornitore. Per contenuti illegali, errati o incompleti e in particolare per danni derivanti dall&#8217;utilizzo o dal mancato utilizzo di tali informazioni presentate, \u00e8 responsabile unicamente il fornitore della pagina a cui si \u00e8 fatto riferimento, non colui che si limita a rimandare alla rispettiva pubblicazione tramite link.     <\/p><p><strong>3. Diritto d&#8217;autore e diritto dei marchi<\/strong><br>Il copyright per gli oggetti pubblicati, creati dal fornitore stesso, rimane esclusivamente del fornitore delle pagine. La riproduzione o l&#8217;utilizzo di tali grafici, documenti sonori, sequenze video e testi in altre pubblicazioni elettroniche o stampate non \u00e8 consentita senza l&#8217;espressa autorizzazione del fornitore. Il fornitore si impegna a rispettare in tutte le pubblicazioni i diritti d&#8217;autore dei grafici, documenti sonori, sequenze video e testi utilizzati, a utilizzare grafici, documenti sonori, sequenze video e testi creati da lui stesso o a ricorrere a grafici, documenti sonori, sequenze video e testi esenti da licenza. Tutti i marchi e i segni distintivi menzionati nell&#8217;offerta internet e, se del caso, protetti da terzi, sono soggetti senza restrizioni alle disposizioni del diritto dei marchi applicabile e ai diritti di propriet\u00e0 dei rispettivi proprietari registrati. La sola menzione non implica che i marchi non siano protetti da diritti di terzi.    <\/p><p><strong>4. Protezione dei dati<\/strong><br>Qualora nell&#8217;ambito dell&#8217;offerta internet esista la possibilit\u00e0 di inserire dati personali o commerciali (indirizzi e-mail, nomi, indirizzi), la divulgazione di tali dati da parte dell&#8217;utente avviene su base espressamente volontaria. L&#8217;utilizzo e il pagamento di tutti i servizi offerti sono consentiti \u2013 per quanto tecnicamente possibile e ragionevole \u2013 anche senza l&#8217;indicazione di tali dati o con l&#8217;indicazione di dati anonimizzati o di uno pseudonimo. <\/p><p><strong>5. Validit\u00e0 legale della presente esclusione di responsabilit\u00e0<\/strong><br>La presente esclusione di responsabilit\u00e0 \u00e8 da considerarsi parte dell&#8217;offerta internet da cui \u00e8 stata richiamata questa pagina. Qualora parti o singole formulazioni di questo testo non dovessero corrispondere, non pi\u00f9 o non completamente, alla situazione giuridica vigente, le restanti parti del documento rimangono inalterate nel loro contenuto e nella loro validit\u00e0. <\/p>\t\t\t\t\t\t\t\t<\/div>\n\t\t\t\t<\/div>\n\t\t\t\t<\/div>\n\t\t\t\t\t<\/div>\n\t\t\t\t<\/div>\n\t\t\t\t<\/div>\n\t\t","protected":false},"excerpt":{"rendered":"<p>Note legali Informazioni sul fornitore di www.montec-gmbh.de MONTEC GmbHAnton-Jaumann-Stra\u00dfe 7D-86663 Asbach-B\u00e4umenheimTel.: +49 (0)906 \/ 29 99 96 -0Fax: +49 (0)906 \/ 29 99 96 -99info@montec-gmbh.de Amtsgericht AugsburgHRB 12 647Amministratori delegati:Ulrich SchmidMichael de BuhrPhilip de Buhr Fornitore di servizi tecnici: dieMAYREI GmbHDesign-Stampa-InternetJoseph-G\u00e4nsler-Stra\u00dfe 486609 Donauw\u00f6rth Tel.: +49 906 705 77 3Fax: +49 906 705 77 77www.diemayrei.de Tutte [&hellip;]<\/p>\n","protected":false},"author":1,"featured_media":0,"parent":0,"menu_order":0,"comment_status":"closed","ping_status":"closed","template":"","meta":{"inline_featured_image":false,"footnotes":""},"class_list":["post-1705","page","type-page","status-publish","hentry"],"yoast_head":"<!-- This site is optimized with the Yoast SEO plugin v27.2 - https:\/\/yoast.com\/product\/yoast-seo-wordpress\/ -->\n<title>Note legali - Montec International<\/title>\n<meta name=\"robots\" content=\"index, follow, max-snippet:-1, max-image-preview:large, max-video-preview:-1\" \/>\n<link rel=\"canonical\" href=\"https:\/\/montec-gmbh.de\/it\/note-legali\/\" \/>\n<meta property=\"og:locale\" content=\"it_IT\" \/>\n<meta property=\"og:type\" content=\"article\" \/>\n<meta property=\"og:title\" content=\"Note legali - Montec International\" \/>\n<meta property=\"og:description\" content=\"Note legali Informazioni sul fornitore di www.montec-gmbh.de MONTEC GmbHAnton-Jaumann-Stra\u00dfe 7D-86663 Asbach-B\u00e4umenheimTel.: +49 (0)906 \/ 29 99 96 -0Fax: +49 (0)906 \/ 29 99 96 -99info@montec-gmbh.de Amtsgericht AugsburgHRB 12 647Amministratori delegati:Ulrich SchmidMichael de BuhrPhilip de Buhr Fornitore di servizi tecnici: dieMAYREI GmbHDesign-Stampa-InternetJoseph-G\u00e4nsler-Stra\u00dfe 486609 Donauw\u00f6rth Tel.: +49 906 705 77 3Fax: +49 906 705 77 77www.diemayrei.de Tutte [&hellip;]\" \/>\n<meta property=\"og:url\" content=\"https:\/\/montec-gmbh.de\/it\/note-legali\/\" \/>\n<meta property=\"og:site_name\" content=\"Montec International\" \/>\n<meta property=\"article:modified_time\" content=\"2025-11-06T14:16:12+00:00\" \/>\n<meta name=\"twitter:card\" content=\"summary_large_image\" \/>\n<meta name=\"twitter:label1\" content=\"Tempo di lettura stimato\" \/>\n\t<meta name=\"twitter:data1\" content=\"3 minuti\" \/>\n<script type=\"application\/ld+json\" class=\"yoast-schema-graph\">{\"@context\":\"https:\/\/schema.org\",\"@graph\":[{\"@type\":\"WebPage\",\"@id\":\"https:\/\/montec-gmbh.de\/it\/note-legali\/\",\"url\":\"https:\/\/montec-gmbh.de\/it\/note-legali\/\",\"name\":\"Note legali - Montec International\",\"isPartOf\":{\"@id\":\"https:\/\/montec-gmbh.de\/en\/#website\"},\"datePublished\":\"2025-08-07T12:51:21+00:00\",\"dateModified\":\"2025-11-06T14:16:12+00:00\",\"breadcrumb\":{\"@id\":\"https:\/\/montec-gmbh.de\/it\/note-legali\/#breadcrumb\"},\"inLanguage\":\"it-IT\",\"potentialAction\":[{\"@type\":\"ReadAction\",\"target\":[\"https:\/\/montec-gmbh.de\/it\/note-legali\/\"]}]},{\"@type\":\"BreadcrumbList\",\"@id\":\"https:\/\/montec-gmbh.de\/it\/note-legali\/#breadcrumb\",\"itemListElement\":[{\"@type\":\"ListItem\",\"position\":1,\"name\":\"Start\",\"item\":\"https:\/\/montec-gmbh.de\/it\/montec-international\/\"},{\"@type\":\"ListItem\",\"position\":2,\"name\":\"Note legali\"}]},{\"@type\":\"WebSite\",\"@id\":\"https:\/\/montec-gmbh.de\/en\/#website\",\"url\":\"https:\/\/montec-gmbh.de\/en\/\",\"name\":\"Montec International\",\"description\":\"Industriemontagen, Schwerlastmontagen, Werksverlagerungen - MONTEC Augsburg\",\"publisher\":{\"@id\":\"https:\/\/montec-gmbh.de\/en\/#organization\"},\"potentialAction\":[{\"@type\":\"SearchAction\",\"target\":{\"@type\":\"EntryPoint\",\"urlTemplate\":\"https:\/\/montec-gmbh.de\/en\/?s={search_term_string}\"},\"query-input\":{\"@type\":\"PropertyValueSpecification\",\"valueRequired\":true,\"valueName\":\"search_term_string\"}}],\"inLanguage\":\"it-IT\"},{\"@type\":\"Organization\",\"@id\":\"https:\/\/montec-gmbh.de\/en\/#organization\",\"name\":\"Montec International\",\"url\":\"https:\/\/montec-gmbh.de\/en\/\",\"logo\":{\"@type\":\"ImageObject\",\"inLanguage\":\"it-IT\",\"@id\":\"https:\/\/montec-gmbh.de\/en\/#\/schema\/logo\/image\/\",\"url\":\"https:\/\/montec-gmbh.de\/wp-content\/uploads\/2025\/06\/Montec-international-1.png\",\"contentUrl\":\"https:\/\/montec-gmbh.de\/wp-content\/uploads\/2025\/06\/Montec-international-1.png\",\"width\":1648,\"height\":429,\"caption\":\"Montec International\"},\"image\":{\"@id\":\"https:\/\/montec-gmbh.de\/en\/#\/schema\/logo\/image\/\"}}]}<\/script>\n<!-- \/ Yoast SEO plugin. -->","yoast_head_json":{"title":"Note legali - Montec International","robots":{"index":"index","follow":"follow","max-snippet":"max-snippet:-1","max-image-preview":"max-image-preview:large","max-video-preview":"max-video-preview:-1"},"canonical":"https:\/\/montec-gmbh.de\/it\/note-legali\/","og_locale":"it_IT","og_type":"article","og_title":"Note legali - Montec International","og_description":"Note legali Informazioni sul fornitore di www.montec-gmbh.de MONTEC GmbHAnton-Jaumann-Stra\u00dfe 7D-86663 Asbach-B\u00e4umenheimTel.: +49 (0)906 \/ 29 99 96 -0Fax: +49 (0)906 \/ 29 99 96 -99info@montec-gmbh.de Amtsgericht AugsburgHRB 12 647Amministratori delegati:Ulrich SchmidMichael de BuhrPhilip de Buhr Fornitore di servizi tecnici: dieMAYREI GmbHDesign-Stampa-InternetJoseph-G\u00e4nsler-Stra\u00dfe 486609 Donauw\u00f6rth Tel.: +49 906 705 77 3Fax: +49 906 705 77 77www.diemayrei.de Tutte [&hellip;]","og_url":"https:\/\/montec-gmbh.de\/it\/note-legali\/","og_site_name":"Montec International","article_modified_time":"2025-11-06T14:16:12+00:00","twitter_card":"summary_large_image","twitter_misc":{"Tempo di lettura stimato":"3 minuti"},"schema":{"@context":"https:\/\/schema.org","@graph":[{"@type":"WebPage","@id":"https:\/\/montec-gmbh.de\/it\/note-legali\/","url":"https:\/\/montec-gmbh.de\/it\/note-legali\/","name":"Note legali - Montec International","isPartOf":{"@id":"https:\/\/montec-gmbh.de\/en\/#website"},"datePublished":"2025-08-07T12:51:21+00:00","dateModified":"2025-11-06T14:16:12+00:00","breadcrumb":{"@id":"https:\/\/montec-gmbh.de\/it\/note-legali\/#breadcrumb"},"inLanguage":"it-IT","potentialAction":[{"@type":"ReadAction","target":["https:\/\/montec-gmbh.de\/it\/note-legali\/"]}]},{"@type":"BreadcrumbList","@id":"https:\/\/montec-gmbh.de\/it\/note-legali\/#breadcrumb","itemListElement":[{"@type":"ListItem","position":1,"name":"Start","item":"https:\/\/montec-gmbh.de\/it\/montec-international\/"},{"@type":"ListItem","position":2,"name":"Note legali"}]},{"@type":"WebSite","@id":"https:\/\/montec-gmbh.de\/en\/#website","url":"https:\/\/montec-gmbh.de\/en\/","name":"Montec International","description":"Industriemontagen, Schwerlastmontagen, Werksverlagerungen - MONTEC Augsburg","publisher":{"@id":"https:\/\/montec-gmbh.de\/en\/#organization"},"potentialAction":[{"@type":"SearchAction","target":{"@type":"EntryPoint","urlTemplate":"https:\/\/montec-gmbh.de\/en\/?s={search_term_string}"},"query-input":{"@type":"PropertyValueSpecification","valueRequired":true,"valueName":"search_term_string"}}],"inLanguage":"it-IT"},{"@type":"Organization","@id":"https:\/\/montec-gmbh.de\/en\/#organization","name":"Montec International","url":"https:\/\/montec-gmbh.de\/en\/","logo":{"@type":"ImageObject","inLanguage":"it-IT","@id":"https:\/\/montec-gmbh.de\/en\/#\/schema\/logo\/image\/","url":"https:\/\/montec-gmbh.de\/wp-content\/uploads\/2025\/06\/Montec-international-1.png","contentUrl":"https:\/\/montec-gmbh.de\/wp-content\/uploads\/2025\/06\/Montec-international-1.png","width":1648,"height":429,"caption":"Montec International"},"image":{"@id":"https:\/\/montec-gmbh.de\/en\/#\/schema\/logo\/image\/"}}]}},"_links":{"self":[{"href":"https:\/\/montec-gmbh.de\/it\/wp-json\/wp\/v2\/pages\/1705","targetHints":{"allow":["GET"]}}],"collection":[{"href":"https:\/\/montec-gmbh.de\/it\/wp-json\/wp\/v2\/pages"}],"about":[{"href":"https:\/\/montec-gmbh.de\/it\/wp-json\/wp\/v2\/types\/page"}],"author":[{"embeddable":true,"href":"https:\/\/montec-gmbh.de\/it\/wp-json\/wp\/v2\/users\/1"}],"replies":[{"embeddable":true,"href":"https:\/\/montec-gmbh.de\/it\/wp-json\/wp\/v2\/comments?post=1705"}],"version-history":[{"count":1,"href":"https:\/\/montec-gmbh.de\/it\/wp-json\/wp\/v2\/pages\/1705\/revisions"}],"predecessor-version":[{"id":1707,"href":"https:\/\/montec-gmbh.de\/it\/wp-json\/wp\/v2\/pages\/1705\/revisions\/1707"}],"wp:attachment":[{"href":"https:\/\/montec-gmbh.de\/it\/wp-json\/wp\/v2\/media?parent=1705"}],"curies":[{"name":"wp","href":"https:\/\/api.w.org\/{rel}","templated":true}]}}