{"id":1676,"date":"2025-09-16T07:47:43","date_gmt":"2025-09-16T05:47:43","guid":{"rendered":"https:\/\/montec.diemayrei.de\/assistenza-clienti\/"},"modified":"2026-03-18T14:34:42","modified_gmt":"2026-03-18T13:34:42","slug":"assistenza-clienti","status":"publish","type":"page","link":"https:\/\/montec-gmbh.de\/it\/assistenza-clienti\/","title":{"rendered":"Assistenza clienti"},"content":{"rendered":"\t\t<div data-elementor-type=\"wp-page\" data-elementor-id=\"1676\" class=\"elementor elementor-1676 elementor-1031\" data-elementor-post-type=\"page\">\n\t\t\t\t<div class=\"elementor-element elementor-element-7091718 e-flex e-con-boxed e-con e-parent\" data-id=\"7091718\" data-element_type=\"container\" data-e-type=\"container\" data-settings=\"{&quot;background_background&quot;:&quot;slideshow&quot;,&quot;background_slideshow_gallery&quot;:[{&quot;id&quot;:2037,&quot;url&quot;:&quot;https:\\\/\\\/montec-gmbh.de\\\/wp-content\\\/uploads\\\/2025\\\/09\\\/DSCF6452-scaled.jpg&quot;},{&quot;id&quot;:2034,&quot;url&quot;:&quot;https:\\\/\\\/montec-gmbh.de\\\/wp-content\\\/uploads\\\/2025\\\/09\\\/DSCF6165-1-scaled.jpg&quot;},{&quot;id&quot;:2035,&quot;url&quot;:&quot;https:\\\/\\\/montec-gmbh.de\\\/wp-content\\\/uploads\\\/2025\\\/09\\\/DSCF6651-scaled.jpg&quot;},{&quot;id&quot;:2036,&quot;url&quot;:&quot;https:\\\/\\\/montec-gmbh.de\\\/wp-content\\\/uploads\\\/2025\\\/09\\\/DSCF6399-scaled.jpg&quot;}],&quot;background_slideshow_ken_burns&quot;:&quot;yes&quot;,&quot;background_slideshow_loop&quot;:&quot;yes&quot;,&quot;background_slideshow_slide_duration&quot;:5000,&quot;background_slideshow_slide_transition&quot;:&quot;fade&quot;,&quot;background_slideshow_transition_duration&quot;:500,&quot;background_slideshow_ken_burns_zoom_direction&quot;:&quot;in&quot;}\">\n\t\t\t\t\t<div class=\"e-con-inner\">\n\t\t\t\t<div class=\"elementor-element elementor-element-25838c7 elementor-widget elementor-widget-heading\" data-id=\"25838c7\" data-element_type=\"widget\" data-e-type=\"widget\" data-widget_type=\"heading.default\">\n\t\t\t\t<div class=\"elementor-widget-container\">\n\t\t\t\t\t<h2 class=\"elementor-heading-title elementor-size-default\">Qualit\u00e0, sicurezza e responsabilit\u00e0<\/h2>\t\t\t\t<\/div>\n\t\t\t\t<\/div>\n\t\t\t\t<div class=\"elementor-element elementor-element-e570136 animated-fast elementor-invisible elementor-widget elementor-widget-heading\" data-id=\"e570136\" data-element_type=\"widget\" data-e-type=\"widget\" data-settings=\"{&quot;_animation&quot;:&quot;slideInUp&quot;}\" data-widget_type=\"heading.default\">\n\t\t\t\t<div class=\"elementor-widget-container\">\n\t\t\t\t\t<h1 class=\"elementor-heading-title elementor-size-default\">Assistenza<br>clienti<\/h1>\t\t\t\t<\/div>\n\t\t\t\t<\/div>\n\t\t\t\t\t<\/div>\n\t\t\t\t<\/div>\n\t\t<div class=\"elementor-element elementor-element-f49a2bd e-flex e-con-boxed e-con e-parent\" data-id=\"f49a2bd\" data-element_type=\"container\" data-e-type=\"container\" data-settings=\"{&quot;background_background&quot;:&quot;classic&quot;}\">\n\t\t\t\t\t<div class=\"e-con-inner\">\n\t\t<div class=\"elementor-element elementor-element-4e9d585 e-con-full e-flex e-con e-child\" data-id=\"4e9d585\" data-element_type=\"container\" data-e-type=\"container\">\n\t\t\t\t<div class=\"elementor-element elementor-element-2d9e832 elementor-widget elementor-widget-heading\" data-id=\"2d9e832\" data-element_type=\"widget\" data-e-type=\"widget\" data-widget_type=\"heading.default\">\n\t\t\t\t<div class=\"elementor-widget-container\">\n\t\t\t\t\t<h2 class=\"elementor-heading-title elementor-size-default\">Assistenza clienti<\/h2>\t\t\t\t<\/div>\n\t\t\t\t<\/div>\n\t\t\t\t<div class=\"elementor-element elementor-element-a9023b9 animated-slow elementor-invisible elementor-widget elementor-widget-heading\" data-id=\"a9023b9\" data-element_type=\"widget\" data-e-type=\"widget\" data-settings=\"{&quot;_animation&quot;:&quot;fadeIn&quot;}\" data-widget_type=\"heading.default\">\n\t\t\t\t<div class=\"elementor-widget-container\">\n\t\t\t\t\t<h2 class=\"elementor-heading-title elementor-size-default\">Gestire i progetti \u2013 <br>dalla A alla Z<\/h2>\t\t\t\t<\/div>\n\t\t\t\t<\/div>\n\t\t\t\t<div class=\"elementor-element elementor-element-dc64f6b elementor-widget elementor-widget-text-editor\" data-id=\"dc64f6b\" data-element_type=\"widget\" data-e-type=\"widget\" data-widget_type=\"text-editor.default\">\n\t\t\t\t<div class=\"elementor-widget-container\">\n\t\t\t\t\t\t\t\t\t<p>Gestire le attivit\u00e0 in corso, avviare le fasi successive, documentare ci\u00f2 che \u00e8 stato completato: la trasparenza \u00e8 importante per noi sia nella gestione interna che esterna dei progetti. Solo chi ha tutte le informazioni a portata di mano pu\u00f2 plasmare attivamente l&#8217;avanzamento del progetto. Attribuiamo grande importanza al supporto professionale di tutte le fasi del progetto. Per noi \u00e8 molto importante una comunicazione sempre aperta e fiduciosa con tutte le parti coinvolte. In caso di sviluppi imprevisti, manteniamo sempre la proverbiale calma e non ci facciamo prendere dal panico.    <\/p>\t\t\t\t\t\t\t\t<\/div>\n\t\t\t\t<\/div>\n\t\t\t\t<\/div>\n\t\t<div class=\"elementor-element elementor-element-fce778b e-con-full e-flex e-con e-child\" data-id=\"fce778b\" data-element_type=\"container\" data-e-type=\"container\">\n\t\t\t\t<div class=\"elementor-element elementor-element-c83430e elementor-widget__width-initial elementor-widget elementor-widget-image\" data-id=\"c83430e\" data-element_type=\"widget\" data-e-type=\"widget\" data-settings=\"{&quot;motion_fx_motion_fx_scrolling&quot;:&quot;yes&quot;,&quot;motion_fx_translateY_effect&quot;:&quot;yes&quot;,&quot;motion_fx_devices&quot;:[&quot;desktop&quot;],&quot;motion_fx_translateY_speed&quot;:{&quot;unit&quot;:&quot;px&quot;,&quot;size&quot;:4,&quot;sizes&quot;:[]},&quot;motion_fx_translateY_affectedRange&quot;:{&quot;unit&quot;:&quot;%&quot;,&quot;size&quot;:&quot;&quot;,&quot;sizes&quot;:{&quot;start&quot;:0,&quot;end&quot;:100}}}\" data-widget_type=\"image.default\">\n\t\t\t\t<div class=\"elementor-widget-container\">\n\t\t\t\t\t\t\t\t\t\t\t\t\t\t\t<img fetchpriority=\"high\" decoding=\"async\" width=\"800\" height=\"534\" src=\"https:\/\/montec-gmbh.de\/wp-content\/uploads\/2025\/08\/DSCF4973-1024x683.jpg\" class=\"attachment-large size-large wp-image-764\" alt=\"\" srcset=\"https:\/\/montec-gmbh.de\/wp-content\/uploads\/2025\/08\/DSCF4973-1024x683.jpg 1024w, https:\/\/montec-gmbh.de\/wp-content\/uploads\/2025\/08\/DSCF4973-300x200.jpg 300w, https:\/\/montec-gmbh.de\/wp-content\/uploads\/2025\/08\/DSCF4973-768x512.jpg 768w, https:\/\/montec-gmbh.de\/wp-content\/uploads\/2025\/08\/DSCF4973-1536x1024.jpg 1536w, https:\/\/montec-gmbh.de\/wp-content\/uploads\/2025\/08\/DSCF4973-2048x1366.jpg 2048w\" sizes=\"(max-width: 800px) 100vw, 800px\" \/>\t\t\t\t\t\t\t\t\t\t\t\t\t\t\t<\/div>\n\t\t\t\t<\/div>\n\t\t\t\t<div class=\"elementor-element elementor-element-5957f51 elementor-widget__width-initial elementor-widget elementor-widget-image\" data-id=\"5957f51\" data-element_type=\"widget\" data-e-type=\"widget\" data-settings=\"{&quot;motion_fx_motion_fx_scrolling&quot;:&quot;yes&quot;,&quot;motion_fx_translateY_effect&quot;:&quot;yes&quot;,&quot;motion_fx_translateY_speed&quot;:{&quot;unit&quot;:&quot;px&quot;,&quot;size&quot;:1.6,&quot;sizes&quot;:[]},&quot;motion_fx_devices&quot;:[&quot;desktop&quot;],&quot;motion_fx_translateY_affectedRange&quot;:{&quot;unit&quot;:&quot;%&quot;,&quot;size&quot;:&quot;&quot;,&quot;sizes&quot;:{&quot;start&quot;:0,&quot;end&quot;:100}}}\" data-widget_type=\"image.default\">\n\t\t\t\t<div class=\"elementor-widget-container\">\n\t\t\t\t\t\t\t\t\t\t\t\t\t\t\t<img decoding=\"async\" width=\"800\" height=\"534\" src=\"https:\/\/montec-gmbh.de\/wp-content\/uploads\/2025\/08\/DSCF4865-1024x683.jpg\" class=\"attachment-large size-large wp-image-716\" alt=\"\" srcset=\"https:\/\/montec-gmbh.de\/wp-content\/uploads\/2025\/08\/DSCF4865-1024x683.jpg 1024w, https:\/\/montec-gmbh.de\/wp-content\/uploads\/2025\/08\/DSCF4865-300x200.jpg 300w, https:\/\/montec-gmbh.de\/wp-content\/uploads\/2025\/08\/DSCF4865-768x512.jpg 768w, https:\/\/montec-gmbh.de\/wp-content\/uploads\/2025\/08\/DSCF4865-1536x1024.jpg 1536w, https:\/\/montec-gmbh.de\/wp-content\/uploads\/2025\/08\/DSCF4865-2048x1366.jpg 2048w\" sizes=\"(max-width: 800px) 100vw, 800px\" \/>\t\t\t\t\t\t\t\t\t\t\t\t\t\t\t<\/div>\n\t\t\t\t<\/div>\n\t\t\t\t<\/div>\n\t\t\t\t\t<\/div>\n\t\t\t\t<\/div>\n\t\t<div class=\"elementor-element elementor-element-7a25da0 e-flex e-con-boxed e-con e-parent\" data-id=\"7a25da0\" data-element_type=\"container\" data-e-type=\"container\" data-settings=\"{&quot;background_background&quot;:&quot;classic&quot;}\">\n\t\t\t\t\t<div class=\"e-con-inner\">\n\t\t\t\t<div class=\"elementor-element elementor-element-051aa9f elementor-widget elementor-widget-heading\" data-id=\"051aa9f\" data-element_type=\"widget\" data-e-type=\"widget\" data-widget_type=\"heading.default\">\n\t\t\t\t<div class=\"elementor-widget-container\">\n\t\t\t\t\t<h2 class=\"elementor-heading-title elementor-size-default\">Il nostro modo di lavorare<\/h2>\t\t\t\t<\/div>\n\t\t\t\t<\/div>\n\t\t\t\t<div class=\"elementor-element elementor-element-903e9dd elementor-widget elementor-widget-text-editor\" data-id=\"903e9dd\" data-element_type=\"widget\" data-e-type=\"widget\" data-widget_type=\"text-editor.default\">\n\t\t\t\t<div class=\"elementor-widget-container\">\n\t\t\t\t\t\t\t\t\t<p>Il nostro lavoro \u00e8 caratterizzato da una pianificazione intelligente, un utilizzo ottimale delle risorse e una gestione precisa. Una documentazione chiara e univoca \u00e8 un must. Attribuiamo grande importanza a una comunicazione aperta e onesta con i nostri clienti. Garantiamo sempre un&#8217;elevata trasparenza di ci\u00f2 che facciamo. Non promettiamo nulla che non possiamo mantenere con certezza.    <\/p>\t\t\t\t\t\t\t\t<\/div>\n\t\t\t\t<\/div>\n\t\t\t\t<div class=\"elementor-element elementor-element-0377892 elementor-align-center elementor-widget elementor-widget-button\" data-id=\"0377892\" data-element_type=\"widget\" data-e-type=\"widget\" data-widget_type=\"button.default\">\n\t\t\t\t<div class=\"elementor-widget-container\">\n\t\t\t\t\t\t\t\t\t<div class=\"elementor-button-wrapper\">\n\t\t\t\t\t<a class=\"elementor-button elementor-button-link elementor-size-lg elementor-animation-grow\" href=\"#\">\n\t\t\t\t\t\t<span class=\"elementor-button-content-wrapper\">\n\t\t\t\t\t\t\t\t\t<span class=\"elementor-button-text\">richiedi ora<\/span>\n\t\t\t\t\t<\/span>\n\t\t\t\t\t<\/a>\n\t\t\t\t<\/div>\n\t\t\t\t\t\t\t\t<\/div>\n\t\t\t\t<\/div>\n\t\t\t\t\t<\/div>\n\t\t\t\t<\/div>\n\t\t<div class=\"elementor-element elementor-element-98f221d e-flex e-con-boxed e-con e-parent\" data-id=\"98f221d\" data-element_type=\"container\" data-e-type=\"container\" data-settings=\"{&quot;background_background&quot;:&quot;classic&quot;}\">\n\t\t\t\t\t<div class=\"e-con-inner\">\n\t\t<div class=\"elementor-element elementor-element-a3aa329 e-con-full e-flex e-con e-child\" data-id=\"a3aa329\" data-element_type=\"container\" data-e-type=\"container\">\n\t\t\t\t<div class=\"elementor-element elementor-element-fc2e8f8 elementor-widget elementor-widget-heading\" data-id=\"fc2e8f8\" data-element_type=\"widget\" data-e-type=\"widget\" data-widget_type=\"heading.default\">\n\t\t\t\t<div class=\"elementor-widget-container\">\n\t\t\t\t\t<h2 class=\"elementor-heading-title elementor-size-default\">Assistenza clienti<\/h2>\t\t\t\t<\/div>\n\t\t\t\t<\/div>\n\t\t\t\t<div class=\"elementor-element elementor-element-bfc483c animated-slow elementor-invisible elementor-widget elementor-widget-heading\" data-id=\"bfc483c\" data-element_type=\"widget\" data-e-type=\"widget\" data-settings=\"{&quot;_animation&quot;:&quot;fadeIn&quot;}\" data-widget_type=\"heading.default\">\n\t\t\t\t<div class=\"elementor-widget-container\">\n\t\t\t\t\t<h2 class=\"elementor-heading-title elementor-size-default\">Logistica<\/h2>\t\t\t\t<\/div>\n\t\t\t\t<\/div>\n\t\t\t\t<div class=\"elementor-element elementor-element-14f648a elementor-widget elementor-widget-text-editor\" data-id=\"14f648a\" data-element_type=\"widget\" data-e-type=\"widget\" data-widget_type=\"text-editor.default\">\n\t\t\t\t<div class=\"elementor-widget-container\">\n\t\t\t\t\t\t\t\t\t<p>I clienti devono essere ampiamente esonerati dalle singole fasi amministrative o organizzative relative al progetto nella collaborazione con noi. Ci occupiamo anche delle &#8220;scartoffie&#8221;, come l&#8217;ottenimento di documenti doganali e autorizzazioni necessari per i trasporti nazionali o internazionali. Il nostro centro logistico di Asbach-B\u00e4umenheim garantisce la necessaria mobilit\u00e0 e tecnologia.  <\/p>\t\t\t\t\t\t\t\t<\/div>\n\t\t\t\t<\/div>\n\t\t\t\t<\/div>\n\t\t<div class=\"elementor-element elementor-element-cbb1a5a e-con-full e-flex e-con e-child\" data-id=\"cbb1a5a\" data-element_type=\"container\" data-e-type=\"container\">\n\t\t\t\t<div class=\"elementor-element elementor-element-08edfd9 elementor-widget__width-initial elementor-widget elementor-widget-image\" data-id=\"08edfd9\" data-element_type=\"widget\" data-e-type=\"widget\" data-settings=\"{&quot;motion_fx_motion_fx_scrolling&quot;:&quot;yes&quot;,&quot;motion_fx_translateY_effect&quot;:&quot;yes&quot;,&quot;motion_fx_devices&quot;:[&quot;desktop&quot;],&quot;motion_fx_translateY_speed&quot;:{&quot;unit&quot;:&quot;px&quot;,&quot;size&quot;:4,&quot;sizes&quot;:[]},&quot;motion_fx_translateY_affectedRange&quot;:{&quot;unit&quot;:&quot;%&quot;,&quot;size&quot;:&quot;&quot;,&quot;sizes&quot;:{&quot;start&quot;:0,&quot;end&quot;:100}}}\" data-widget_type=\"image.default\">\n\t\t\t\t<div class=\"elementor-widget-container\">\n\t\t\t\t\t\t\t\t\t\t\t\t\t\t\t<img decoding=\"async\" width=\"800\" height=\"534\" src=\"https:\/\/montec-gmbh.de\/wp-content\/uploads\/2025\/08\/DSCF4888-1024x683.jpg\" class=\"attachment-large size-large wp-image-728\" alt=\"\" srcset=\"https:\/\/montec-gmbh.de\/wp-content\/uploads\/2025\/08\/DSCF4888-1024x683.jpg 1024w, https:\/\/montec-gmbh.de\/wp-content\/uploads\/2025\/08\/DSCF4888-300x200.jpg 300w, https:\/\/montec-gmbh.de\/wp-content\/uploads\/2025\/08\/DSCF4888-768x512.jpg 768w, https:\/\/montec-gmbh.de\/wp-content\/uploads\/2025\/08\/DSCF4888-1536x1024.jpg 1536w, https:\/\/montec-gmbh.de\/wp-content\/uploads\/2025\/08\/DSCF4888-2048x1366.jpg 2048w\" sizes=\"(max-width: 800px) 100vw, 800px\" \/>\t\t\t\t\t\t\t\t\t\t\t\t\t\t\t<\/div>\n\t\t\t\t<\/div>\n\t\t\t\t<div class=\"elementor-element elementor-element-0691f98 elementor-widget__width-initial elementor-widget elementor-widget-image\" data-id=\"0691f98\" data-element_type=\"widget\" data-e-type=\"widget\" data-settings=\"{&quot;motion_fx_motion_fx_scrolling&quot;:&quot;yes&quot;,&quot;motion_fx_translateY_effect&quot;:&quot;yes&quot;,&quot;motion_fx_translateY_speed&quot;:{&quot;unit&quot;:&quot;px&quot;,&quot;size&quot;:1.6,&quot;sizes&quot;:[]},&quot;motion_fx_devices&quot;:[&quot;desktop&quot;],&quot;motion_fx_translateY_affectedRange&quot;:{&quot;unit&quot;:&quot;%&quot;,&quot;size&quot;:&quot;&quot;,&quot;sizes&quot;:{&quot;start&quot;:0,&quot;end&quot;:100}}}\" data-widget_type=\"image.default\">\n\t\t\t\t<div class=\"elementor-widget-container\">\n\t\t\t\t\t\t\t\t\t\t\t\t\t\t\t<img loading=\"lazy\" decoding=\"async\" width=\"800\" height=\"534\" src=\"https:\/\/montec-gmbh.de\/wp-content\/uploads\/2025\/08\/DSCF4921-1024x683.jpg\" class=\"attachment-large size-large wp-image-756\" alt=\"\" srcset=\"https:\/\/montec-gmbh.de\/wp-content\/uploads\/2025\/08\/DSCF4921-1024x683.jpg 1024w, https:\/\/montec-gmbh.de\/wp-content\/uploads\/2025\/08\/DSCF4921-300x200.jpg 300w, https:\/\/montec-gmbh.de\/wp-content\/uploads\/2025\/08\/DSCF4921-768x512.jpg 768w, https:\/\/montec-gmbh.de\/wp-content\/uploads\/2025\/08\/DSCF4921-1536x1024.jpg 1536w, https:\/\/montec-gmbh.de\/wp-content\/uploads\/2025\/08\/DSCF4921-2048x1366.jpg 2048w\" sizes=\"(max-width: 800px) 100vw, 800px\" \/>\t\t\t\t\t\t\t\t\t\t\t\t\t\t\t<\/div>\n\t\t\t\t<\/div>\n\t\t\t\t<\/div>\n\t\t\t\t\t<\/div>\n\t\t\t\t<\/div>\n\t\t\t\t<\/div>\n\t\t","protected":false},"excerpt":{"rendered":"<p>Qualit\u00e0, sicurezza e responsabilit\u00e0 Assistenzaclienti Assistenza clienti Gestire i progetti \u2013 dalla A alla Z Gestire le attivit\u00e0 in corso, avviare le fasi successive, documentare ci\u00f2 che \u00e8 stato completato: la trasparenza \u00e8 importante per noi sia nella gestione interna che esterna dei progetti. Solo chi ha tutte le informazioni a portata di mano pu\u00f2 [&hellip;]<\/p>\n","protected":false},"author":1,"featured_media":0,"parent":0,"menu_order":0,"comment_status":"closed","ping_status":"closed","template":"","meta":{"inline_featured_image":false,"footnotes":""},"class_list":["post-1676","page","type-page","status-publish","hentry"],"yoast_head":"<!-- This site is optimized with the Yoast SEO plugin v27.2 - https:\/\/yoast.com\/product\/yoast-seo-wordpress\/ -->\n<title>Assistenza clienti - Montec International<\/title>\n<meta name=\"robots\" content=\"index, follow, max-snippet:-1, max-image-preview:large, max-video-preview:-1\" \/>\n<link rel=\"canonical\" href=\"https:\/\/montec-gmbh.de\/it\/assistenza-clienti\/\" \/>\n<meta property=\"og:locale\" content=\"it_IT\" \/>\n<meta property=\"og:type\" content=\"article\" \/>\n<meta property=\"og:title\" content=\"Assistenza clienti - Montec International\" \/>\n<meta property=\"og:description\" content=\"Qualit\u00e0, sicurezza e responsabilit\u00e0 Assistenzaclienti Assistenza clienti Gestire i progetti \u2013 dalla A alla Z Gestire le attivit\u00e0 in corso, avviare le fasi successive, documentare ci\u00f2 che \u00e8 stato completato: la trasparenza \u00e8 importante per noi sia nella gestione interna che esterna dei progetti. Solo chi ha tutte le informazioni a portata di mano pu\u00f2 [&hellip;]\" \/>\n<meta property=\"og:url\" content=\"https:\/\/montec-gmbh.de\/it\/assistenza-clienti\/\" \/>\n<meta property=\"og:site_name\" content=\"Montec International\" \/>\n<meta property=\"article:modified_time\" content=\"2026-03-18T13:34:42+00:00\" \/>\n<meta property=\"og:image\" content=\"https:\/\/montec-gmbh.de\/wp-content\/uploads\/2025\/08\/DSCF4973.jpg\" \/>\n\t<meta property=\"og:image:width\" content=\"2080\" \/>\n\t<meta property=\"og:image:height\" content=\"1387\" \/>\n\t<meta property=\"og:image:type\" content=\"image\/jpeg\" \/>\n<meta name=\"twitter:card\" content=\"summary_large_image\" \/>\n<meta name=\"twitter:label1\" content=\"Tempo di lettura stimato\" \/>\n\t<meta name=\"twitter:data1\" content=\"1 minuto\" \/>\n<script type=\"application\/ld+json\" class=\"yoast-schema-graph\">{\"@context\":\"https:\/\/schema.org\",\"@graph\":[{\"@type\":\"WebPage\",\"@id\":\"https:\/\/montec-gmbh.de\/it\/assistenza-clienti\/\",\"url\":\"https:\/\/montec-gmbh.de\/it\/assistenza-clienti\/\",\"name\":\"Assistenza clienti - Montec International\",\"isPartOf\":{\"@id\":\"https:\/\/montec-gmbh.de\/en\/#website\"},\"primaryImageOfPage\":{\"@id\":\"https:\/\/montec-gmbh.de\/it\/assistenza-clienti\/#primaryimage\"},\"image\":{\"@id\":\"https:\/\/montec-gmbh.de\/it\/assistenza-clienti\/#primaryimage\"},\"thumbnailUrl\":\"https:\/\/montec-gmbh.de\/wp-content\/uploads\/2025\/08\/DSCF4973-1024x683.jpg\",\"datePublished\":\"2025-09-16T05:47:43+00:00\",\"dateModified\":\"2026-03-18T13:34:42+00:00\",\"breadcrumb\":{\"@id\":\"https:\/\/montec-gmbh.de\/it\/assistenza-clienti\/#breadcrumb\"},\"inLanguage\":\"it-IT\",\"potentialAction\":[{\"@type\":\"ReadAction\",\"target\":[\"https:\/\/montec-gmbh.de\/it\/assistenza-clienti\/\"]}]},{\"@type\":\"ImageObject\",\"inLanguage\":\"it-IT\",\"@id\":\"https:\/\/montec-gmbh.de\/it\/assistenza-clienti\/#primaryimage\",\"url\":\"https:\/\/montec-gmbh.de\/wp-content\/uploads\/2025\/08\/DSCF4973-1024x683.jpg\",\"contentUrl\":\"https:\/\/montec-gmbh.de\/wp-content\/uploads\/2025\/08\/DSCF4973-1024x683.jpg\"},{\"@type\":\"BreadcrumbList\",\"@id\":\"https:\/\/montec-gmbh.de\/it\/assistenza-clienti\/#breadcrumb\",\"itemListElement\":[{\"@type\":\"ListItem\",\"position\":1,\"name\":\"Start\",\"item\":\"https:\/\/montec-gmbh.de\/it\/montec-international\/\"},{\"@type\":\"ListItem\",\"position\":2,\"name\":\"Assistenza clienti\"}]},{\"@type\":\"WebSite\",\"@id\":\"https:\/\/montec-gmbh.de\/en\/#website\",\"url\":\"https:\/\/montec-gmbh.de\/en\/\",\"name\":\"Montec International\",\"description\":\"Industriemontagen, Schwerlastmontagen, Werksverlagerungen - MONTEC Augsburg\",\"publisher\":{\"@id\":\"https:\/\/montec-gmbh.de\/en\/#organization\"},\"potentialAction\":[{\"@type\":\"SearchAction\",\"target\":{\"@type\":\"EntryPoint\",\"urlTemplate\":\"https:\/\/montec-gmbh.de\/en\/?s={search_term_string}\"},\"query-input\":{\"@type\":\"PropertyValueSpecification\",\"valueRequired\":true,\"valueName\":\"search_term_string\"}}],\"inLanguage\":\"it-IT\"},{\"@type\":\"Organization\",\"@id\":\"https:\/\/montec-gmbh.de\/en\/#organization\",\"name\":\"Montec International\",\"url\":\"https:\/\/montec-gmbh.de\/en\/\",\"logo\":{\"@type\":\"ImageObject\",\"inLanguage\":\"it-IT\",\"@id\":\"https:\/\/montec-gmbh.de\/en\/#\/schema\/logo\/image\/\",\"url\":\"https:\/\/montec-gmbh.de\/wp-content\/uploads\/2025\/06\/Montec-international-1.png\",\"contentUrl\":\"https:\/\/montec-gmbh.de\/wp-content\/uploads\/2025\/06\/Montec-international-1.png\",\"width\":1648,\"height\":429,\"caption\":\"Montec International\"},\"image\":{\"@id\":\"https:\/\/montec-gmbh.de\/en\/#\/schema\/logo\/image\/\"}}]}<\/script>\n<!-- \/ Yoast SEO plugin. -->","yoast_head_json":{"title":"Assistenza clienti - Montec International","robots":{"index":"index","follow":"follow","max-snippet":"max-snippet:-1","max-image-preview":"max-image-preview:large","max-video-preview":"max-video-preview:-1"},"canonical":"https:\/\/montec-gmbh.de\/it\/assistenza-clienti\/","og_locale":"it_IT","og_type":"article","og_title":"Assistenza clienti - Montec International","og_description":"Qualit\u00e0, sicurezza e responsabilit\u00e0 Assistenzaclienti Assistenza clienti Gestire i progetti \u2013 dalla A alla Z Gestire le attivit\u00e0 in corso, avviare le fasi successive, documentare ci\u00f2 che \u00e8 stato completato: la trasparenza \u00e8 importante per noi sia nella gestione interna che esterna dei progetti. Solo chi ha tutte le informazioni a portata di mano pu\u00f2 [&hellip;]","og_url":"https:\/\/montec-gmbh.de\/it\/assistenza-clienti\/","og_site_name":"Montec International","article_modified_time":"2026-03-18T13:34:42+00:00","og_image":[{"width":2080,"height":1387,"url":"https:\/\/montec-gmbh.de\/wp-content\/uploads\/2025\/08\/DSCF4973.jpg","type":"image\/jpeg"}],"twitter_card":"summary_large_image","twitter_misc":{"Tempo di lettura stimato":"1 minuto"},"schema":{"@context":"https:\/\/schema.org","@graph":[{"@type":"WebPage","@id":"https:\/\/montec-gmbh.de\/it\/assistenza-clienti\/","url":"https:\/\/montec-gmbh.de\/it\/assistenza-clienti\/","name":"Assistenza clienti - Montec International","isPartOf":{"@id":"https:\/\/montec-gmbh.de\/en\/#website"},"primaryImageOfPage":{"@id":"https:\/\/montec-gmbh.de\/it\/assistenza-clienti\/#primaryimage"},"image":{"@id":"https:\/\/montec-gmbh.de\/it\/assistenza-clienti\/#primaryimage"},"thumbnailUrl":"https:\/\/montec-gmbh.de\/wp-content\/uploads\/2025\/08\/DSCF4973-1024x683.jpg","datePublished":"2025-09-16T05:47:43+00:00","dateModified":"2026-03-18T13:34:42+00:00","breadcrumb":{"@id":"https:\/\/montec-gmbh.de\/it\/assistenza-clienti\/#breadcrumb"},"inLanguage":"it-IT","potentialAction":[{"@type":"ReadAction","target":["https:\/\/montec-gmbh.de\/it\/assistenza-clienti\/"]}]},{"@type":"ImageObject","inLanguage":"it-IT","@id":"https:\/\/montec-gmbh.de\/it\/assistenza-clienti\/#primaryimage","url":"https:\/\/montec-gmbh.de\/wp-content\/uploads\/2025\/08\/DSCF4973-1024x683.jpg","contentUrl":"https:\/\/montec-gmbh.de\/wp-content\/uploads\/2025\/08\/DSCF4973-1024x683.jpg"},{"@type":"BreadcrumbList","@id":"https:\/\/montec-gmbh.de\/it\/assistenza-clienti\/#breadcrumb","itemListElement":[{"@type":"ListItem","position":1,"name":"Start","item":"https:\/\/montec-gmbh.de\/it\/montec-international\/"},{"@type":"ListItem","position":2,"name":"Assistenza clienti"}]},{"@type":"WebSite","@id":"https:\/\/montec-gmbh.de\/en\/#website","url":"https:\/\/montec-gmbh.de\/en\/","name":"Montec International","description":"Industriemontagen, Schwerlastmontagen, Werksverlagerungen - MONTEC Augsburg","publisher":{"@id":"https:\/\/montec-gmbh.de\/en\/#organization"},"potentialAction":[{"@type":"SearchAction","target":{"@type":"EntryPoint","urlTemplate":"https:\/\/montec-gmbh.de\/en\/?s={search_term_string}"},"query-input":{"@type":"PropertyValueSpecification","valueRequired":true,"valueName":"search_term_string"}}],"inLanguage":"it-IT"},{"@type":"Organization","@id":"https:\/\/montec-gmbh.de\/en\/#organization","name":"Montec International","url":"https:\/\/montec-gmbh.de\/en\/","logo":{"@type":"ImageObject","inLanguage":"it-IT","@id":"https:\/\/montec-gmbh.de\/en\/#\/schema\/logo\/image\/","url":"https:\/\/montec-gmbh.de\/wp-content\/uploads\/2025\/06\/Montec-international-1.png","contentUrl":"https:\/\/montec-gmbh.de\/wp-content\/uploads\/2025\/06\/Montec-international-1.png","width":1648,"height":429,"caption":"Montec International"},"image":{"@id":"https:\/\/montec-gmbh.de\/en\/#\/schema\/logo\/image\/"}}]}},"_links":{"self":[{"href":"https:\/\/montec-gmbh.de\/it\/wp-json\/wp\/v2\/pages\/1676","targetHints":{"allow":["GET"]}}],"collection":[{"href":"https:\/\/montec-gmbh.de\/it\/wp-json\/wp\/v2\/pages"}],"about":[{"href":"https:\/\/montec-gmbh.de\/it\/wp-json\/wp\/v2\/types\/page"}],"author":[{"embeddable":true,"href":"https:\/\/montec-gmbh.de\/it\/wp-json\/wp\/v2\/users\/1"}],"replies":[{"embeddable":true,"href":"https:\/\/montec-gmbh.de\/it\/wp-json\/wp\/v2\/comments?post=1676"}],"version-history":[{"count":1,"href":"https:\/\/montec-gmbh.de\/it\/wp-json\/wp\/v2\/pages\/1676\/revisions"}],"predecessor-version":[{"id":1679,"href":"https:\/\/montec-gmbh.de\/it\/wp-json\/wp\/v2\/pages\/1676\/revisions\/1679"}],"wp:attachment":[{"href":"https:\/\/montec-gmbh.de\/it\/wp-json\/wp\/v2\/media?parent=1676"}],"curies":[{"name":"wp","href":"https:\/\/api.w.org\/{rel}","templated":true}]}}