{"id":1630,"date":"2025-08-07T14:50:43","date_gmt":"2025-08-07T12:50:43","guid":{"rendered":"https:\/\/montec.diemayrei.de\/attualita\/"},"modified":"2025-11-06T15:15:28","modified_gmt":"2025-11-06T14:15:28","slug":"attualita","status":"publish","type":"page","link":"https:\/\/montec-gmbh.de\/it\/attualita\/","title":{"rendered":"Attualit\u00e0"},"content":{"rendered":"\t\t<div data-elementor-type=\"wp-page\" data-elementor-id=\"1630\" class=\"elementor elementor-1630 elementor-863\" data-elementor-post-type=\"page\">\n\t\t\t\t<div class=\"elementor-element elementor-element-e2b2a87 e-flex e-con-boxed e-con e-parent\" data-id=\"e2b2a87\" data-element_type=\"container\" data-e-type=\"container\" data-settings=\"{&quot;background_background&quot;:&quot;slideshow&quot;,&quot;background_slideshow_gallery&quot;:[{&quot;id&quot;:721,&quot;url&quot;:&quot;https:\\\/\\\/montec-gmbh.de\\\/wp-content\\\/uploads\\\/2025\\\/08\\\/DSCF4881.jpg&quot;},{&quot;id&quot;:745,&quot;url&quot;:&quot;https:\\\/\\\/montec-gmbh.de\\\/wp-content\\\/uploads\\\/2025\\\/08\\\/DSCF4917.jpg&quot;},{&quot;id&quot;:697,&quot;url&quot;:&quot;https:\\\/\\\/montec-gmbh.de\\\/wp-content\\\/uploads\\\/2025\\\/08\\\/DSCF4783.jpg&quot;},{&quot;id&quot;:725,&quot;url&quot;:&quot;https:\\\/\\\/montec-gmbh.de\\\/wp-content\\\/uploads\\\/2025\\\/08\\\/DSCF4888.jpg&quot;},{&quot;id&quot;:705,&quot;url&quot;:&quot;https:\\\/\\\/montec-gmbh.de\\\/wp-content\\\/uploads\\\/2025\\\/08\\\/DSCF4822.jpg&quot;}],&quot;background_slideshow_ken_burns&quot;:&quot;yes&quot;,&quot;background_slideshow_loop&quot;:&quot;yes&quot;,&quot;background_slideshow_slide_duration&quot;:5000,&quot;background_slideshow_slide_transition&quot;:&quot;fade&quot;,&quot;background_slideshow_transition_duration&quot;:500,&quot;background_slideshow_ken_burns_zoom_direction&quot;:&quot;in&quot;}\">\n\t\t\t\t\t<div class=\"e-con-inner\">\n\t\t\t\t<div class=\"elementor-element elementor-element-0d11a12 elementor-widget elementor-widget-heading\" data-id=\"0d11a12\" data-element_type=\"widget\" data-e-type=\"widget\" data-widget_type=\"heading.default\">\n\t\t\t\t<div class=\"elementor-widget-container\">\n\t\t\t\t\t<h2 class=\"elementor-heading-title elementor-size-default\">Oltre 30 anni di esperienza<\/h2>\t\t\t\t<\/div>\n\t\t\t\t<\/div>\n\t\t\t\t<div class=\"elementor-element elementor-element-69354b0 animated-fast elementor-invisible elementor-widget elementor-widget-heading\" data-id=\"69354b0\" data-element_type=\"widget\" data-e-type=\"widget\" data-settings=\"{&quot;_animation&quot;:&quot;slideInUp&quot;}\" data-widget_type=\"heading.default\">\n\t\t\t\t<div class=\"elementor-widget-container\">\n\t\t\t\t\t<h1 class=\"elementor-heading-title elementor-size-default\">Attualit\u00e0<\/h1>\t\t\t\t<\/div>\n\t\t\t\t<\/div>\n\t\t\t\t\t<\/div>\n\t\t\t\t<\/div>\n\t\t<div class=\"elementor-element elementor-element-f52d239 e-flex e-con-boxed e-con e-parent\" data-id=\"f52d239\" data-element_type=\"container\" data-e-type=\"container\" data-settings=\"{&quot;background_background&quot;:&quot;classic&quot;}\">\n\t\t\t\t\t<div class=\"e-con-inner\">\n\t\t<div class=\"elementor-element elementor-element-c426182 e-con-full e-flex e-con e-child\" data-id=\"c426182\" data-element_type=\"container\" data-e-type=\"container\">\n\t\t\t\t<div class=\"elementor-element elementor-element-7b66dbe elementor-widget elementor-widget-heading\" data-id=\"7b66dbe\" data-element_type=\"widget\" data-e-type=\"widget\" data-widget_type=\"heading.default\">\n\t\t\t\t<div class=\"elementor-widget-container\">\n\t\t\t\t\t<h2 class=\"elementor-heading-title elementor-size-default\">Novit\u00e0, progetti e approfondimenti dalla nostra quotidianit\u00e0<\/h2>\t\t\t\t<\/div>\n\t\t\t\t<\/div>\n\t\t\t\t<div class=\"elementor-element elementor-element-786097b elementor-grid-tablet-1 elementor-grid-3 elementor-grid-mobile-1 elementor-posts--thumbnail-top elementor-widget elementor-widget-posts\" data-id=\"786097b\" data-element_type=\"widget\" data-e-type=\"widget\" data-settings=\"{&quot;classic_columns_tablet&quot;:&quot;1&quot;,&quot;classic_masonry&quot;:&quot;yes&quot;,&quot;classic_row_gap&quot;:{&quot;unit&quot;:&quot;px&quot;,&quot;size&quot;:40,&quot;sizes&quot;:[]},&quot;classic_columns&quot;:&quot;3&quot;,&quot;classic_columns_mobile&quot;:&quot;1&quot;,&quot;classic_row_gap_tablet&quot;:{&quot;unit&quot;:&quot;px&quot;,&quot;size&quot;:&quot;&quot;,&quot;sizes&quot;:[]},&quot;classic_row_gap_mobile&quot;:{&quot;unit&quot;:&quot;px&quot;,&quot;size&quot;:&quot;&quot;,&quot;sizes&quot;:[]}}\" data-widget_type=\"posts.classic\">\n\t\t\t\t<div class=\"elementor-widget-container\">\n\t\t\t\t\t\t\t<div class=\"elementor-posts-container elementor-posts elementor-posts--skin-classic elementor-grid\" role=\"list\">\n\t\t\t\t<article class=\"elementor-post elementor-grid-item post-1718 post type-post status-publish format-standard has-post-thumbnail hentry category-senza-categoria\" role=\"listitem\">\n\t\t\t\t<a class=\"elementor-post__thumbnail__link\" href=\"https:\/\/montec-gmbh.de\/it\/2025\/10\/14\/montec-organizza-un-safety-day-di-successo-per-tutti-i-dipendenti\/\" tabindex=\"-1\" >\n\t\t\t<div class=\"elementor-post__thumbnail\"><img fetchpriority=\"high\" decoding=\"async\" width=\"1536\" height=\"1024\" src=\"https:\/\/montec-gmbh.de\/wp-content\/uploads\/2025\/10\/DSCF7350-1536x1024.jpg\" class=\"attachment-1536x1536 size-1536x1536 wp-image-1719\" alt=\"\" srcset=\"https:\/\/montec-gmbh.de\/wp-content\/uploads\/2025\/10\/DSCF7350-1536x1024.jpg 1536w, https:\/\/montec-gmbh.de\/wp-content\/uploads\/2025\/10\/DSCF7350-300x200.jpg 300w, https:\/\/montec-gmbh.de\/wp-content\/uploads\/2025\/10\/DSCF7350-1024x683.jpg 1024w, https:\/\/montec-gmbh.de\/wp-content\/uploads\/2025\/10\/DSCF7350-768x512.jpg 768w, https:\/\/montec-gmbh.de\/wp-content\/uploads\/2025\/10\/DSCF7350-2048x1365.jpg 2048w\" sizes=\"(max-width: 1536px) 100vw, 1536px\" \/><\/div>\n\t\t<\/a>\n\t\t\t\t<div class=\"elementor-post__text\">\n\t\t\t\t<h3 class=\"elementor-post__title\">\n\t\t\t<a href=\"https:\/\/montec-gmbh.de\/it\/2025\/10\/14\/montec-organizza-un-safety-day-di-successo-per-tutti-i-dipendenti\/\" >\n\t\t\t\tMONTEC organizza un Safety Day di successo per tutti i dipendenti\t\t\t<\/a>\n\t\t<\/h3>\n\t\t\t\t<div class=\"elementor-post__excerpt\">\n\t\t\t<p>La sicurezza prima di tutto! Con questo motto, l&#8217;11 ottobre 2025 abbiamo organizzato il nostro primo Safety Day. L&#8217;obiettivo dell&#8217;evento era rafforzare la consapevolezza sulla sicurezza sul lavoro e formare<\/p>\n\t\t<\/div>\n\t\t\n\t\t<a class=\"elementor-post__read-more\" href=\"https:\/\/montec-gmbh.de\/it\/2025\/10\/14\/montec-organizza-un-safety-day-di-successo-per-tutti-i-dipendenti\/\" aria-label=\"Leggi tutto MONTEC organizza un Safety Day di successo per tutti i dipendenti\" tabindex=\"-1\" >\n\t\t\tContinua a leggere \u00bb\t\t<\/a>\n\n\t\t\t\t<\/div>\n\t\t\t\t<\/article>\n\t\t\t\t<article class=\"elementor-post elementor-grid-item post-1631 post type-post status-publish format-standard has-post-thumbnail hentry category-novita\" role=\"listitem\">\n\t\t\t\t<a class=\"elementor-post__thumbnail__link\" href=\"https:\/\/montec-gmbh.de\/it\/2025\/10\/14\/nuova-gru-cingolata-palfinger-nel-parco-mezzi\/\" tabindex=\"-1\" >\n\t\t\t<div class=\"elementor-post__thumbnail\"><img decoding=\"async\" width=\"1536\" height=\"1024\" src=\"https:\/\/montec-gmbh.de\/wp-content\/uploads\/2025\/09\/DSCF6313-1536x1024.jpg\" class=\"attachment-1536x1536 size-1536x1536 wp-image-1602\" alt=\"\" srcset=\"https:\/\/montec-gmbh.de\/wp-content\/uploads\/2025\/09\/DSCF6313-1536x1024.jpg 1536w, https:\/\/montec-gmbh.de\/wp-content\/uploads\/2025\/09\/DSCF6313-300x200.jpg 300w, https:\/\/montec-gmbh.de\/wp-content\/uploads\/2025\/09\/DSCF6313-1024x683.jpg 1024w, https:\/\/montec-gmbh.de\/wp-content\/uploads\/2025\/09\/DSCF6313-768x512.jpg 768w, https:\/\/montec-gmbh.de\/wp-content\/uploads\/2025\/09\/DSCF6313-2048x1366.jpg 2048w\" sizes=\"(max-width: 1536px) 100vw, 1536px\" \/><\/div>\n\t\t<\/a>\n\t\t\t\t<div class=\"elementor-post__text\">\n\t\t\t\t<h3 class=\"elementor-post__title\">\n\t\t\t<a href=\"https:\/\/montec-gmbh.de\/it\/2025\/10\/14\/nuova-gru-cingolata-palfinger-nel-parco-mezzi\/\" >\n\t\t\t\tNuova gru cingolata Palfinger nel parco mezzi\t\t\t<\/a>\n\t\t<\/h3>\n\t\t\t\t<div class=\"elementor-post__excerpt\">\n\t\t\t<p>MONTEC investe nella pi\u00f9 moderna tecnologia di gru \u2013 Nuova gru cingolata Palfinger PCC115.002 nel parco mezzi MONTEC continua a puntare su innovazione e prestazioni. Con l&#8217;investimento nella gru cingolata<\/p>\n\t\t<\/div>\n\t\t\n\t\t<a class=\"elementor-post__read-more\" href=\"https:\/\/montec-gmbh.de\/it\/2025\/10\/14\/nuova-gru-cingolata-palfinger-nel-parco-mezzi\/\" aria-label=\"Leggi tutto Nuova gru cingolata Palfinger nel parco mezzi\" tabindex=\"-1\" >\n\t\t\tContinua a leggere \u00bb\t\t<\/a>\n\n\t\t\t\t<\/div>\n\t\t\t\t<\/article>\n\t\t\t\t<\/div>\n\t\t\n\t\t\t\t\t\t<\/div>\n\t\t\t\t<\/div>\n\t\t\t\t<\/div>\n\t\t\t\t\t<\/div>\n\t\t\t\t<\/div>\n\t\t\t\t<\/div>\n\t\t","protected":false},"excerpt":{"rendered":"<p>Oltre 30 anni di esperienza Attualit\u00e0 Novit\u00e0, progetti e approfondimenti dalla nostra quotidianit\u00e0<\/p>\n","protected":false},"author":1,"featured_media":0,"parent":0,"menu_order":0,"comment_status":"closed","ping_status":"closed","template":"","meta":{"inline_featured_image":false,"footnotes":""},"class_list":["post-1630","page","type-page","status-publish","hentry"],"yoast_head":"<!-- This site is optimized with the Yoast SEO plugin v27.2 - https:\/\/yoast.com\/product\/yoast-seo-wordpress\/ -->\n<title>Attualit\u00e0 - Montec International<\/title>\n<meta name=\"robots\" content=\"index, follow, max-snippet:-1, max-image-preview:large, max-video-preview:-1\" \/>\n<link rel=\"canonical\" href=\"https:\/\/montec-gmbh.de\/it\/attualita\/\" \/>\n<meta property=\"og:locale\" content=\"it_IT\" \/>\n<meta property=\"og:type\" content=\"article\" \/>\n<meta property=\"og:title\" content=\"Attualit\u00e0 - Montec International\" \/>\n<meta property=\"og:description\" content=\"Oltre 30 anni di esperienza Attualit\u00e0 Novit\u00e0, progetti e approfondimenti dalla nostra quotidianit\u00e0\" \/>\n<meta property=\"og:url\" content=\"https:\/\/montec-gmbh.de\/it\/attualita\/\" \/>\n<meta property=\"og:site_name\" content=\"Montec International\" \/>\n<meta property=\"article:modified_time\" content=\"2025-11-06T14:15:28+00:00\" \/>\n<meta name=\"twitter:card\" content=\"summary_large_image\" \/>\n<script type=\"application\/ld+json\" class=\"yoast-schema-graph\">{\"@context\":\"https:\/\/schema.org\",\"@graph\":[{\"@type\":\"WebPage\",\"@id\":\"https:\/\/montec-gmbh.de\/it\/attualita\/\",\"url\":\"https:\/\/montec-gmbh.de\/it\/attualita\/\",\"name\":\"Attualit\u00e0 - Montec International\",\"isPartOf\":{\"@id\":\"https:\/\/montec-gmbh.de\/en\/#website\"},\"datePublished\":\"2025-08-07T12:50:43+00:00\",\"dateModified\":\"2025-11-06T14:15:28+00:00\",\"breadcrumb\":{\"@id\":\"https:\/\/montec-gmbh.de\/it\/attualita\/#breadcrumb\"},\"inLanguage\":\"it-IT\",\"potentialAction\":[{\"@type\":\"ReadAction\",\"target\":[\"https:\/\/montec-gmbh.de\/it\/attualita\/\"]}]},{\"@type\":\"BreadcrumbList\",\"@id\":\"https:\/\/montec-gmbh.de\/it\/attualita\/#breadcrumb\",\"itemListElement\":[{\"@type\":\"ListItem\",\"position\":1,\"name\":\"Start\",\"item\":\"https:\/\/montec-gmbh.de\/it\/montec-international\/\"},{\"@type\":\"ListItem\",\"position\":2,\"name\":\"Attualit\u00e0\"}]},{\"@type\":\"WebSite\",\"@id\":\"https:\/\/montec-gmbh.de\/en\/#website\",\"url\":\"https:\/\/montec-gmbh.de\/en\/\",\"name\":\"Montec International\",\"description\":\"Industriemontagen, Schwerlastmontagen, Werksverlagerungen - MONTEC Augsburg\",\"publisher\":{\"@id\":\"https:\/\/montec-gmbh.de\/en\/#organization\"},\"potentialAction\":[{\"@type\":\"SearchAction\",\"target\":{\"@type\":\"EntryPoint\",\"urlTemplate\":\"https:\/\/montec-gmbh.de\/en\/?s={search_term_string}\"},\"query-input\":{\"@type\":\"PropertyValueSpecification\",\"valueRequired\":true,\"valueName\":\"search_term_string\"}}],\"inLanguage\":\"it-IT\"},{\"@type\":\"Organization\",\"@id\":\"https:\/\/montec-gmbh.de\/en\/#organization\",\"name\":\"Montec International\",\"url\":\"https:\/\/montec-gmbh.de\/en\/\",\"logo\":{\"@type\":\"ImageObject\",\"inLanguage\":\"it-IT\",\"@id\":\"https:\/\/montec-gmbh.de\/en\/#\/schema\/logo\/image\/\",\"url\":\"https:\/\/montec-gmbh.de\/wp-content\/uploads\/2025\/06\/Montec-international-1.png\",\"contentUrl\":\"https:\/\/montec-gmbh.de\/wp-content\/uploads\/2025\/06\/Montec-international-1.png\",\"width\":1648,\"height\":429,\"caption\":\"Montec International\"},\"image\":{\"@id\":\"https:\/\/montec-gmbh.de\/en\/#\/schema\/logo\/image\/\"}}]}<\/script>\n<!-- \/ Yoast SEO plugin. -->","yoast_head_json":{"title":"Attualit\u00e0 - Montec International","robots":{"index":"index","follow":"follow","max-snippet":"max-snippet:-1","max-image-preview":"max-image-preview:large","max-video-preview":"max-video-preview:-1"},"canonical":"https:\/\/montec-gmbh.de\/it\/attualita\/","og_locale":"it_IT","og_type":"article","og_title":"Attualit\u00e0 - Montec International","og_description":"Oltre 30 anni di esperienza Attualit\u00e0 Novit\u00e0, progetti e approfondimenti dalla nostra quotidianit\u00e0","og_url":"https:\/\/montec-gmbh.de\/it\/attualita\/","og_site_name":"Montec International","article_modified_time":"2025-11-06T14:15:28+00:00","twitter_card":"summary_large_image","schema":{"@context":"https:\/\/schema.org","@graph":[{"@type":"WebPage","@id":"https:\/\/montec-gmbh.de\/it\/attualita\/","url":"https:\/\/montec-gmbh.de\/it\/attualita\/","name":"Attualit\u00e0 - Montec International","isPartOf":{"@id":"https:\/\/montec-gmbh.de\/en\/#website"},"datePublished":"2025-08-07T12:50:43+00:00","dateModified":"2025-11-06T14:15:28+00:00","breadcrumb":{"@id":"https:\/\/montec-gmbh.de\/it\/attualita\/#breadcrumb"},"inLanguage":"it-IT","potentialAction":[{"@type":"ReadAction","target":["https:\/\/montec-gmbh.de\/it\/attualita\/"]}]},{"@type":"BreadcrumbList","@id":"https:\/\/montec-gmbh.de\/it\/attualita\/#breadcrumb","itemListElement":[{"@type":"ListItem","position":1,"name":"Start","item":"https:\/\/montec-gmbh.de\/it\/montec-international\/"},{"@type":"ListItem","position":2,"name":"Attualit\u00e0"}]},{"@type":"WebSite","@id":"https:\/\/montec-gmbh.de\/en\/#website","url":"https:\/\/montec-gmbh.de\/en\/","name":"Montec International","description":"Industriemontagen, Schwerlastmontagen, Werksverlagerungen - MONTEC Augsburg","publisher":{"@id":"https:\/\/montec-gmbh.de\/en\/#organization"},"potentialAction":[{"@type":"SearchAction","target":{"@type":"EntryPoint","urlTemplate":"https:\/\/montec-gmbh.de\/en\/?s={search_term_string}"},"query-input":{"@type":"PropertyValueSpecification","valueRequired":true,"valueName":"search_term_string"}}],"inLanguage":"it-IT"},{"@type":"Organization","@id":"https:\/\/montec-gmbh.de\/en\/#organization","name":"Montec International","url":"https:\/\/montec-gmbh.de\/en\/","logo":{"@type":"ImageObject","inLanguage":"it-IT","@id":"https:\/\/montec-gmbh.de\/en\/#\/schema\/logo\/image\/","url":"https:\/\/montec-gmbh.de\/wp-content\/uploads\/2025\/06\/Montec-international-1.png","contentUrl":"https:\/\/montec-gmbh.de\/wp-content\/uploads\/2025\/06\/Montec-international-1.png","width":1648,"height":429,"caption":"Montec International"},"image":{"@id":"https:\/\/montec-gmbh.de\/en\/#\/schema\/logo\/image\/"}}]}},"_links":{"self":[{"href":"https:\/\/montec-gmbh.de\/it\/wp-json\/wp\/v2\/pages\/1630","targetHints":{"allow":["GET"]}}],"collection":[{"href":"https:\/\/montec-gmbh.de\/it\/wp-json\/wp\/v2\/pages"}],"about":[{"href":"https:\/\/montec-gmbh.de\/it\/wp-json\/wp\/v2\/types\/page"}],"author":[{"embeddable":true,"href":"https:\/\/montec-gmbh.de\/it\/wp-json\/wp\/v2\/users\/1"}],"replies":[{"embeddable":true,"href":"https:\/\/montec-gmbh.de\/it\/wp-json\/wp\/v2\/comments?post=1630"}],"version-history":[{"count":1,"href":"https:\/\/montec-gmbh.de\/it\/wp-json\/wp\/v2\/pages\/1630\/revisions"}],"predecessor-version":[{"id":1632,"href":"https:\/\/montec-gmbh.de\/it\/wp-json\/wp\/v2\/pages\/1630\/revisions\/1632"}],"wp:attachment":[{"href":"https:\/\/montec-gmbh.de\/it\/wp-json\/wp\/v2\/media?parent=1630"}],"curies":[{"name":"wp","href":"https:\/\/api.w.org\/{rel}","templated":true}]}}