{"id":1755,"date":"2025-09-17T09:21:00","date_gmt":"2025-09-17T07:21:00","guid":{"rendered":"https:\/\/montec.diemayrei.de\/certifications\/"},"modified":"2026-01-21T11:07:52","modified_gmt":"2026-01-21T10:07:52","slug":"certifications","status":"publish","type":"page","link":"https:\/\/montec-gmbh.de\/fr\/certifications\/","title":{"rendered":"Certifications"},"content":{"rendered":"\t\t<div data-elementor-type=\"wp-page\" data-elementor-id=\"1755\" class=\"elementor elementor-1755 elementor-1158\" data-elementor-post-type=\"page\">\n\t\t\t\t<div class=\"elementor-element elementor-element-621c90e e-flex e-con-boxed e-con e-parent\" data-id=\"621c90e\" data-element_type=\"container\" data-e-type=\"container\" data-settings=\"{&quot;background_background&quot;:&quot;slideshow&quot;,&quot;background_slideshow_gallery&quot;:[{&quot;id&quot;:2050,&quot;url&quot;:&quot;https:\\\/\\\/montec-gmbh.de\\\/wp-content\\\/uploads\\\/2025\\\/09\\\/DSCF5983-scaled.jpg&quot;}],&quot;background_slideshow_ken_burns&quot;:&quot;yes&quot;,&quot;background_slideshow_loop&quot;:&quot;yes&quot;,&quot;background_slideshow_slide_duration&quot;:5000,&quot;background_slideshow_slide_transition&quot;:&quot;fade&quot;,&quot;background_slideshow_transition_duration&quot;:500,&quot;background_slideshow_ken_burns_zoom_direction&quot;:&quot;in&quot;}\">\n\t\t\t\t\t<div class=\"e-con-inner\">\n\t\t\t\t<div class=\"elementor-element elementor-element-e5dfade elementor-widget elementor-widget-heading\" data-id=\"e5dfade\" data-element_type=\"widget\" data-e-type=\"widget\" data-widget_type=\"heading.default\">\n\t\t\t\t<div class=\"elementor-widget-container\">\n\t\t\t\t\t<h2 class=\"elementor-heading-title elementor-size-default\">Qualit\u00e9, s\u00e9curit\u00e9 et responsabilit\u00e9<\/h2>\t\t\t\t<\/div>\n\t\t\t\t<\/div>\n\t\t\t\t<div class=\"elementor-element elementor-element-bab5087 animated-fast elementor-invisible elementor-widget elementor-widget-heading\" data-id=\"bab5087\" data-element_type=\"widget\" data-e-type=\"widget\" data-settings=\"{&quot;_animation&quot;:&quot;slideInUp&quot;}\" data-widget_type=\"heading.default\">\n\t\t\t\t<div class=\"elementor-widget-container\">\n\t\t\t\t\t<h1 class=\"elementor-heading-title elementor-size-default\">Nos <br>certifications<\/h1>\t\t\t\t<\/div>\n\t\t\t\t<\/div>\n\t\t\t\t\t<\/div>\n\t\t\t\t<\/div>\n\t\t<div class=\"elementor-element elementor-element-d8b47d2 e-flex e-con-boxed e-con e-parent\" data-id=\"d8b47d2\" data-element_type=\"container\" data-e-type=\"container\" data-settings=\"{&quot;background_background&quot;:&quot;classic&quot;}\">\n\t\t\t\t\t<div class=\"e-con-inner\">\n\t\t<div class=\"elementor-element elementor-element-7ccc3da e-con-full e-flex e-con e-child\" data-id=\"7ccc3da\" data-element_type=\"container\" data-e-type=\"container\">\n\t\t\t\t<div class=\"elementor-element elementor-element-17bbab6 elementor-widget elementor-widget-heading\" data-id=\"17bbab6\" data-element_type=\"widget\" data-e-type=\"widget\" data-widget_type=\"heading.default\">\n\t\t\t\t<div class=\"elementor-widget-container\">\n\t\t\t\t\t<h2 class=\"elementor-heading-title elementor-size-default\">Certifications<\/h2>\t\t\t\t<\/div>\n\t\t\t\t<\/div>\n\t\t\t\t<div class=\"elementor-element elementor-element-892a15c animated-slow elementor-invisible elementor-widget elementor-widget-heading\" data-id=\"892a15c\" data-element_type=\"widget\" data-e-type=\"widget\" data-settings=\"{&quot;_animation&quot;:&quot;fadeIn&quot;}\" data-widget_type=\"heading.default\">\n\t\t\t\t<div class=\"elementor-widget-container\">\n\t\t\t\t\t<h2 class=\"elementor-heading-title elementor-size-default\">Nos certifications ne sont pas que des preuves \u2013 elles sont notre promesse envers nos clients, partenaires et employ\u00e9s&nbsp;!<\/h2>\t\t\t\t<\/div>\n\t\t\t\t<\/div>\n\t\t\t\t<div class=\"elementor-element elementor-element-3013dfa elementor-widget elementor-widget-text-editor\" data-id=\"3013dfa\" data-element_type=\"widget\" data-e-type=\"widget\" data-widget_type=\"text-editor.default\">\n\t\t\t\t<div class=\"elementor-widget-container\">\n\t\t\t\t\t\t\t\t\t<p>Nos certifications \u2013 Qualit\u00e9, s\u00e9curit\u00e9 et responsabilit\u00e9<br>Notre entreprise est synonyme des normes les plus \u00e9lev\u00e9es en mati\u00e8re de qualit\u00e9, de s\u00e9curit\u00e9 au travail et de protection de l\u2019environnement. Nos certifications reconnues en t\u00e9moignent&nbsp;: <\/p>\t\t\t\t\t\t\t\t<\/div>\n\t\t\t\t<\/div>\n\t\t\t\t<div class=\"elementor-element elementor-element-ad014e6 elementor-widget elementor-widget-text-editor\" data-id=\"ad014e6\" data-element_type=\"widget\" data-e-type=\"widget\" data-widget_type=\"text-editor.default\">\n\t\t\t\t<div class=\"elementor-widget-container\">\n\t\t\t\t\t\t\t\t\t<p><strong>ISO 9001 \u2013 Management de la qualit\u00e9<\/strong><br>Cette norme de renomm\u00e9e internationale confirme notre management structur\u00e9 de la qualit\u00e9 et notre qu\u00eate permanente d\u2019am\u00e9lioration \u2013 pour des processus optimaux et une satisfaction client maximale.<\/p>\n<p><strong>ISO 45001 \u2013 S\u00e9curit\u00e9 et sant\u00e9 au travail<\/strong><br>Avec cette certification, nous envoyons un signal fort en faveur de lieux de travail s\u00fbrs et de la protection de nos employ\u00e9s. La pr\u00e9vention et les concepts de s\u00e9curit\u00e9 durables sont notre priorit\u00e9 absolue. <\/p>\n<p><strong>Certificat WHG selon la loi sur la gestion de l\u2019eau<\/strong><\/p>\n<p>En tant qu\u2019entreprise sp\u00e9cialis\u00e9e selon WHG, nous sommes qualifi\u00e9s pour manipuler correctement les substances dangereuses pour l\u2019eau. Nous apportons ainsi une contribution active \u00e0 la protection de l\u2019environnement et des eaux. <\/p>\n<p><strong>Technique de chevilles et de fixation<\/strong><br>Nos sp\u00e9cialistes qualifi\u00e9s sont certifi\u00e9s pour l\u2019utilisation de la technique de chevilles HILTI. Nous garantissons ainsi des solutions de fixation s\u00fbres et conformes aux normes \u2013 m\u00eame dans les conditions les plus exigeantes. <\/p>\n<p><strong>Syst\u00e8mes de rayonnage<\/strong> <br>L&rsquo;inspection et le contr\u00f4le des syst\u00e8mes de rayonnage selon la norme DIN EN ISO 15635 font \u00e9galement partie de notre quotidien. Qu&rsquo;il s&rsquo;agisse d&rsquo;une installation existante ou apr\u00e8s un d\u00e9m\u00e9nagement r\u00e9alis\u00e9 dans les r\u00e8gles de l&rsquo;art, nous prenons en charge le contr\u00f4le de vos syst\u00e8mes de stockage et vous remettons un rayonnage s\u00fbr et conforme.  <\/p>\t\t\t\t\t\t\t\t<\/div>\n\t\t\t\t<\/div>\n\t\t\t\t<\/div>\n\t\t\t\t\t<\/div>\n\t\t\t\t<\/div>\n\t\t\t\t<\/div>\n\t\t","protected":false},"excerpt":{"rendered":"<p>Qualit\u00e9, s\u00e9curit\u00e9 et responsabilit\u00e9 Nos certifications Certifications Nos certifications ne sont pas que des preuves \u2013 elles sont notre promesse envers nos clients, partenaires et employ\u00e9s&nbsp;! Nos certifications \u2013 Qualit\u00e9, s\u00e9curit\u00e9 et responsabilit\u00e9Notre entreprise est synonyme des normes les plus \u00e9lev\u00e9es en mati\u00e8re de qualit\u00e9, de s\u00e9curit\u00e9 au travail et de protection de l\u2019environnement. Nos [&hellip;]<\/p>\n","protected":false},"author":1,"featured_media":0,"parent":0,"menu_order":0,"comment_status":"closed","ping_status":"closed","template":"","meta":{"inline_featured_image":false,"footnotes":""},"class_list":["post-1755","page","type-page","status-publish","hentry"],"yoast_head":"<!-- This site is optimized with the Yoast SEO plugin v27.2 - https:\/\/yoast.com\/product\/yoast-seo-wordpress\/ -->\n<title>Certifications - Montec International<\/title>\n<meta name=\"robots\" content=\"index, follow, max-snippet:-1, max-image-preview:large, max-video-preview:-1\" \/>\n<link rel=\"canonical\" href=\"https:\/\/montec-gmbh.de\/fr\/certifications\/\" \/>\n<meta property=\"og:locale\" content=\"fr_FR\" \/>\n<meta property=\"og:type\" content=\"article\" \/>\n<meta property=\"og:title\" content=\"Certifications - Montec International\" \/>\n<meta property=\"og:description\" content=\"Qualit\u00e9, s\u00e9curit\u00e9 et responsabilit\u00e9 Nos certifications Certifications Nos certifications ne sont pas que des preuves \u2013 elles sont notre promesse envers nos clients, partenaires et employ\u00e9s&nbsp;! Nos certifications \u2013 Qualit\u00e9, s\u00e9curit\u00e9 et responsabilit\u00e9Notre entreprise est synonyme des normes les plus \u00e9lev\u00e9es en mati\u00e8re de qualit\u00e9, de s\u00e9curit\u00e9 au travail et de protection de l\u2019environnement. Nos [&hellip;]\" \/>\n<meta property=\"og:url\" content=\"https:\/\/montec-gmbh.de\/fr\/certifications\/\" \/>\n<meta property=\"og:site_name\" content=\"Montec International\" \/>\n<meta property=\"article:modified_time\" content=\"2026-01-21T10:07:52+00:00\" \/>\n<meta name=\"twitter:card\" content=\"summary_large_image\" \/>\n<meta name=\"twitter:label1\" content=\"Dur\u00e9e de lecture estim\u00e9e\" \/>\n\t<meta name=\"twitter:data1\" content=\"2 minutes\" \/>\n<script type=\"application\/ld+json\" class=\"yoast-schema-graph\">{\"@context\":\"https:\/\/schema.org\",\"@graph\":[{\"@type\":\"WebPage\",\"@id\":\"https:\/\/montec-gmbh.de\/fr\/certifications\/\",\"url\":\"https:\/\/montec-gmbh.de\/fr\/certifications\/\",\"name\":\"Certifications - Montec International\",\"isPartOf\":{\"@id\":\"https:\/\/montec-gmbh.de\/en\/#website\"},\"datePublished\":\"2025-09-17T07:21:00+00:00\",\"dateModified\":\"2026-01-21T10:07:52+00:00\",\"breadcrumb\":{\"@id\":\"https:\/\/montec-gmbh.de\/fr\/certifications\/#breadcrumb\"},\"inLanguage\":\"fr-FR\",\"potentialAction\":[{\"@type\":\"ReadAction\",\"target\":[\"https:\/\/montec-gmbh.de\/fr\/certifications\/\"]}]},{\"@type\":\"BreadcrumbList\",\"@id\":\"https:\/\/montec-gmbh.de\/fr\/certifications\/#breadcrumb\",\"itemListElement\":[{\"@type\":\"ListItem\",\"position\":1,\"name\":\"Start\",\"item\":\"https:\/\/montec-gmbh.de\/fr\/montec-international\/\"},{\"@type\":\"ListItem\",\"position\":2,\"name\":\"Certifications\"}]},{\"@type\":\"WebSite\",\"@id\":\"https:\/\/montec-gmbh.de\/en\/#website\",\"url\":\"https:\/\/montec-gmbh.de\/en\/\",\"name\":\"Montec International\",\"description\":\"Industriemontagen, Schwerlastmontagen, Werksverlagerungen - MONTEC Augsburg\",\"publisher\":{\"@id\":\"https:\/\/montec-gmbh.de\/en\/#organization\"},\"potentialAction\":[{\"@type\":\"SearchAction\",\"target\":{\"@type\":\"EntryPoint\",\"urlTemplate\":\"https:\/\/montec-gmbh.de\/en\/?s={search_term_string}\"},\"query-input\":{\"@type\":\"PropertyValueSpecification\",\"valueRequired\":true,\"valueName\":\"search_term_string\"}}],\"inLanguage\":\"fr-FR\"},{\"@type\":\"Organization\",\"@id\":\"https:\/\/montec-gmbh.de\/en\/#organization\",\"name\":\"Montec International\",\"url\":\"https:\/\/montec-gmbh.de\/en\/\",\"logo\":{\"@type\":\"ImageObject\",\"inLanguage\":\"fr-FR\",\"@id\":\"https:\/\/montec-gmbh.de\/en\/#\/schema\/logo\/image\/\",\"url\":\"https:\/\/montec-gmbh.de\/wp-content\/uploads\/2025\/06\/Montec-international-1.png\",\"contentUrl\":\"https:\/\/montec-gmbh.de\/wp-content\/uploads\/2025\/06\/Montec-international-1.png\",\"width\":1648,\"height\":429,\"caption\":\"Montec International\"},\"image\":{\"@id\":\"https:\/\/montec-gmbh.de\/en\/#\/schema\/logo\/image\/\"}}]}<\/script>\n<!-- \/ Yoast SEO plugin. -->","yoast_head_json":{"title":"Certifications - Montec International","robots":{"index":"index","follow":"follow","max-snippet":"max-snippet:-1","max-image-preview":"max-image-preview:large","max-video-preview":"max-video-preview:-1"},"canonical":"https:\/\/montec-gmbh.de\/fr\/certifications\/","og_locale":"fr_FR","og_type":"article","og_title":"Certifications - Montec International","og_description":"Qualit\u00e9, s\u00e9curit\u00e9 et responsabilit\u00e9 Nos certifications Certifications Nos certifications ne sont pas que des preuves \u2013 elles sont notre promesse envers nos clients, partenaires et employ\u00e9s&nbsp;! Nos certifications \u2013 Qualit\u00e9, s\u00e9curit\u00e9 et responsabilit\u00e9Notre entreprise est synonyme des normes les plus \u00e9lev\u00e9es en mati\u00e8re de qualit\u00e9, de s\u00e9curit\u00e9 au travail et de protection de l\u2019environnement. Nos [&hellip;]","og_url":"https:\/\/montec-gmbh.de\/fr\/certifications\/","og_site_name":"Montec International","article_modified_time":"2026-01-21T10:07:52+00:00","twitter_card":"summary_large_image","twitter_misc":{"Dur\u00e9e de lecture estim\u00e9e":"2 minutes"},"schema":{"@context":"https:\/\/schema.org","@graph":[{"@type":"WebPage","@id":"https:\/\/montec-gmbh.de\/fr\/certifications\/","url":"https:\/\/montec-gmbh.de\/fr\/certifications\/","name":"Certifications - Montec International","isPartOf":{"@id":"https:\/\/montec-gmbh.de\/en\/#website"},"datePublished":"2025-09-17T07:21:00+00:00","dateModified":"2026-01-21T10:07:52+00:00","breadcrumb":{"@id":"https:\/\/montec-gmbh.de\/fr\/certifications\/#breadcrumb"},"inLanguage":"fr-FR","potentialAction":[{"@type":"ReadAction","target":["https:\/\/montec-gmbh.de\/fr\/certifications\/"]}]},{"@type":"BreadcrumbList","@id":"https:\/\/montec-gmbh.de\/fr\/certifications\/#breadcrumb","itemListElement":[{"@type":"ListItem","position":1,"name":"Start","item":"https:\/\/montec-gmbh.de\/fr\/montec-international\/"},{"@type":"ListItem","position":2,"name":"Certifications"}]},{"@type":"WebSite","@id":"https:\/\/montec-gmbh.de\/en\/#website","url":"https:\/\/montec-gmbh.de\/en\/","name":"Montec International","description":"Industriemontagen, Schwerlastmontagen, Werksverlagerungen - MONTEC Augsburg","publisher":{"@id":"https:\/\/montec-gmbh.de\/en\/#organization"},"potentialAction":[{"@type":"SearchAction","target":{"@type":"EntryPoint","urlTemplate":"https:\/\/montec-gmbh.de\/en\/?s={search_term_string}"},"query-input":{"@type":"PropertyValueSpecification","valueRequired":true,"valueName":"search_term_string"}}],"inLanguage":"fr-FR"},{"@type":"Organization","@id":"https:\/\/montec-gmbh.de\/en\/#organization","name":"Montec International","url":"https:\/\/montec-gmbh.de\/en\/","logo":{"@type":"ImageObject","inLanguage":"fr-FR","@id":"https:\/\/montec-gmbh.de\/en\/#\/schema\/logo\/image\/","url":"https:\/\/montec-gmbh.de\/wp-content\/uploads\/2025\/06\/Montec-international-1.png","contentUrl":"https:\/\/montec-gmbh.de\/wp-content\/uploads\/2025\/06\/Montec-international-1.png","width":1648,"height":429,"caption":"Montec International"},"image":{"@id":"https:\/\/montec-gmbh.de\/en\/#\/schema\/logo\/image\/"}}]}},"_links":{"self":[{"href":"https:\/\/montec-gmbh.de\/fr\/wp-json\/wp\/v2\/pages\/1755","targetHints":{"allow":["GET"]}}],"collection":[{"href":"https:\/\/montec-gmbh.de\/fr\/wp-json\/wp\/v2\/pages"}],"about":[{"href":"https:\/\/montec-gmbh.de\/fr\/wp-json\/wp\/v2\/types\/page"}],"author":[{"embeddable":true,"href":"https:\/\/montec-gmbh.de\/fr\/wp-json\/wp\/v2\/users\/1"}],"replies":[{"embeddable":true,"href":"https:\/\/montec-gmbh.de\/fr\/wp-json\/wp\/v2\/comments?post=1755"}],"version-history":[{"count":2,"href":"https:\/\/montec-gmbh.de\/fr\/wp-json\/wp\/v2\/pages\/1755\/revisions"}],"predecessor-version":[{"id":2051,"href":"https:\/\/montec-gmbh.de\/fr\/wp-json\/wp\/v2\/pages\/1755\/revisions\/2051"}],"wp:attachment":[{"href":"https:\/\/montec-gmbh.de\/fr\/wp-json\/wp\/v2\/media?parent=1755"}],"curies":[{"name":"wp","href":"https:\/\/api.w.org\/{rel}","templated":true}]}}