{"id":1709,"date":"2025-08-07T14:51:21","date_gmt":"2025-08-07T12:51:21","guid":{"rendered":"https:\/\/montec.diemayrei.de\/mentions-legales\/"},"modified":"2025-11-06T15:16:12","modified_gmt":"2025-11-06T14:16:12","slug":"mentions-legales","status":"publish","type":"page","link":"https:\/\/montec-gmbh.de\/fr\/mentions-legales\/","title":{"rendered":"Mentions l\u00e9gales"},"content":{"rendered":"\t\t<div data-elementor-type=\"wp-page\" data-elementor-id=\"1709\" class=\"elementor elementor-1709 elementor-883\" data-elementor-post-type=\"page\">\n\t\t\t\t<div class=\"elementor-element elementor-element-1847de6 e-flex e-con-boxed e-con e-parent\" data-id=\"1847de6\" data-element_type=\"container\" data-e-type=\"container\" data-settings=\"{&quot;background_background&quot;:&quot;classic&quot;}\">\n\t\t\t\t\t<div class=\"e-con-inner\">\n\t\t<div class=\"elementor-element elementor-element-57fd776 e-con-full e-flex e-con e-child\" data-id=\"57fd776\" data-element_type=\"container\" data-e-type=\"container\">\n\t\t\t\t<div class=\"elementor-element elementor-element-40f5ca1 elementor-widget elementor-widget-heading\" data-id=\"40f5ca1\" data-element_type=\"widget\" data-e-type=\"widget\" data-widget_type=\"heading.default\">\n\t\t\t\t<div class=\"elementor-widget-container\">\n\t\t\t\t\t<h2 class=\"elementor-heading-title elementor-size-default\">Mentions l\u00e9gales<\/h2>\t\t\t\t<\/div>\n\t\t\t\t<\/div>\n\t\t\t\t<div class=\"elementor-element elementor-element-a1404a7 elementor-widget elementor-widget-text-editor\" data-id=\"a1404a7\" data-element_type=\"widget\" data-e-type=\"widget\" data-widget_type=\"text-editor.default\">\n\t\t\t\t<div class=\"elementor-widget-container\">\n\t\t\t\t\t\t\t\t\t<h3>Informations sur le fournisseur de www.montec-gmbh.de<\/h3><p>MONTEC GmbH<br>Anton-Jaumann-Stra\u00dfe 7<br>D-86663 Asbach-B\u00e4umenheim<br>T\u00e9l.&nbsp;: +49 (0)906 \/ 29 99 96 -0<br>Fax&nbsp;: +49 (0)906 \/ 29 99 96 -99<br>info@montec-gmbh.de<\/p><p>Tribunal d\u2019instance d\u2019Augsbourg<br>HRB 12 647<br>Directeur&nbsp;:<br>Ulrich Schmid<br>Michael de Buhr<br>Philip de Buhr<\/p><h3>Prestataire de services techniques&nbsp;:<\/h3><p><strong>dieMAYREI GmbH<\/strong><br>Design-Print-Internet<br>Joseph-G\u00e4nsler-Stra\u00dfe 4<br>86609 Donauw\u00f6rth<\/p><p>T\u00e9l.&nbsp;: +49 906 705 77 3<br>Fax&nbsp;: +49 906 705 77 77<br><a href=\"https:\/\/www.diemayrei.de\/\" target=\"_blank\" rel=\"noopener\">www.diemayrei.de<\/a><\/p><p>Toutes les photos et tous les textes sont prot\u00e9g\u00e9s par le droit d\u2019auteur.<br>\u00a9 Photographie&nbsp;: Josef Schmaus, Outline \u2013 online Medien GmbH<br>\u00a9 Photographie&nbsp;: <a href=\"http:\/\/www.piasimon.de\/\" target=\"_blank\" rel=\"noopener\">Pia Simon<\/a>, photocase.com<\/p><h3>Exclusion de responsabilit\u00e9<\/h3><p><strong>1. Contenu de l\u2019offre en ligne<\/strong><br>Le fournisseur n\u2019assume aucune garantie quant \u00e0 l\u2019actualit\u00e9, l\u2019exactitude, l\u2019exhaustivit\u00e9 ou la qualit\u00e9 des informations mises \u00e0 disposition. Les droits \u00e0 responsabilit\u00e9 \u00e0 l\u2019encontre du fournisseur, qui se r\u00e9f\u00e8rent \u00e0 des dommages mat\u00e9riels ou immat\u00e9riels caus\u00e9s par l\u2019utilisation ou la non-utilisation des informations pr\u00e9sent\u00e9es ou par l\u2019utilisation d\u2019informations erron\u00e9es et incompl\u00e8tes, sont fondamentalement exclus, dans la mesure o\u00f9 il n\u2019existe aucune faute intentionnelle ou due \u00e0 une n\u00e9gligence grave prouv\u00e9e de la part du fournisseur. Toutes les offres sont sans engagement et non contractuelles. Le fournisseur se r\u00e9serve express\u00e9ment le droit de modifier, de compl\u00e9ter ou de supprimer des parties des pages ou l\u2019ensemble de l\u2019offre sans avis s\u00e9par\u00e9 ou d\u2019en suspendre temporairement ou d\u00e9finitivement la publication.   <\/p><p><strong>2. Renvois et liens<\/strong><br>En cas de renvois directs ou indirects \u00e0 des sites Internet tiers (\u00ab&nbsp;liens&nbsp;\u00bb) qui se trouvent en dehors du domaine de responsabilit\u00e9 du fournisseur, une obligation de responsabilit\u00e9 entrerait en vigueur exclusivement dans le cas o\u00f9 le fournisseur aurait connaissance des contenus et o\u00f9 il lui serait techniquement possible et acceptable d\u2019emp\u00eacher l\u2019utilisation en cas de contenus ill\u00e9gaux. Le fournisseur d\u00e9clare express\u00e9ment par la pr\u00e9sente qu\u2019au moment de la cr\u00e9ation des liens, aucun contenu ill\u00e9gal n\u2019\u00e9tait identifiable sur les pages \u00e0 relier. Le fournisseur n\u2019a aucune influence sur la conception actuelle et future, les contenus ou la paternit\u00e9 des pages li\u00e9es\/associ\u00e9es. C\u2019est pourquoi il se distancie express\u00e9ment par la pr\u00e9sente de tous les contenus de toutes les pages li\u00e9es\/associ\u00e9es qui ont \u00e9t\u00e9 modifi\u00e9es apr\u00e8s la cr\u00e9ation des liens. Cette constatation vaut pour tous les liens et renvois plac\u00e9s au sein de sa propre offre Internet ainsi que pour les entr\u00e9es de tiers dans les livres d\u2019or, les forums de discussion et les listes de diffusion mis en place par le fournisseur. Seul le fournisseur de la page \u00e0 laquelle il a \u00e9t\u00e9 renvoy\u00e9 est responsable des contenus ill\u00e9gaux, erron\u00e9s ou incomplets et en particulier des dommages r\u00e9sultant de l\u2019utilisation ou de la non-utilisation de telles informations pr\u00e9sent\u00e9es, et non celui qui se contente de renvoyer \u00e0 la publication respective par le biais de liens.     <\/p><p><strong>3. Droit d\u2019auteur et droit des marques<\/strong><br>Le droit d\u2019auteur pour les objets publi\u00e9s et cr\u00e9\u00e9s par le fournisseur lui-m\u00eame reste la propri\u00e9t\u00e9 exclusive du fournisseur des pages. La reproduction ou l\u2019utilisation de tels graphiques, documents sonores, s\u00e9quences vid\u00e9o et textes dans d\u2019autres publications \u00e9lectroniques ou imprim\u00e9es n\u2019est pas autoris\u00e9e sans l\u2019accord expr\u00e8s du fournisseur. Le fournisseur s\u2019efforce de respecter dans toutes les publications les droits d\u2019auteur des graphiques, documents sonores, s\u00e9quences vid\u00e9o et textes utilis\u00e9s, d\u2019utiliser des graphiques, documents sonores, s\u00e9quences vid\u00e9o et textes qu\u2019il a lui-m\u00eame cr\u00e9\u00e9s ou de recourir \u00e0 des graphiques, documents sonores, s\u00e9quences vid\u00e9o et textes libres de licence. Toutes les marques et tous les logos mentionn\u00e9s dans l\u2019offre Internet et \u00e9ventuellement prot\u00e9g\u00e9s par des tiers sont soumis sans restriction aux dispositions du droit des marques respectivement en vigueur et aux droits de propri\u00e9t\u00e9 des propri\u00e9taires enregistr\u00e9s respectifs. La simple mention ne permet pas de conclure que les marques ne sont pas prot\u00e9g\u00e9es par les droits de tiers.    <\/p><p><strong>4. Protection des donn\u00e9es<\/strong><br>Dans la mesure o\u00f9 il existe une possibilit\u00e9 de saisir des donn\u00e9es personnelles ou professionnelles (adresses e-mail, noms, adresses) au sein de l\u2019offre Internet, la divulgation de ces donn\u00e9es de la part de l\u2019utilisateur se fait sur une base express\u00e9ment volontaire. L\u2019utilisation et le paiement de tous les services propos\u00e9s sont autoris\u00e9s \u2013 dans la mesure o\u00f9 cela est techniquement possible et acceptable \u2013 m\u00eame sans indication de telles donn\u00e9es ou en indiquant des donn\u00e9es anonymis\u00e9es ou un pseudonyme. <\/p><p><strong>5. Validit\u00e9 juridique de cette exclusion de responsabilit\u00e9<\/strong><br>Cette exclusion de responsabilit\u00e9 doit \u00eatre consid\u00e9r\u00e9e comme une partie de l\u2019offre Internet \u00e0 partir de laquelle il a \u00e9t\u00e9 renvoy\u00e9 \u00e0 cette page. Si des parties ou certaines formulations de ce texte ne devaient pas, plus ou pas enti\u00e8rement correspondre \u00e0 la situation juridique en vigueur, les autres parties du document n\u2019en seraient pas affect\u00e9es dans leur contenu et leur validit\u00e9. <\/p>\t\t\t\t\t\t\t\t<\/div>\n\t\t\t\t<\/div>\n\t\t\t\t<\/div>\n\t\t\t\t\t<\/div>\n\t\t\t\t<\/div>\n\t\t\t\t<\/div>\n\t\t","protected":false},"excerpt":{"rendered":"<p>Mentions l\u00e9gales Informations sur le fournisseur de www.montec-gmbh.de MONTEC GmbHAnton-Jaumann-Stra\u00dfe 7D-86663 Asbach-B\u00e4umenheimT\u00e9l.&nbsp;: +49 (0)906 \/ 29 99 96 -0Fax&nbsp;: +49 (0)906 \/ 29 99 96 -99info@montec-gmbh.de Tribunal d\u2019instance d\u2019AugsbourgHRB 12 647Directeur&nbsp;:Ulrich SchmidMichael de BuhrPhilip de Buhr Prestataire de services techniques&nbsp;: dieMAYREI GmbHDesign-Print-InternetJoseph-G\u00e4nsler-Stra\u00dfe 486609 Donauw\u00f6rth T\u00e9l.&nbsp;: +49 906 705 77 3Fax&nbsp;: +49 906 705 77 77www.diemayrei.de [&hellip;]<\/p>\n","protected":false},"author":1,"featured_media":0,"parent":0,"menu_order":0,"comment_status":"closed","ping_status":"closed","template":"","meta":{"inline_featured_image":false,"footnotes":""},"class_list":["post-1709","page","type-page","status-publish","hentry"],"yoast_head":"<!-- This site is optimized with the Yoast SEO plugin v27.2 - https:\/\/yoast.com\/product\/yoast-seo-wordpress\/ -->\n<title>Mentions l\u00e9gales - Montec International<\/title>\n<meta name=\"robots\" content=\"index, follow, max-snippet:-1, max-image-preview:large, max-video-preview:-1\" \/>\n<link rel=\"canonical\" href=\"https:\/\/montec-gmbh.de\/fr\/mentions-legales\/\" \/>\n<meta property=\"og:locale\" content=\"fr_FR\" \/>\n<meta property=\"og:type\" content=\"article\" \/>\n<meta property=\"og:title\" content=\"Mentions l\u00e9gales - Montec International\" \/>\n<meta property=\"og:description\" content=\"Mentions l\u00e9gales Informations sur le fournisseur de www.montec-gmbh.de MONTEC GmbHAnton-Jaumann-Stra\u00dfe 7D-86663 Asbach-B\u00e4umenheimT\u00e9l.&nbsp;: +49 (0)906 \/ 29 99 96 -0Fax&nbsp;: +49 (0)906 \/ 29 99 96 -99info@montec-gmbh.de Tribunal d\u2019instance d\u2019AugsbourgHRB 12 647Directeur&nbsp;:Ulrich SchmidMichael de BuhrPhilip de Buhr Prestataire de services techniques&nbsp;: dieMAYREI GmbHDesign-Print-InternetJoseph-G\u00e4nsler-Stra\u00dfe 486609 Donauw\u00f6rth T\u00e9l.&nbsp;: +49 906 705 77 3Fax&nbsp;: +49 906 705 77 77www.diemayrei.de [&hellip;]\" \/>\n<meta property=\"og:url\" content=\"https:\/\/montec-gmbh.de\/fr\/mentions-legales\/\" \/>\n<meta property=\"og:site_name\" content=\"Montec International\" \/>\n<meta property=\"article:modified_time\" content=\"2025-11-06T14:16:12+00:00\" \/>\n<meta name=\"twitter:card\" content=\"summary_large_image\" \/>\n<meta name=\"twitter:label1\" content=\"Dur\u00e9e de lecture estim\u00e9e\" \/>\n\t<meta name=\"twitter:data1\" content=\"4 minutes\" \/>\n<script type=\"application\/ld+json\" class=\"yoast-schema-graph\">{\"@context\":\"https:\/\/schema.org\",\"@graph\":[{\"@type\":\"WebPage\",\"@id\":\"https:\/\/montec-gmbh.de\/fr\/mentions-legales\/\",\"url\":\"https:\/\/montec-gmbh.de\/fr\/mentions-legales\/\",\"name\":\"Mentions l\u00e9gales - Montec International\",\"isPartOf\":{\"@id\":\"https:\/\/montec-gmbh.de\/en\/#website\"},\"datePublished\":\"2025-08-07T12:51:21+00:00\",\"dateModified\":\"2025-11-06T14:16:12+00:00\",\"breadcrumb\":{\"@id\":\"https:\/\/montec-gmbh.de\/fr\/mentions-legales\/#breadcrumb\"},\"inLanguage\":\"fr-FR\",\"potentialAction\":[{\"@type\":\"ReadAction\",\"target\":[\"https:\/\/montec-gmbh.de\/fr\/mentions-legales\/\"]}]},{\"@type\":\"BreadcrumbList\",\"@id\":\"https:\/\/montec-gmbh.de\/fr\/mentions-legales\/#breadcrumb\",\"itemListElement\":[{\"@type\":\"ListItem\",\"position\":1,\"name\":\"Start\",\"item\":\"https:\/\/montec-gmbh.de\/fr\/montec-international\/\"},{\"@type\":\"ListItem\",\"position\":2,\"name\":\"Mentions l\u00e9gales\"}]},{\"@type\":\"WebSite\",\"@id\":\"https:\/\/montec-gmbh.de\/en\/#website\",\"url\":\"https:\/\/montec-gmbh.de\/en\/\",\"name\":\"Montec International\",\"description\":\"Industriemontagen, Schwerlastmontagen, Werksverlagerungen - MONTEC Augsburg\",\"publisher\":{\"@id\":\"https:\/\/montec-gmbh.de\/en\/#organization\"},\"potentialAction\":[{\"@type\":\"SearchAction\",\"target\":{\"@type\":\"EntryPoint\",\"urlTemplate\":\"https:\/\/montec-gmbh.de\/en\/?s={search_term_string}\"},\"query-input\":{\"@type\":\"PropertyValueSpecification\",\"valueRequired\":true,\"valueName\":\"search_term_string\"}}],\"inLanguage\":\"fr-FR\"},{\"@type\":\"Organization\",\"@id\":\"https:\/\/montec-gmbh.de\/en\/#organization\",\"name\":\"Montec International\",\"url\":\"https:\/\/montec-gmbh.de\/en\/\",\"logo\":{\"@type\":\"ImageObject\",\"inLanguage\":\"fr-FR\",\"@id\":\"https:\/\/montec-gmbh.de\/en\/#\/schema\/logo\/image\/\",\"url\":\"https:\/\/montec-gmbh.de\/wp-content\/uploads\/2025\/06\/Montec-international-1.png\",\"contentUrl\":\"https:\/\/montec-gmbh.de\/wp-content\/uploads\/2025\/06\/Montec-international-1.png\",\"width\":1648,\"height\":429,\"caption\":\"Montec International\"},\"image\":{\"@id\":\"https:\/\/montec-gmbh.de\/en\/#\/schema\/logo\/image\/\"}}]}<\/script>\n<!-- \/ Yoast SEO plugin. -->","yoast_head_json":{"title":"Mentions l\u00e9gales - Montec International","robots":{"index":"index","follow":"follow","max-snippet":"max-snippet:-1","max-image-preview":"max-image-preview:large","max-video-preview":"max-video-preview:-1"},"canonical":"https:\/\/montec-gmbh.de\/fr\/mentions-legales\/","og_locale":"fr_FR","og_type":"article","og_title":"Mentions l\u00e9gales - Montec International","og_description":"Mentions l\u00e9gales Informations sur le fournisseur de www.montec-gmbh.de MONTEC GmbHAnton-Jaumann-Stra\u00dfe 7D-86663 Asbach-B\u00e4umenheimT\u00e9l.&nbsp;: +49 (0)906 \/ 29 99 96 -0Fax&nbsp;: +49 (0)906 \/ 29 99 96 -99info@montec-gmbh.de Tribunal d\u2019instance d\u2019AugsbourgHRB 12 647Directeur&nbsp;:Ulrich SchmidMichael de BuhrPhilip de Buhr Prestataire de services techniques&nbsp;: dieMAYREI GmbHDesign-Print-InternetJoseph-G\u00e4nsler-Stra\u00dfe 486609 Donauw\u00f6rth T\u00e9l.&nbsp;: +49 906 705 77 3Fax&nbsp;: +49 906 705 77 77www.diemayrei.de [&hellip;]","og_url":"https:\/\/montec-gmbh.de\/fr\/mentions-legales\/","og_site_name":"Montec International","article_modified_time":"2025-11-06T14:16:12+00:00","twitter_card":"summary_large_image","twitter_misc":{"Dur\u00e9e de lecture estim\u00e9e":"4 minutes"},"schema":{"@context":"https:\/\/schema.org","@graph":[{"@type":"WebPage","@id":"https:\/\/montec-gmbh.de\/fr\/mentions-legales\/","url":"https:\/\/montec-gmbh.de\/fr\/mentions-legales\/","name":"Mentions l\u00e9gales - Montec International","isPartOf":{"@id":"https:\/\/montec-gmbh.de\/en\/#website"},"datePublished":"2025-08-07T12:51:21+00:00","dateModified":"2025-11-06T14:16:12+00:00","breadcrumb":{"@id":"https:\/\/montec-gmbh.de\/fr\/mentions-legales\/#breadcrumb"},"inLanguage":"fr-FR","potentialAction":[{"@type":"ReadAction","target":["https:\/\/montec-gmbh.de\/fr\/mentions-legales\/"]}]},{"@type":"BreadcrumbList","@id":"https:\/\/montec-gmbh.de\/fr\/mentions-legales\/#breadcrumb","itemListElement":[{"@type":"ListItem","position":1,"name":"Start","item":"https:\/\/montec-gmbh.de\/fr\/montec-international\/"},{"@type":"ListItem","position":2,"name":"Mentions l\u00e9gales"}]},{"@type":"WebSite","@id":"https:\/\/montec-gmbh.de\/en\/#website","url":"https:\/\/montec-gmbh.de\/en\/","name":"Montec International","description":"Industriemontagen, Schwerlastmontagen, Werksverlagerungen - MONTEC Augsburg","publisher":{"@id":"https:\/\/montec-gmbh.de\/en\/#organization"},"potentialAction":[{"@type":"SearchAction","target":{"@type":"EntryPoint","urlTemplate":"https:\/\/montec-gmbh.de\/en\/?s={search_term_string}"},"query-input":{"@type":"PropertyValueSpecification","valueRequired":true,"valueName":"search_term_string"}}],"inLanguage":"fr-FR"},{"@type":"Organization","@id":"https:\/\/montec-gmbh.de\/en\/#organization","name":"Montec International","url":"https:\/\/montec-gmbh.de\/en\/","logo":{"@type":"ImageObject","inLanguage":"fr-FR","@id":"https:\/\/montec-gmbh.de\/en\/#\/schema\/logo\/image\/","url":"https:\/\/montec-gmbh.de\/wp-content\/uploads\/2025\/06\/Montec-international-1.png","contentUrl":"https:\/\/montec-gmbh.de\/wp-content\/uploads\/2025\/06\/Montec-international-1.png","width":1648,"height":429,"caption":"Montec International"},"image":{"@id":"https:\/\/montec-gmbh.de\/en\/#\/schema\/logo\/image\/"}}]}},"_links":{"self":[{"href":"https:\/\/montec-gmbh.de\/fr\/wp-json\/wp\/v2\/pages\/1709","targetHints":{"allow":["GET"]}}],"collection":[{"href":"https:\/\/montec-gmbh.de\/fr\/wp-json\/wp\/v2\/pages"}],"about":[{"href":"https:\/\/montec-gmbh.de\/fr\/wp-json\/wp\/v2\/types\/page"}],"author":[{"embeddable":true,"href":"https:\/\/montec-gmbh.de\/fr\/wp-json\/wp\/v2\/users\/1"}],"replies":[{"embeddable":true,"href":"https:\/\/montec-gmbh.de\/fr\/wp-json\/wp\/v2\/comments?post=1709"}],"version-history":[{"count":1,"href":"https:\/\/montec-gmbh.de\/fr\/wp-json\/wp\/v2\/pages\/1709\/revisions"}],"predecessor-version":[{"id":1711,"href":"https:\/\/montec-gmbh.de\/fr\/wp-json\/wp\/v2\/pages\/1709\/revisions\/1711"}],"wp:attachment":[{"href":"https:\/\/montec-gmbh.de\/fr\/wp-json\/wp\/v2\/media?parent=1709"}],"curies":[{"name":"wp","href":"https:\/\/api.w.org\/{rel}","templated":true}]}}