{"id":1681,"date":"2025-09-16T07:47:43","date_gmt":"2025-09-16T05:47:43","guid":{"rendered":"https:\/\/montec.diemayrei.de\/service-client\/"},"modified":"2026-03-18T14:34:42","modified_gmt":"2026-03-18T13:34:42","slug":"service-client","status":"publish","type":"page","link":"https:\/\/montec-gmbh.de\/fr\/service-client\/","title":{"rendered":"Service client"},"content":{"rendered":"\t\t<div data-elementor-type=\"wp-page\" data-elementor-id=\"1681\" class=\"elementor elementor-1681 elementor-1031\" data-elementor-post-type=\"page\">\n\t\t\t\t<div class=\"elementor-element elementor-element-7091718 e-flex e-con-boxed e-con e-parent\" data-id=\"7091718\" data-element_type=\"container\" data-e-type=\"container\" data-settings=\"{&quot;background_background&quot;:&quot;slideshow&quot;,&quot;background_slideshow_gallery&quot;:[{&quot;id&quot;:2033,&quot;url&quot;:&quot;https:\\\/\\\/montec-gmbh.de\\\/wp-content\\\/uploads\\\/2025\\\/09\\\/DSCF6452-scaled.jpg&quot;},{&quot;id&quot;:2030,&quot;url&quot;:&quot;https:\\\/\\\/montec-gmbh.de\\\/wp-content\\\/uploads\\\/2025\\\/09\\\/DSCF6165-1-scaled.jpg&quot;},{&quot;id&quot;:2031,&quot;url&quot;:&quot;https:\\\/\\\/montec-gmbh.de\\\/wp-content\\\/uploads\\\/2025\\\/09\\\/DSCF6651-scaled.jpg&quot;},{&quot;id&quot;:2032,&quot;url&quot;:&quot;https:\\\/\\\/montec-gmbh.de\\\/wp-content\\\/uploads\\\/2025\\\/09\\\/DSCF6399-scaled.jpg&quot;}],&quot;background_slideshow_ken_burns&quot;:&quot;yes&quot;,&quot;background_slideshow_loop&quot;:&quot;yes&quot;,&quot;background_slideshow_slide_duration&quot;:5000,&quot;background_slideshow_slide_transition&quot;:&quot;fade&quot;,&quot;background_slideshow_transition_duration&quot;:500,&quot;background_slideshow_ken_burns_zoom_direction&quot;:&quot;in&quot;}\">\n\t\t\t\t\t<div class=\"e-con-inner\">\n\t\t\t\t<div class=\"elementor-element elementor-element-25838c7 elementor-widget elementor-widget-heading\" data-id=\"25838c7\" data-element_type=\"widget\" data-e-type=\"widget\" data-widget_type=\"heading.default\">\n\t\t\t\t<div class=\"elementor-widget-container\">\n\t\t\t\t\t<h2 class=\"elementor-heading-title elementor-size-default\">Qualit\u00e9, s\u00e9curit\u00e9 et responsabilit\u00e9<\/h2>\t\t\t\t<\/div>\n\t\t\t\t<\/div>\n\t\t\t\t<div class=\"elementor-element elementor-element-e570136 animated-fast elementor-invisible elementor-widget elementor-widget-heading\" data-id=\"e570136\" data-element_type=\"widget\" data-e-type=\"widget\" data-settings=\"{&quot;_animation&quot;:&quot;slideInUp&quot;}\" data-widget_type=\"heading.default\">\n\t\t\t\t<div class=\"elementor-widget-container\">\n\t\t\t\t\t<h1 class=\"elementor-heading-title elementor-size-default\">Service<br>client<\/h1>\t\t\t\t<\/div>\n\t\t\t\t<\/div>\n\t\t\t\t\t<\/div>\n\t\t\t\t<\/div>\n\t\t<div class=\"elementor-element elementor-element-f49a2bd e-flex e-con-boxed e-con e-parent\" data-id=\"f49a2bd\" data-element_type=\"container\" data-e-type=\"container\" data-settings=\"{&quot;background_background&quot;:&quot;classic&quot;}\">\n\t\t\t\t\t<div class=\"e-con-inner\">\n\t\t<div class=\"elementor-element elementor-element-4e9d585 e-con-full e-flex e-con e-child\" data-id=\"4e9d585\" data-element_type=\"container\" data-e-type=\"container\">\n\t\t\t\t<div class=\"elementor-element elementor-element-2d9e832 elementor-widget elementor-widget-heading\" data-id=\"2d9e832\" data-element_type=\"widget\" data-e-type=\"widget\" data-widget_type=\"heading.default\">\n\t\t\t\t<div class=\"elementor-widget-container\">\n\t\t\t\t\t<h2 class=\"elementor-heading-title elementor-size-default\">Service client<\/h2>\t\t\t\t<\/div>\n\t\t\t\t<\/div>\n\t\t\t\t<div class=\"elementor-element elementor-element-a9023b9 animated-slow elementor-invisible elementor-widget elementor-widget-heading\" data-id=\"a9023b9\" data-element_type=\"widget\" data-e-type=\"widget\" data-settings=\"{&quot;_animation&quot;:&quot;fadeIn&quot;}\" data-widget_type=\"heading.default\">\n\t\t\t\t<div class=\"elementor-widget-container\">\n\t\t\t\t\t<h2 class=\"elementor-heading-title elementor-size-default\">G\u00e9rer des projets \u2013 <br>de A \u00e0 Z<\/h2>\t\t\t\t<\/div>\n\t\t\t\t<\/div>\n\t\t\t\t<div class=\"elementor-element elementor-element-dc64f6b elementor-widget elementor-widget-text-editor\" data-id=\"dc64f6b\" data-element_type=\"widget\" data-e-type=\"widget\" data-widget_type=\"text-editor.default\">\n\t\t\t\t<div class=\"elementor-widget-container\">\n\t\t\t\t\t\t\t\t\t<p>G\u00e9rer l\u2019actualit\u00e9, initier les prochaines \u00e9tapes, documenter ce qui a \u00e9t\u00e9 r\u00e9alis\u00e9 \u2013 la transparence est importante pour nous, tant dans le d\u00e9roulement des projets internes qu\u2019externes. Seul celui qui a toutes les informations \u00e0 port\u00e9e de main peut activement fa\u00e7onner l\u2019avancement du projet. Nous accordons une grande importance \u00e0 l\u2019accompagnement professionnel de toutes les phases du projet. Une communication ouverte et de confiance avec toutes les parties prenantes est tr\u00e8s importante pour nous \u00e0 tout moment. En cas d\u2019\u00e9volutions impr\u00e9vues, nous gardons \u00e0 tout moment la t\u00eate froide et ne nous laissons pas d\u00e9stabiliser.    <\/p>\t\t\t\t\t\t\t\t<\/div>\n\t\t\t\t<\/div>\n\t\t\t\t<\/div>\n\t\t<div class=\"elementor-element elementor-element-fce778b e-con-full e-flex e-con e-child\" data-id=\"fce778b\" data-element_type=\"container\" data-e-type=\"container\">\n\t\t\t\t<div class=\"elementor-element elementor-element-c83430e elementor-widget__width-initial elementor-widget elementor-widget-image\" data-id=\"c83430e\" data-element_type=\"widget\" data-e-type=\"widget\" data-settings=\"{&quot;motion_fx_motion_fx_scrolling&quot;:&quot;yes&quot;,&quot;motion_fx_translateY_effect&quot;:&quot;yes&quot;,&quot;motion_fx_devices&quot;:[&quot;desktop&quot;],&quot;motion_fx_translateY_speed&quot;:{&quot;unit&quot;:&quot;px&quot;,&quot;size&quot;:4,&quot;sizes&quot;:[]},&quot;motion_fx_translateY_affectedRange&quot;:{&quot;unit&quot;:&quot;%&quot;,&quot;size&quot;:&quot;&quot;,&quot;sizes&quot;:{&quot;start&quot;:0,&quot;end&quot;:100}}}\" data-widget_type=\"image.default\">\n\t\t\t\t<div class=\"elementor-widget-container\">\n\t\t\t\t\t\t\t\t\t\t\t\t\t\t\t<img fetchpriority=\"high\" decoding=\"async\" width=\"800\" height=\"534\" src=\"https:\/\/montec-gmbh.de\/wp-content\/uploads\/2025\/08\/DSCF4973-1024x683.jpg\" class=\"attachment-large size-large wp-image-763\" alt=\"\" srcset=\"https:\/\/montec-gmbh.de\/wp-content\/uploads\/2025\/08\/DSCF4973-1024x683.jpg 1024w, https:\/\/montec-gmbh.de\/wp-content\/uploads\/2025\/08\/DSCF4973-300x200.jpg 300w, https:\/\/montec-gmbh.de\/wp-content\/uploads\/2025\/08\/DSCF4973-768x512.jpg 768w, https:\/\/montec-gmbh.de\/wp-content\/uploads\/2025\/08\/DSCF4973-1536x1024.jpg 1536w, https:\/\/montec-gmbh.de\/wp-content\/uploads\/2025\/08\/DSCF4973-2048x1366.jpg 2048w\" sizes=\"(max-width: 800px) 100vw, 800px\" \/>\t\t\t\t\t\t\t\t\t\t\t\t\t\t\t<\/div>\n\t\t\t\t<\/div>\n\t\t\t\t<div class=\"elementor-element elementor-element-5957f51 elementor-widget__width-initial elementor-widget elementor-widget-image\" data-id=\"5957f51\" data-element_type=\"widget\" data-e-type=\"widget\" data-settings=\"{&quot;motion_fx_motion_fx_scrolling&quot;:&quot;yes&quot;,&quot;motion_fx_translateY_effect&quot;:&quot;yes&quot;,&quot;motion_fx_translateY_speed&quot;:{&quot;unit&quot;:&quot;px&quot;,&quot;size&quot;:1.6,&quot;sizes&quot;:[]},&quot;motion_fx_devices&quot;:[&quot;desktop&quot;],&quot;motion_fx_translateY_affectedRange&quot;:{&quot;unit&quot;:&quot;%&quot;,&quot;size&quot;:&quot;&quot;,&quot;sizes&quot;:{&quot;start&quot;:0,&quot;end&quot;:100}}}\" data-widget_type=\"image.default\">\n\t\t\t\t<div class=\"elementor-widget-container\">\n\t\t\t\t\t\t\t\t\t\t\t\t\t\t\t<img decoding=\"async\" width=\"800\" height=\"534\" src=\"https:\/\/montec-gmbh.de\/wp-content\/uploads\/2025\/08\/DSCF4865-1024x683.jpg\" class=\"attachment-large size-large wp-image-715\" alt=\"\" srcset=\"https:\/\/montec-gmbh.de\/wp-content\/uploads\/2025\/08\/DSCF4865-1024x683.jpg 1024w, https:\/\/montec-gmbh.de\/wp-content\/uploads\/2025\/08\/DSCF4865-300x200.jpg 300w, https:\/\/montec-gmbh.de\/wp-content\/uploads\/2025\/08\/DSCF4865-768x512.jpg 768w, https:\/\/montec-gmbh.de\/wp-content\/uploads\/2025\/08\/DSCF4865-1536x1024.jpg 1536w, https:\/\/montec-gmbh.de\/wp-content\/uploads\/2025\/08\/DSCF4865-2048x1366.jpg 2048w\" sizes=\"(max-width: 800px) 100vw, 800px\" \/>\t\t\t\t\t\t\t\t\t\t\t\t\t\t\t<\/div>\n\t\t\t\t<\/div>\n\t\t\t\t<\/div>\n\t\t\t\t\t<\/div>\n\t\t\t\t<\/div>\n\t\t<div class=\"elementor-element elementor-element-7a25da0 e-flex e-con-boxed e-con e-parent\" data-id=\"7a25da0\" data-element_type=\"container\" data-e-type=\"container\" data-settings=\"{&quot;background_background&quot;:&quot;classic&quot;}\">\n\t\t\t\t\t<div class=\"e-con-inner\">\n\t\t\t\t<div class=\"elementor-element elementor-element-051aa9f elementor-widget elementor-widget-heading\" data-id=\"051aa9f\" data-element_type=\"widget\" data-e-type=\"widget\" data-widget_type=\"heading.default\">\n\t\t\t\t<div class=\"elementor-widget-container\">\n\t\t\t\t\t<h2 class=\"elementor-heading-title elementor-size-default\">Notre m\u00e9thode de travail<\/h2>\t\t\t\t<\/div>\n\t\t\t\t<\/div>\n\t\t\t\t<div class=\"elementor-element elementor-element-903e9dd elementor-widget elementor-widget-text-editor\" data-id=\"903e9dd\" data-element_type=\"widget\" data-e-type=\"widget\" data-widget_type=\"text-editor.default\">\n\t\t\t\t<div class=\"elementor-widget-container\">\n\t\t\t\t\t\t\t\t\t<p>Notre activit\u00e9 est marqu\u00e9e par une planification intelligente, une utilisation optimale des ressources et un d\u00e9roulement pr\u00e9cis. Une documentation claire et univoque est indispensable. Nous accordons une grande importance \u00e0 une communication ouverte et honn\u00eate avec nos clients. Nous garantissons \u00e0 tout moment une grande transparence de nos actions. Nous ne promettons rien que nous ne soyons pas s\u00fbrs de pouvoir tenir.    <\/p>\t\t\t\t\t\t\t\t<\/div>\n\t\t\t\t<\/div>\n\t\t\t\t<div class=\"elementor-element elementor-element-0377892 elementor-align-center elementor-widget elementor-widget-button\" data-id=\"0377892\" data-element_type=\"widget\" data-e-type=\"widget\" data-widget_type=\"button.default\">\n\t\t\t\t<div class=\"elementor-widget-container\">\n\t\t\t\t\t\t\t\t\t<div class=\"elementor-button-wrapper\">\n\t\t\t\t\t<a class=\"elementor-button elementor-button-link elementor-size-lg elementor-animation-grow\" href=\"#\">\n\t\t\t\t\t\t<span class=\"elementor-button-content-wrapper\">\n\t\t\t\t\t\t\t\t\t<span class=\"elementor-button-text\">Demander maintenant<\/span>\n\t\t\t\t\t<\/span>\n\t\t\t\t\t<\/a>\n\t\t\t\t<\/div>\n\t\t\t\t\t\t\t\t<\/div>\n\t\t\t\t<\/div>\n\t\t\t\t\t<\/div>\n\t\t\t\t<\/div>\n\t\t<div class=\"elementor-element elementor-element-98f221d e-flex e-con-boxed e-con e-parent\" data-id=\"98f221d\" data-element_type=\"container\" data-e-type=\"container\" data-settings=\"{&quot;background_background&quot;:&quot;classic&quot;}\">\n\t\t\t\t\t<div class=\"e-con-inner\">\n\t\t<div class=\"elementor-element elementor-element-a3aa329 e-con-full e-flex e-con e-child\" data-id=\"a3aa329\" data-element_type=\"container\" data-e-type=\"container\">\n\t\t\t\t<div class=\"elementor-element elementor-element-fc2e8f8 elementor-widget elementor-widget-heading\" data-id=\"fc2e8f8\" data-element_type=\"widget\" data-e-type=\"widget\" data-widget_type=\"heading.default\">\n\t\t\t\t<div class=\"elementor-widget-container\">\n\t\t\t\t\t<h2 class=\"elementor-heading-title elementor-size-default\">Service client<\/h2>\t\t\t\t<\/div>\n\t\t\t\t<\/div>\n\t\t\t\t<div class=\"elementor-element elementor-element-bfc483c animated-slow elementor-invisible elementor-widget elementor-widget-heading\" data-id=\"bfc483c\" data-element_type=\"widget\" data-e-type=\"widget\" data-settings=\"{&quot;_animation&quot;:&quot;fadeIn&quot;}\" data-widget_type=\"heading.default\">\n\t\t\t\t<div class=\"elementor-widget-container\">\n\t\t\t\t\t<h2 class=\"elementor-heading-title elementor-size-default\">Logistique<\/h2>\t\t\t\t<\/div>\n\t\t\t\t<\/div>\n\t\t\t\t<div class=\"elementor-element elementor-element-14f648a elementor-widget elementor-widget-text-editor\" data-id=\"14f648a\" data-element_type=\"widget\" data-e-type=\"widget\" data-widget_type=\"text-editor.default\">\n\t\t\t\t<div class=\"elementor-widget-container\">\n\t\t\t\t\t\t\t\t\t<p>Les clients doivent \u00eatre largement lib\u00e9r\u00e9s des \u00e9tapes administratives ou organisationnelles individuelles li\u00e9es au projet dans le cadre de leur collaboration avec nous. Ainsi, nous prenons \u00e9galement en charge la \u00ab paperasserie \u00bb, par exemple l\u2019obtention de documents douaniers et d\u2019autorisations n\u00e9cessaires aux transports nationaux ou internationaux. Notre centre de logistique \u00e0 Asbach-B\u00e4umenheim assure la mobilit\u00e9 et la technique n\u00e9cessaires.  <\/p>\t\t\t\t\t\t\t\t<\/div>\n\t\t\t\t<\/div>\n\t\t\t\t<\/div>\n\t\t<div class=\"elementor-element elementor-element-cbb1a5a e-con-full e-flex e-con e-child\" data-id=\"cbb1a5a\" data-element_type=\"container\" data-e-type=\"container\">\n\t\t\t\t<div class=\"elementor-element elementor-element-08edfd9 elementor-widget__width-initial elementor-widget elementor-widget-image\" data-id=\"08edfd9\" data-element_type=\"widget\" data-e-type=\"widget\" data-settings=\"{&quot;motion_fx_motion_fx_scrolling&quot;:&quot;yes&quot;,&quot;motion_fx_translateY_effect&quot;:&quot;yes&quot;,&quot;motion_fx_devices&quot;:[&quot;desktop&quot;],&quot;motion_fx_translateY_speed&quot;:{&quot;unit&quot;:&quot;px&quot;,&quot;size&quot;:4,&quot;sizes&quot;:[]},&quot;motion_fx_translateY_affectedRange&quot;:{&quot;unit&quot;:&quot;%&quot;,&quot;size&quot;:&quot;&quot;,&quot;sizes&quot;:{&quot;start&quot;:0,&quot;end&quot;:100}}}\" data-widget_type=\"image.default\">\n\t\t\t\t<div class=\"elementor-widget-container\">\n\t\t\t\t\t\t\t\t\t\t\t\t\t\t\t<img decoding=\"async\" width=\"800\" height=\"534\" src=\"https:\/\/montec-gmbh.de\/wp-content\/uploads\/2025\/08\/DSCF4888-1024x683.jpg\" class=\"attachment-large size-large wp-image-727\" alt=\"\" srcset=\"https:\/\/montec-gmbh.de\/wp-content\/uploads\/2025\/08\/DSCF4888-1024x683.jpg 1024w, https:\/\/montec-gmbh.de\/wp-content\/uploads\/2025\/08\/DSCF4888-300x200.jpg 300w, https:\/\/montec-gmbh.de\/wp-content\/uploads\/2025\/08\/DSCF4888-768x512.jpg 768w, https:\/\/montec-gmbh.de\/wp-content\/uploads\/2025\/08\/DSCF4888-1536x1024.jpg 1536w, https:\/\/montec-gmbh.de\/wp-content\/uploads\/2025\/08\/DSCF4888-2048x1366.jpg 2048w\" sizes=\"(max-width: 800px) 100vw, 800px\" \/>\t\t\t\t\t\t\t\t\t\t\t\t\t\t\t<\/div>\n\t\t\t\t<\/div>\n\t\t\t\t<div class=\"elementor-element elementor-element-0691f98 elementor-widget__width-initial elementor-widget elementor-widget-image\" data-id=\"0691f98\" data-element_type=\"widget\" data-e-type=\"widget\" data-settings=\"{&quot;motion_fx_motion_fx_scrolling&quot;:&quot;yes&quot;,&quot;motion_fx_translateY_effect&quot;:&quot;yes&quot;,&quot;motion_fx_translateY_speed&quot;:{&quot;unit&quot;:&quot;px&quot;,&quot;size&quot;:1.6,&quot;sizes&quot;:[]},&quot;motion_fx_devices&quot;:[&quot;desktop&quot;],&quot;motion_fx_translateY_affectedRange&quot;:{&quot;unit&quot;:&quot;%&quot;,&quot;size&quot;:&quot;&quot;,&quot;sizes&quot;:{&quot;start&quot;:0,&quot;end&quot;:100}}}\" data-widget_type=\"image.default\">\n\t\t\t\t<div class=\"elementor-widget-container\">\n\t\t\t\t\t\t\t\t\t\t\t\t\t\t\t<img loading=\"lazy\" decoding=\"async\" width=\"800\" height=\"534\" src=\"https:\/\/montec-gmbh.de\/wp-content\/uploads\/2025\/08\/DSCF4921-1024x683.jpg\" class=\"attachment-large size-large wp-image-755\" alt=\"\" srcset=\"https:\/\/montec-gmbh.de\/wp-content\/uploads\/2025\/08\/DSCF4921-1024x683.jpg 1024w, https:\/\/montec-gmbh.de\/wp-content\/uploads\/2025\/08\/DSCF4921-300x200.jpg 300w, https:\/\/montec-gmbh.de\/wp-content\/uploads\/2025\/08\/DSCF4921-768x512.jpg 768w, https:\/\/montec-gmbh.de\/wp-content\/uploads\/2025\/08\/DSCF4921-1536x1024.jpg 1536w, https:\/\/montec-gmbh.de\/wp-content\/uploads\/2025\/08\/DSCF4921-2048x1366.jpg 2048w\" sizes=\"(max-width: 800px) 100vw, 800px\" \/>\t\t\t\t\t\t\t\t\t\t\t\t\t\t\t<\/div>\n\t\t\t\t<\/div>\n\t\t\t\t<\/div>\n\t\t\t\t\t<\/div>\n\t\t\t\t<\/div>\n\t\t\t\t<\/div>\n\t\t","protected":false},"excerpt":{"rendered":"<p>Qualit\u00e9, s\u00e9curit\u00e9 et responsabilit\u00e9 Serviceclient Service client G\u00e9rer des projets \u2013 de A \u00e0 Z G\u00e9rer l\u2019actualit\u00e9, initier les prochaines \u00e9tapes, documenter ce qui a \u00e9t\u00e9 r\u00e9alis\u00e9 \u2013 la transparence est importante pour nous, tant dans le d\u00e9roulement des projets internes qu\u2019externes. Seul celui qui a toutes les informations \u00e0 port\u00e9e de main peut activement [&hellip;]<\/p>\n","protected":false},"author":1,"featured_media":0,"parent":0,"menu_order":0,"comment_status":"closed","ping_status":"closed","template":"","meta":{"inline_featured_image":false,"footnotes":""},"class_list":["post-1681","page","type-page","status-publish","hentry"],"yoast_head":"<!-- This site is optimized with the Yoast SEO plugin v27.2 - https:\/\/yoast.com\/product\/yoast-seo-wordpress\/ -->\n<title>Service client - Montec International<\/title>\n<meta name=\"robots\" content=\"index, follow, max-snippet:-1, max-image-preview:large, max-video-preview:-1\" \/>\n<link rel=\"canonical\" href=\"https:\/\/montec-gmbh.de\/fr\/service-client\/\" \/>\n<meta property=\"og:locale\" content=\"fr_FR\" \/>\n<meta property=\"og:type\" content=\"article\" \/>\n<meta property=\"og:title\" content=\"Service client - Montec International\" \/>\n<meta property=\"og:description\" content=\"Qualit\u00e9, s\u00e9curit\u00e9 et responsabilit\u00e9 Serviceclient Service client G\u00e9rer des projets \u2013 de A \u00e0 Z G\u00e9rer l\u2019actualit\u00e9, initier les prochaines \u00e9tapes, documenter ce qui a \u00e9t\u00e9 r\u00e9alis\u00e9 \u2013 la transparence est importante pour nous, tant dans le d\u00e9roulement des projets internes qu\u2019externes. Seul celui qui a toutes les informations \u00e0 port\u00e9e de main peut activement [&hellip;]\" \/>\n<meta property=\"og:url\" content=\"https:\/\/montec-gmbh.de\/fr\/service-client\/\" \/>\n<meta property=\"og:site_name\" content=\"Montec International\" \/>\n<meta property=\"article:modified_time\" content=\"2026-03-18T13:34:42+00:00\" \/>\n<meta property=\"og:image\" content=\"https:\/\/montec-gmbh.de\/wp-content\/uploads\/2025\/08\/DSCF4973.jpg\" \/>\n\t<meta property=\"og:image:width\" content=\"2080\" \/>\n\t<meta property=\"og:image:height\" content=\"1387\" \/>\n\t<meta property=\"og:image:type\" content=\"image\/jpeg\" \/>\n<meta name=\"twitter:card\" content=\"summary_large_image\" \/>\n<meta name=\"twitter:label1\" content=\"Dur\u00e9e de lecture estim\u00e9e\" \/>\n\t<meta name=\"twitter:data1\" content=\"1 minute\" \/>\n<script type=\"application\/ld+json\" class=\"yoast-schema-graph\">{\"@context\":\"https:\/\/schema.org\",\"@graph\":[{\"@type\":\"WebPage\",\"@id\":\"https:\/\/montec-gmbh.de\/fr\/service-client\/\",\"url\":\"https:\/\/montec-gmbh.de\/fr\/service-client\/\",\"name\":\"Service client - Montec International\",\"isPartOf\":{\"@id\":\"https:\/\/montec-gmbh.de\/en\/#website\"},\"primaryImageOfPage\":{\"@id\":\"https:\/\/montec-gmbh.de\/fr\/service-client\/#primaryimage\"},\"image\":{\"@id\":\"https:\/\/montec-gmbh.de\/fr\/service-client\/#primaryimage\"},\"thumbnailUrl\":\"https:\/\/montec-gmbh.de\/wp-content\/uploads\/2025\/08\/DSCF4973-1024x683.jpg\",\"datePublished\":\"2025-09-16T05:47:43+00:00\",\"dateModified\":\"2026-03-18T13:34:42+00:00\",\"breadcrumb\":{\"@id\":\"https:\/\/montec-gmbh.de\/fr\/service-client\/#breadcrumb\"},\"inLanguage\":\"fr-FR\",\"potentialAction\":[{\"@type\":\"ReadAction\",\"target\":[\"https:\/\/montec-gmbh.de\/fr\/service-client\/\"]}]},{\"@type\":\"ImageObject\",\"inLanguage\":\"fr-FR\",\"@id\":\"https:\/\/montec-gmbh.de\/fr\/service-client\/#primaryimage\",\"url\":\"https:\/\/montec-gmbh.de\/wp-content\/uploads\/2025\/08\/DSCF4973-1024x683.jpg\",\"contentUrl\":\"https:\/\/montec-gmbh.de\/wp-content\/uploads\/2025\/08\/DSCF4973-1024x683.jpg\"},{\"@type\":\"BreadcrumbList\",\"@id\":\"https:\/\/montec-gmbh.de\/fr\/service-client\/#breadcrumb\",\"itemListElement\":[{\"@type\":\"ListItem\",\"position\":1,\"name\":\"Start\",\"item\":\"https:\/\/montec-gmbh.de\/fr\/montec-international\/\"},{\"@type\":\"ListItem\",\"position\":2,\"name\":\"Service client\"}]},{\"@type\":\"WebSite\",\"@id\":\"https:\/\/montec-gmbh.de\/en\/#website\",\"url\":\"https:\/\/montec-gmbh.de\/en\/\",\"name\":\"Montec International\",\"description\":\"Industriemontagen, Schwerlastmontagen, Werksverlagerungen - MONTEC Augsburg\",\"publisher\":{\"@id\":\"https:\/\/montec-gmbh.de\/en\/#organization\"},\"potentialAction\":[{\"@type\":\"SearchAction\",\"target\":{\"@type\":\"EntryPoint\",\"urlTemplate\":\"https:\/\/montec-gmbh.de\/en\/?s={search_term_string}\"},\"query-input\":{\"@type\":\"PropertyValueSpecification\",\"valueRequired\":true,\"valueName\":\"search_term_string\"}}],\"inLanguage\":\"fr-FR\"},{\"@type\":\"Organization\",\"@id\":\"https:\/\/montec-gmbh.de\/en\/#organization\",\"name\":\"Montec International\",\"url\":\"https:\/\/montec-gmbh.de\/en\/\",\"logo\":{\"@type\":\"ImageObject\",\"inLanguage\":\"fr-FR\",\"@id\":\"https:\/\/montec-gmbh.de\/en\/#\/schema\/logo\/image\/\",\"url\":\"https:\/\/montec-gmbh.de\/wp-content\/uploads\/2025\/06\/Montec-international-1.png\",\"contentUrl\":\"https:\/\/montec-gmbh.de\/wp-content\/uploads\/2025\/06\/Montec-international-1.png\",\"width\":1648,\"height\":429,\"caption\":\"Montec International\"},\"image\":{\"@id\":\"https:\/\/montec-gmbh.de\/en\/#\/schema\/logo\/image\/\"}}]}<\/script>\n<!-- \/ Yoast SEO plugin. -->","yoast_head_json":{"title":"Service client - Montec International","robots":{"index":"index","follow":"follow","max-snippet":"max-snippet:-1","max-image-preview":"max-image-preview:large","max-video-preview":"max-video-preview:-1"},"canonical":"https:\/\/montec-gmbh.de\/fr\/service-client\/","og_locale":"fr_FR","og_type":"article","og_title":"Service client - Montec International","og_description":"Qualit\u00e9, s\u00e9curit\u00e9 et responsabilit\u00e9 Serviceclient Service client G\u00e9rer des projets \u2013 de A \u00e0 Z G\u00e9rer l\u2019actualit\u00e9, initier les prochaines \u00e9tapes, documenter ce qui a \u00e9t\u00e9 r\u00e9alis\u00e9 \u2013 la transparence est importante pour nous, tant dans le d\u00e9roulement des projets internes qu\u2019externes. Seul celui qui a toutes les informations \u00e0 port\u00e9e de main peut activement [&hellip;]","og_url":"https:\/\/montec-gmbh.de\/fr\/service-client\/","og_site_name":"Montec International","article_modified_time":"2026-03-18T13:34:42+00:00","og_image":[{"width":2080,"height":1387,"url":"https:\/\/montec-gmbh.de\/wp-content\/uploads\/2025\/08\/DSCF4973.jpg","type":"image\/jpeg"}],"twitter_card":"summary_large_image","twitter_misc":{"Dur\u00e9e de lecture estim\u00e9e":"1 minute"},"schema":{"@context":"https:\/\/schema.org","@graph":[{"@type":"WebPage","@id":"https:\/\/montec-gmbh.de\/fr\/service-client\/","url":"https:\/\/montec-gmbh.de\/fr\/service-client\/","name":"Service client - Montec International","isPartOf":{"@id":"https:\/\/montec-gmbh.de\/en\/#website"},"primaryImageOfPage":{"@id":"https:\/\/montec-gmbh.de\/fr\/service-client\/#primaryimage"},"image":{"@id":"https:\/\/montec-gmbh.de\/fr\/service-client\/#primaryimage"},"thumbnailUrl":"https:\/\/montec-gmbh.de\/wp-content\/uploads\/2025\/08\/DSCF4973-1024x683.jpg","datePublished":"2025-09-16T05:47:43+00:00","dateModified":"2026-03-18T13:34:42+00:00","breadcrumb":{"@id":"https:\/\/montec-gmbh.de\/fr\/service-client\/#breadcrumb"},"inLanguage":"fr-FR","potentialAction":[{"@type":"ReadAction","target":["https:\/\/montec-gmbh.de\/fr\/service-client\/"]}]},{"@type":"ImageObject","inLanguage":"fr-FR","@id":"https:\/\/montec-gmbh.de\/fr\/service-client\/#primaryimage","url":"https:\/\/montec-gmbh.de\/wp-content\/uploads\/2025\/08\/DSCF4973-1024x683.jpg","contentUrl":"https:\/\/montec-gmbh.de\/wp-content\/uploads\/2025\/08\/DSCF4973-1024x683.jpg"},{"@type":"BreadcrumbList","@id":"https:\/\/montec-gmbh.de\/fr\/service-client\/#breadcrumb","itemListElement":[{"@type":"ListItem","position":1,"name":"Start","item":"https:\/\/montec-gmbh.de\/fr\/montec-international\/"},{"@type":"ListItem","position":2,"name":"Service client"}]},{"@type":"WebSite","@id":"https:\/\/montec-gmbh.de\/en\/#website","url":"https:\/\/montec-gmbh.de\/en\/","name":"Montec International","description":"Industriemontagen, Schwerlastmontagen, Werksverlagerungen - MONTEC Augsburg","publisher":{"@id":"https:\/\/montec-gmbh.de\/en\/#organization"},"potentialAction":[{"@type":"SearchAction","target":{"@type":"EntryPoint","urlTemplate":"https:\/\/montec-gmbh.de\/en\/?s={search_term_string}"},"query-input":{"@type":"PropertyValueSpecification","valueRequired":true,"valueName":"search_term_string"}}],"inLanguage":"fr-FR"},{"@type":"Organization","@id":"https:\/\/montec-gmbh.de\/en\/#organization","name":"Montec International","url":"https:\/\/montec-gmbh.de\/en\/","logo":{"@type":"ImageObject","inLanguage":"fr-FR","@id":"https:\/\/montec-gmbh.de\/en\/#\/schema\/logo\/image\/","url":"https:\/\/montec-gmbh.de\/wp-content\/uploads\/2025\/06\/Montec-international-1.png","contentUrl":"https:\/\/montec-gmbh.de\/wp-content\/uploads\/2025\/06\/Montec-international-1.png","width":1648,"height":429,"caption":"Montec International"},"image":{"@id":"https:\/\/montec-gmbh.de\/en\/#\/schema\/logo\/image\/"}}]}},"_links":{"self":[{"href":"https:\/\/montec-gmbh.de\/fr\/wp-json\/wp\/v2\/pages\/1681","targetHints":{"allow":["GET"]}}],"collection":[{"href":"https:\/\/montec-gmbh.de\/fr\/wp-json\/wp\/v2\/pages"}],"about":[{"href":"https:\/\/montec-gmbh.de\/fr\/wp-json\/wp\/v2\/types\/page"}],"author":[{"embeddable":true,"href":"https:\/\/montec-gmbh.de\/fr\/wp-json\/wp\/v2\/users\/1"}],"replies":[{"embeddable":true,"href":"https:\/\/montec-gmbh.de\/fr\/wp-json\/wp\/v2\/comments?post=1681"}],"version-history":[{"count":1,"href":"https:\/\/montec-gmbh.de\/fr\/wp-json\/wp\/v2\/pages\/1681\/revisions"}],"predecessor-version":[{"id":1682,"href":"https:\/\/montec-gmbh.de\/fr\/wp-json\/wp\/v2\/pages\/1681\/revisions\/1682"}],"wp:attachment":[{"href":"https:\/\/montec-gmbh.de\/fr\/wp-json\/wp\/v2\/media?parent=1681"}],"curies":[{"name":"wp","href":"https:\/\/api.w.org\/{rel}","templated":true}]}}