{"id":1158,"date":"2025-09-17T09:21:00","date_gmt":"2025-09-17T07:21:00","guid":{"rendered":"https:\/\/montec.diemayrei.de\/?page_id=1158"},"modified":"2026-01-21T11:02:53","modified_gmt":"2026-01-21T10:02:53","slug":"zertifizierungen","status":"publish","type":"page","link":"https:\/\/montec-gmbh.de\/de\/zertifizierungen\/","title":{"rendered":"Zertifizierungen"},"content":{"rendered":"\t\t<div data-elementor-type=\"wp-page\" data-elementor-id=\"1158\" class=\"elementor elementor-1158\" data-elementor-post-type=\"page\">\n\t\t\t\t<div class=\"elementor-element elementor-element-621c90e e-flex e-con-boxed e-con e-parent\" data-id=\"621c90e\" data-element_type=\"container\" data-e-type=\"container\" data-settings=\"{&quot;background_background&quot;:&quot;slideshow&quot;,&quot;background_slideshow_gallery&quot;:[{&quot;id&quot;:1276,&quot;url&quot;:&quot;https:\\\/\\\/montec-gmbh.de\\\/wp-content\\\/uploads\\\/2025\\\/09\\\/DSCF5983-scaled.jpg&quot;}],&quot;background_slideshow_ken_burns&quot;:&quot;yes&quot;,&quot;background_slideshow_loop&quot;:&quot;yes&quot;,&quot;background_slideshow_slide_duration&quot;:5000,&quot;background_slideshow_slide_transition&quot;:&quot;fade&quot;,&quot;background_slideshow_transition_duration&quot;:500,&quot;background_slideshow_ken_burns_zoom_direction&quot;:&quot;in&quot;}\">\n\t\t\t\t\t<div class=\"e-con-inner\">\n\t\t\t\t<div class=\"elementor-element elementor-element-e5dfade elementor-widget elementor-widget-heading\" data-id=\"e5dfade\" data-element_type=\"widget\" data-e-type=\"widget\" data-widget_type=\"heading.default\">\n\t\t\t\t<div class=\"elementor-widget-container\">\n\t\t\t\t\t<h2 class=\"elementor-heading-title elementor-size-default\">Qualit\u00e4t, Sicherheit und Verantwortung<\/h2>\t\t\t\t<\/div>\n\t\t\t\t<\/div>\n\t\t\t\t<div class=\"elementor-element elementor-element-bab5087 animated-fast elementor-invisible elementor-widget elementor-widget-heading\" data-id=\"bab5087\" data-element_type=\"widget\" data-e-type=\"widget\" data-settings=\"{&quot;_animation&quot;:&quot;slideInUp&quot;}\" data-widget_type=\"heading.default\">\n\t\t\t\t<div class=\"elementor-widget-container\">\n\t\t\t\t\t<h1 class=\"elementor-heading-title elementor-size-default\">Unsere <br>Zertifikate<\/h1>\t\t\t\t<\/div>\n\t\t\t\t<\/div>\n\t\t\t\t\t<\/div>\n\t\t\t\t<\/div>\n\t\t<div class=\"elementor-element elementor-element-d8b47d2 e-flex e-con-boxed e-con e-parent\" data-id=\"d8b47d2\" data-element_type=\"container\" data-e-type=\"container\" data-settings=\"{&quot;background_background&quot;:&quot;classic&quot;}\">\n\t\t\t\t\t<div class=\"e-con-inner\">\n\t\t<div class=\"elementor-element elementor-element-7ccc3da e-con-full e-flex e-con e-child\" data-id=\"7ccc3da\" data-element_type=\"container\" data-e-type=\"container\">\n\t\t\t\t<div class=\"elementor-element elementor-element-17bbab6 elementor-widget elementor-widget-heading\" data-id=\"17bbab6\" data-element_type=\"widget\" data-e-type=\"widget\" data-widget_type=\"heading.default\">\n\t\t\t\t<div class=\"elementor-widget-container\">\n\t\t\t\t\t<h2 class=\"elementor-heading-title elementor-size-default\">Zertifizierungen<\/h2>\t\t\t\t<\/div>\n\t\t\t\t<\/div>\n\t\t\t\t<div class=\"elementor-element elementor-element-892a15c animated-slow elementor-invisible elementor-widget elementor-widget-heading\" data-id=\"892a15c\" data-element_type=\"widget\" data-e-type=\"widget\" data-settings=\"{&quot;_animation&quot;:&quot;fadeIn&quot;}\" data-widget_type=\"heading.default\">\n\t\t\t\t<div class=\"elementor-widget-container\">\n\t\t\t\t\t<h2 class=\"elementor-heading-title elementor-size-default\">Unsere Zertifizierungen sind nicht nur Nachweise \u2013 sie sind unser Versprechen an Kunden, Partner und Mitarbeiter!<\/h2>\t\t\t\t<\/div>\n\t\t\t\t<\/div>\n\t\t\t\t<div class=\"elementor-element elementor-element-3013dfa elementor-widget elementor-widget-text-editor\" data-id=\"3013dfa\" data-element_type=\"widget\" data-e-type=\"widget\" data-widget_type=\"text-editor.default\">\n\t\t\t\t<div class=\"elementor-widget-container\">\n\t\t\t\t\t\t\t\t\t<p>Unsere Zertifizierungen \u2013 Qualit\u00e4t, Sicherheit und Verantwortung<br \/>Unser Unternehmen steht f\u00fcr h\u00f6chste Standards in Qualit\u00e4t, Arbeitssicherheit und Umweltschutz. Dies belegen unsere anerkannten Zertifizierungen:<\/p>\t\t\t\t\t\t\t\t<\/div>\n\t\t\t\t<\/div>\n\t\t\t\t<div class=\"elementor-element elementor-element-ad014e6 elementor-widget elementor-widget-text-editor\" data-id=\"ad014e6\" data-element_type=\"widget\" data-e-type=\"widget\" data-widget_type=\"text-editor.default\">\n\t\t\t\t<div class=\"elementor-widget-container\">\n\t\t\t\t\t\t\t\t\t<p><strong>ISO 9001 \u2013 Qualit\u00e4tsmanagement<\/strong><br>Diese international anerkannte Norm best\u00e4tigt unser strukturiertes Qualit\u00e4tsmanagement und unser kontinuierliches Streben nach Verbesserung \u2013 f\u00fcr optimale Abl\u00e4ufe und maximale Kundenzufriedenheit.<\/p>\n<p><strong>ISO 45001 \u2013 Arbeitssicherheit und Gesundheitsschutz<\/strong><br>Mit dieser Zertifizierung setzen wir ein starkes Zeichen f\u00fcr sichere Arbeitspl\u00e4tze und den Schutz unserer Mitarbeiter. Pr\u00e4vention und nachhaltige Sicherheitskonzepte stehen bei uns an erster Stelle.<\/p>\n<p><strong>WHG-Zertifikat nach Wasserhaushaltsgesetz<\/strong><\/p>\n<p>Als Fachbetrieb nach WHG sind wir qualifiziert, mit wassergef\u00e4hrdenden Stoffen sachgem\u00e4\u00df umzugehen. Damit leisten wir einen aktiven Beitrag zum Umwelt- und Gew\u00e4sserschutz.<\/p>\n<p><strong>D\u00fcbel- und Befestigungstechnik<\/strong><br>Unsere geschulten Fachkr\u00e4fte sind im Umgang mit HILTI-D\u00fcbeltechnik zertifiziert. So garantieren wir sichere und normgerechte Befestigungsl\u00f6sungen \u2013 auch unter h\u00f6chsten Anforderungen.<\/p>\n<p><strong>Regalanlagen<\/strong> <br>Die Inspektion und Pr\u00fcfung von Regalanlagen nach DIN EN ISO 15635 geh\u00f6rt ebenso zu unserem Alltag. Egal ob eine Bestandsanlage oder nach einem fachgerechten Umzug. Wir \u00fcbernehmen die Pr\u00fcfung Ihrer Lagersysteme und \u00fcbergeben Ihnen ein sicheres und konformes Regal.<\/p>\t\t\t\t\t\t\t\t<\/div>\n\t\t\t\t<\/div>\n\t\t\t\t<\/div>\n\t\t\t\t\t<\/div>\n\t\t\t\t<\/div>\n\t\t\t\t<\/div>\n\t\t","protected":false},"excerpt":{"rendered":"<p>Qualit\u00e4t, Sicherheit und Verantwortung Unsere Zertifikate Zertifizierungen Unsere Zertifizierungen sind nicht nur Nachweise \u2013 sie sind unser Versprechen an Kunden, Partner und Mitarbeiter! Unsere Zertifizierungen \u2013 Qualit\u00e4t, Sicherheit und VerantwortungUnser Unternehmen steht f\u00fcr h\u00f6chste Standards in Qualit\u00e4t, Arbeitssicherheit und Umweltschutz. Dies belegen unsere anerkannten Zertifizierungen: ISO 9001 \u2013 Qualit\u00e4tsmanagementDiese international anerkannte Norm best\u00e4tigt unser strukturiertes [&hellip;]<\/p>\n","protected":false},"author":1,"featured_media":0,"parent":0,"menu_order":0,"comment_status":"closed","ping_status":"closed","template":"","meta":{"inline_featured_image":false,"footnotes":""},"class_list":["post-1158","page","type-page","status-publish","hentry"],"yoast_head":"<!-- This site is optimized with the Yoast SEO plugin v27.2 - https:\/\/yoast.com\/product\/yoast-seo-wordpress\/ -->\n<title>Zertifizierungen - Montec International<\/title>\n<meta name=\"robots\" content=\"index, follow, max-snippet:-1, max-image-preview:large, max-video-preview:-1\" \/>\n<link rel=\"canonical\" href=\"https:\/\/montec-gmbh.de\/de\/zertifizierungen\/\" \/>\n<meta property=\"og:locale\" content=\"de_DE\" \/>\n<meta property=\"og:type\" content=\"article\" \/>\n<meta property=\"og:title\" content=\"Zertifizierungen - Montec International\" \/>\n<meta property=\"og:description\" content=\"Qualit\u00e4t, Sicherheit und Verantwortung Unsere Zertifikate Zertifizierungen Unsere Zertifizierungen sind nicht nur Nachweise \u2013 sie sind unser Versprechen an Kunden, Partner und Mitarbeiter! Unsere Zertifizierungen \u2013 Qualit\u00e4t, Sicherheit und VerantwortungUnser Unternehmen steht f\u00fcr h\u00f6chste Standards in Qualit\u00e4t, Arbeitssicherheit und Umweltschutz. Dies belegen unsere anerkannten Zertifizierungen: ISO 9001 \u2013 Qualit\u00e4tsmanagementDiese international anerkannte Norm best\u00e4tigt unser strukturiertes [&hellip;]\" \/>\n<meta property=\"og:url\" content=\"https:\/\/montec-gmbh.de\/de\/zertifizierungen\/\" \/>\n<meta property=\"og:site_name\" content=\"Montec International\" \/>\n<meta property=\"article:modified_time\" content=\"2026-01-21T10:02:53+00:00\" \/>\n<meta name=\"twitter:card\" content=\"summary_large_image\" \/>\n<meta name=\"twitter:label1\" content=\"Gesch\u00e4tzte Lesezeit\" \/>\n\t<meta name=\"twitter:data1\" content=\"1\u00a0Minute\" \/>\n<script type=\"application\/ld+json\" class=\"yoast-schema-graph\">{\"@context\":\"https:\/\/schema.org\",\"@graph\":[{\"@type\":\"WebPage\",\"@id\":\"https:\/\/montec-gmbh.de\/de\/zertifizierungen\/\",\"url\":\"https:\/\/montec-gmbh.de\/de\/zertifizierungen\/\",\"name\":\"Zertifizierungen - Montec International\",\"isPartOf\":{\"@id\":\"https:\/\/montec-gmbh.de\/en\/#website\"},\"datePublished\":\"2025-09-17T07:21:00+00:00\",\"dateModified\":\"2026-01-21T10:02:53+00:00\",\"breadcrumb\":{\"@id\":\"https:\/\/montec-gmbh.de\/de\/zertifizierungen\/#breadcrumb\"},\"inLanguage\":\"de\",\"potentialAction\":[{\"@type\":\"ReadAction\",\"target\":[\"https:\/\/montec-gmbh.de\/de\/zertifizierungen\/\"]}]},{\"@type\":\"BreadcrumbList\",\"@id\":\"https:\/\/montec-gmbh.de\/de\/zertifizierungen\/#breadcrumb\",\"itemListElement\":[{\"@type\":\"ListItem\",\"position\":1,\"name\":\"Start\",\"item\":\"https:\/\/montec-gmbh.de\/de\/\"},{\"@type\":\"ListItem\",\"position\":2,\"name\":\"Zertifizierungen\"}]},{\"@type\":\"WebSite\",\"@id\":\"https:\/\/montec-gmbh.de\/en\/#website\",\"url\":\"https:\/\/montec-gmbh.de\/en\/\",\"name\":\"Montec International\",\"description\":\"Industriemontagen, Schwerlastmontagen, Werksverlagerungen - MONTEC Augsburg\",\"publisher\":{\"@id\":\"https:\/\/montec-gmbh.de\/en\/#organization\"},\"potentialAction\":[{\"@type\":\"SearchAction\",\"target\":{\"@type\":\"EntryPoint\",\"urlTemplate\":\"https:\/\/montec-gmbh.de\/en\/?s={search_term_string}\"},\"query-input\":{\"@type\":\"PropertyValueSpecification\",\"valueRequired\":true,\"valueName\":\"search_term_string\"}}],\"inLanguage\":\"de\"},{\"@type\":\"Organization\",\"@id\":\"https:\/\/montec-gmbh.de\/en\/#organization\",\"name\":\"Montec International\",\"url\":\"https:\/\/montec-gmbh.de\/en\/\",\"logo\":{\"@type\":\"ImageObject\",\"inLanguage\":\"de\",\"@id\":\"https:\/\/montec-gmbh.de\/en\/#\/schema\/logo\/image\/\",\"url\":\"https:\/\/montec-gmbh.de\/wp-content\/uploads\/2025\/06\/Montec-international-1.png\",\"contentUrl\":\"https:\/\/montec-gmbh.de\/wp-content\/uploads\/2025\/06\/Montec-international-1.png\",\"width\":1648,\"height\":429,\"caption\":\"Montec International\"},\"image\":{\"@id\":\"https:\/\/montec-gmbh.de\/en\/#\/schema\/logo\/image\/\"}}]}<\/script>\n<!-- \/ Yoast SEO plugin. -->","yoast_head_json":{"title":"Zertifizierungen - Montec International","robots":{"index":"index","follow":"follow","max-snippet":"max-snippet:-1","max-image-preview":"max-image-preview:large","max-video-preview":"max-video-preview:-1"},"canonical":"https:\/\/montec-gmbh.de\/de\/zertifizierungen\/","og_locale":"de_DE","og_type":"article","og_title":"Zertifizierungen - Montec International","og_description":"Qualit\u00e4t, Sicherheit und Verantwortung Unsere Zertifikate Zertifizierungen Unsere Zertifizierungen sind nicht nur Nachweise \u2013 sie sind unser Versprechen an Kunden, Partner und Mitarbeiter! Unsere Zertifizierungen \u2013 Qualit\u00e4t, Sicherheit und VerantwortungUnser Unternehmen steht f\u00fcr h\u00f6chste Standards in Qualit\u00e4t, Arbeitssicherheit und Umweltschutz. Dies belegen unsere anerkannten Zertifizierungen: ISO 9001 \u2013 Qualit\u00e4tsmanagementDiese international anerkannte Norm best\u00e4tigt unser strukturiertes [&hellip;]","og_url":"https:\/\/montec-gmbh.de\/de\/zertifizierungen\/","og_site_name":"Montec International","article_modified_time":"2026-01-21T10:02:53+00:00","twitter_card":"summary_large_image","twitter_misc":{"Gesch\u00e4tzte Lesezeit":"1\u00a0Minute"},"schema":{"@context":"https:\/\/schema.org","@graph":[{"@type":"WebPage","@id":"https:\/\/montec-gmbh.de\/de\/zertifizierungen\/","url":"https:\/\/montec-gmbh.de\/de\/zertifizierungen\/","name":"Zertifizierungen - Montec International","isPartOf":{"@id":"https:\/\/montec-gmbh.de\/en\/#website"},"datePublished":"2025-09-17T07:21:00+00:00","dateModified":"2026-01-21T10:02:53+00:00","breadcrumb":{"@id":"https:\/\/montec-gmbh.de\/de\/zertifizierungen\/#breadcrumb"},"inLanguage":"de","potentialAction":[{"@type":"ReadAction","target":["https:\/\/montec-gmbh.de\/de\/zertifizierungen\/"]}]},{"@type":"BreadcrumbList","@id":"https:\/\/montec-gmbh.de\/de\/zertifizierungen\/#breadcrumb","itemListElement":[{"@type":"ListItem","position":1,"name":"Start","item":"https:\/\/montec-gmbh.de\/de\/"},{"@type":"ListItem","position":2,"name":"Zertifizierungen"}]},{"@type":"WebSite","@id":"https:\/\/montec-gmbh.de\/en\/#website","url":"https:\/\/montec-gmbh.de\/en\/","name":"Montec International","description":"Industriemontagen, Schwerlastmontagen, Werksverlagerungen - MONTEC Augsburg","publisher":{"@id":"https:\/\/montec-gmbh.de\/en\/#organization"},"potentialAction":[{"@type":"SearchAction","target":{"@type":"EntryPoint","urlTemplate":"https:\/\/montec-gmbh.de\/en\/?s={search_term_string}"},"query-input":{"@type":"PropertyValueSpecification","valueRequired":true,"valueName":"search_term_string"}}],"inLanguage":"de"},{"@type":"Organization","@id":"https:\/\/montec-gmbh.de\/en\/#organization","name":"Montec International","url":"https:\/\/montec-gmbh.de\/en\/","logo":{"@type":"ImageObject","inLanguage":"de","@id":"https:\/\/montec-gmbh.de\/en\/#\/schema\/logo\/image\/","url":"https:\/\/montec-gmbh.de\/wp-content\/uploads\/2025\/06\/Montec-international-1.png","contentUrl":"https:\/\/montec-gmbh.de\/wp-content\/uploads\/2025\/06\/Montec-international-1.png","width":1648,"height":429,"caption":"Montec International"},"image":{"@id":"https:\/\/montec-gmbh.de\/en\/#\/schema\/logo\/image\/"}}]}},"_links":{"self":[{"href":"https:\/\/montec-gmbh.de\/de\/wp-json\/wp\/v2\/pages\/1158","targetHints":{"allow":["GET"]}}],"collection":[{"href":"https:\/\/montec-gmbh.de\/de\/wp-json\/wp\/v2\/pages"}],"about":[{"href":"https:\/\/montec-gmbh.de\/de\/wp-json\/wp\/v2\/types\/page"}],"author":[{"embeddable":true,"href":"https:\/\/montec-gmbh.de\/de\/wp-json\/wp\/v2\/users\/1"}],"replies":[{"embeddable":true,"href":"https:\/\/montec-gmbh.de\/de\/wp-json\/wp\/v2\/comments?post=1158"}],"version-history":[{"count":22,"href":"https:\/\/montec-gmbh.de\/de\/wp-json\/wp\/v2\/pages\/1158\/revisions"}],"predecessor-version":[{"id":2025,"href":"https:\/\/montec-gmbh.de\/de\/wp-json\/wp\/v2\/pages\/1158\/revisions\/2025"}],"wp:attachment":[{"href":"https:\/\/montec-gmbh.de\/de\/wp-json\/wp\/v2\/media?parent=1158"}],"curies":[{"name":"wp","href":"https:\/\/api.w.org\/{rel}","templated":true}]}}