{"id":1031,"date":"2025-09-16T07:47:43","date_gmt":"2025-09-16T05:47:43","guid":{"rendered":"https:\/\/montec.diemayrei.de\/?page_id=1031"},"modified":"2026-01-21T11:38:16","modified_gmt":"2026-01-21T10:38:16","slug":"kundenbetreuung","status":"publish","type":"page","link":"https:\/\/montec-gmbh.de\/de\/kundenbetreuung\/","title":{"rendered":"Kundenbetreuung"},"content":{"rendered":"\t\t<div data-elementor-type=\"wp-page\" data-elementor-id=\"1031\" class=\"elementor elementor-1031\" data-elementor-post-type=\"page\">\n\t\t\t\t<div class=\"elementor-element elementor-element-7091718 e-flex e-con-boxed e-con e-parent\" data-id=\"7091718\" data-element_type=\"container\" data-e-type=\"container\" data-settings=\"{&quot;background_background&quot;:&quot;slideshow&quot;,&quot;background_slideshow_gallery&quot;:[{&quot;id&quot;:1284,&quot;url&quot;:&quot;https:\\\/\\\/montec-gmbh.de\\\/wp-content\\\/uploads\\\/2025\\\/09\\\/DSCF6452-scaled.jpg&quot;},{&quot;id&quot;:1282,&quot;url&quot;:&quot;https:\\\/\\\/montec-gmbh.de\\\/wp-content\\\/uploads\\\/2025\\\/09\\\/DSCF6165-1-scaled.jpg&quot;},{&quot;id&quot;:1285,&quot;url&quot;:&quot;https:\\\/\\\/montec-gmbh.de\\\/wp-content\\\/uploads\\\/2025\\\/09\\\/DSCF6651-scaled.jpg&quot;},{&quot;id&quot;:1283,&quot;url&quot;:&quot;https:\\\/\\\/montec-gmbh.de\\\/wp-content\\\/uploads\\\/2025\\\/09\\\/DSCF6399-scaled.jpg&quot;}],&quot;background_slideshow_ken_burns&quot;:&quot;yes&quot;,&quot;background_slideshow_loop&quot;:&quot;yes&quot;,&quot;background_slideshow_slide_duration&quot;:5000,&quot;background_slideshow_slide_transition&quot;:&quot;fade&quot;,&quot;background_slideshow_transition_duration&quot;:500,&quot;background_slideshow_ken_burns_zoom_direction&quot;:&quot;in&quot;}\">\n\t\t\t\t\t<div class=\"e-con-inner\">\n\t\t\t\t<div class=\"elementor-element elementor-element-25838c7 elementor-widget elementor-widget-heading\" data-id=\"25838c7\" data-element_type=\"widget\" data-e-type=\"widget\" data-widget_type=\"heading.default\">\n\t\t\t\t<div class=\"elementor-widget-container\">\n\t\t\t\t\t<h2 class=\"elementor-heading-title elementor-size-default\">Qualit\u00e4t, Sicherheit und Verantwortung<\/h2>\t\t\t\t<\/div>\n\t\t\t\t<\/div>\n\t\t\t\t<div class=\"elementor-element elementor-element-e570136 animated-fast elementor-invisible elementor-widget elementor-widget-heading\" data-id=\"e570136\" data-element_type=\"widget\" data-e-type=\"widget\" data-settings=\"{&quot;_animation&quot;:&quot;slideInUp&quot;}\" data-widget_type=\"heading.default\">\n\t\t\t\t<div class=\"elementor-widget-container\">\n\t\t\t\t\t<h1 class=\"elementor-heading-title elementor-size-default\">Kunden-<br>betreuung<\/h1>\t\t\t\t<\/div>\n\t\t\t\t<\/div>\n\t\t\t\t\t<\/div>\n\t\t\t\t<\/div>\n\t\t<div class=\"elementor-element elementor-element-f49a2bd e-flex e-con-boxed e-con e-parent\" data-id=\"f49a2bd\" data-element_type=\"container\" data-e-type=\"container\" data-settings=\"{&quot;background_background&quot;:&quot;classic&quot;}\">\n\t\t\t\t\t<div class=\"e-con-inner\">\n\t\t<div class=\"elementor-element elementor-element-4e9d585 e-con-full e-flex e-con e-child\" data-id=\"4e9d585\" data-element_type=\"container\" data-e-type=\"container\">\n\t\t\t\t<div class=\"elementor-element elementor-element-2d9e832 elementor-widget elementor-widget-heading\" data-id=\"2d9e832\" data-element_type=\"widget\" data-e-type=\"widget\" data-widget_type=\"heading.default\">\n\t\t\t\t<div class=\"elementor-widget-container\">\n\t\t\t\t\t<h2 class=\"elementor-heading-title elementor-size-default\">Kundenbetreuung<\/h2>\t\t\t\t<\/div>\n\t\t\t\t<\/div>\n\t\t\t\t<div class=\"elementor-element elementor-element-a9023b9 animated-slow elementor-invisible elementor-widget elementor-widget-heading\" data-id=\"a9023b9\" data-element_type=\"widget\" data-e-type=\"widget\" data-settings=\"{&quot;_animation&quot;:&quot;fadeIn&quot;}\" data-widget_type=\"heading.default\">\n\t\t\t\t<div class=\"elementor-widget-container\">\n\t\t\t\t\t<h2 class=\"elementor-heading-title elementor-size-default\">Projekte managen \u2013 <br>von A bis Z<\/h2>\t\t\t\t<\/div>\n\t\t\t\t<\/div>\n\t\t\t\t<div class=\"elementor-element elementor-element-dc64f6b elementor-widget elementor-widget-text-editor\" data-id=\"dc64f6b\" data-element_type=\"widget\" data-e-type=\"widget\" data-widget_type=\"text-editor.default\">\n\t\t\t\t<div class=\"elementor-widget-container\">\n\t\t\t\t\t\t\t\t\t<p>Aktuelles managen, n\u00e4chste Schritte einleiten, Abgeschlossenes dokumentieren \u2013 sowohl in der internen als auch der externen Projektabwicklung ist uns Transparenz wichtig. Nur wer alle Informationen zur Hand hat, kann den Projektfortschritt aktiv gestalten. Wir legen gro\u00dfen Wert auf die professionelle Begleitung aller Projektphasen. Dabei ist uns eine jederzeit offene und vertrauensvolle Kommunikation mit allen Beteiligten sehr wichtig. Bei unvorhergesehenen Entwicklungen bewahren wir jederzeit den sprichw\u00f6rtlich k\u00fchlen Kopf und lassen uns nicht aus der Ruhe bringen.<\/p>\t\t\t\t\t\t\t\t<\/div>\n\t\t\t\t<\/div>\n\t\t\t\t<\/div>\n\t\t<div class=\"elementor-element elementor-element-fce778b e-con-full e-flex e-con e-child\" data-id=\"fce778b\" data-element_type=\"container\" data-e-type=\"container\">\n\t\t\t\t<div class=\"elementor-element elementor-element-c83430e elementor-widget__width-initial elementor-widget elementor-widget-image\" data-id=\"c83430e\" data-element_type=\"widget\" data-e-type=\"widget\" data-settings=\"{&quot;motion_fx_motion_fx_scrolling&quot;:&quot;yes&quot;,&quot;motion_fx_translateY_effect&quot;:&quot;yes&quot;,&quot;motion_fx_devices&quot;:[&quot;desktop&quot;],&quot;motion_fx_translateY_speed&quot;:{&quot;unit&quot;:&quot;px&quot;,&quot;size&quot;:4,&quot;sizes&quot;:[]},&quot;motion_fx_translateY_affectedRange&quot;:{&quot;unit&quot;:&quot;%&quot;,&quot;size&quot;:&quot;&quot;,&quot;sizes&quot;:{&quot;start&quot;:0,&quot;end&quot;:100}}}\" data-widget_type=\"image.default\">\n\t\t\t\t<div class=\"elementor-widget-container\">\n\t\t\t\t\t\t\t\t\t\t\t\t\t\t\t<img fetchpriority=\"high\" decoding=\"async\" width=\"800\" height=\"534\" src=\"https:\/\/montec-gmbh.de\/wp-content\/uploads\/2025\/08\/DSCF4973-1024x683.jpg\" class=\"attachment-large size-large wp-image-761\" alt=\"\" srcset=\"https:\/\/montec-gmbh.de\/wp-content\/uploads\/2025\/08\/DSCF4973-1024x683.jpg 1024w, https:\/\/montec-gmbh.de\/wp-content\/uploads\/2025\/08\/DSCF4973-300x200.jpg 300w, https:\/\/montec-gmbh.de\/wp-content\/uploads\/2025\/08\/DSCF4973-768x512.jpg 768w, https:\/\/montec-gmbh.de\/wp-content\/uploads\/2025\/08\/DSCF4973-1536x1024.jpg 1536w, https:\/\/montec-gmbh.de\/wp-content\/uploads\/2025\/08\/DSCF4973-2048x1366.jpg 2048w\" sizes=\"(max-width: 800px) 100vw, 800px\" \/>\t\t\t\t\t\t\t\t\t\t\t\t\t\t\t<\/div>\n\t\t\t\t<\/div>\n\t\t\t\t<div class=\"elementor-element elementor-element-5957f51 elementor-widget__width-initial elementor-widget elementor-widget-image\" data-id=\"5957f51\" data-element_type=\"widget\" data-e-type=\"widget\" data-settings=\"{&quot;motion_fx_motion_fx_scrolling&quot;:&quot;yes&quot;,&quot;motion_fx_translateY_effect&quot;:&quot;yes&quot;,&quot;motion_fx_translateY_speed&quot;:{&quot;unit&quot;:&quot;px&quot;,&quot;size&quot;:1.6,&quot;sizes&quot;:[]},&quot;motion_fx_devices&quot;:[&quot;desktop&quot;],&quot;motion_fx_translateY_affectedRange&quot;:{&quot;unit&quot;:&quot;%&quot;,&quot;size&quot;:&quot;&quot;,&quot;sizes&quot;:{&quot;start&quot;:0,&quot;end&quot;:100}}}\" data-widget_type=\"image.default\">\n\t\t\t\t<div class=\"elementor-widget-container\">\n\t\t\t\t\t\t\t\t\t\t\t\t\t\t\t<img decoding=\"async\" width=\"800\" height=\"534\" src=\"https:\/\/montec-gmbh.de\/wp-content\/uploads\/2025\/08\/DSCF4865-1024x683.jpg\" class=\"attachment-large size-large wp-image-713\" alt=\"\" srcset=\"https:\/\/montec-gmbh.de\/wp-content\/uploads\/2025\/08\/DSCF4865-1024x683.jpg 1024w, https:\/\/montec-gmbh.de\/wp-content\/uploads\/2025\/08\/DSCF4865-300x200.jpg 300w, https:\/\/montec-gmbh.de\/wp-content\/uploads\/2025\/08\/DSCF4865-768x512.jpg 768w, https:\/\/montec-gmbh.de\/wp-content\/uploads\/2025\/08\/DSCF4865-1536x1024.jpg 1536w, https:\/\/montec-gmbh.de\/wp-content\/uploads\/2025\/08\/DSCF4865-2048x1366.jpg 2048w\" sizes=\"(max-width: 800px) 100vw, 800px\" \/>\t\t\t\t\t\t\t\t\t\t\t\t\t\t\t<\/div>\n\t\t\t\t<\/div>\n\t\t\t\t<\/div>\n\t\t\t\t\t<\/div>\n\t\t\t\t<\/div>\n\t\t<div class=\"elementor-element elementor-element-7a25da0 e-flex e-con-boxed e-con e-parent\" data-id=\"7a25da0\" data-element_type=\"container\" data-e-type=\"container\" data-settings=\"{&quot;background_background&quot;:&quot;classic&quot;}\">\n\t\t\t\t\t<div class=\"e-con-inner\">\n\t\t\t\t<div class=\"elementor-element elementor-element-051aa9f elementor-widget elementor-widget-heading\" data-id=\"051aa9f\" data-element_type=\"widget\" data-e-type=\"widget\" data-widget_type=\"heading.default\">\n\t\t\t\t<div class=\"elementor-widget-container\">\n\t\t\t\t\t<h2 class=\"elementor-heading-title elementor-size-default\">Unsere Arbeitsweise<\/h2>\t\t\t\t<\/div>\n\t\t\t\t<\/div>\n\t\t\t\t<div class=\"elementor-element elementor-element-903e9dd elementor-widget elementor-widget-text-editor\" data-id=\"903e9dd\" data-element_type=\"widget\" data-e-type=\"widget\" data-widget_type=\"text-editor.default\">\n\t\t\t\t<div class=\"elementor-widget-container\">\n\t\t\t\t\t\t\t\t\t<p>Unsere T\u00e4tigkeit ist gepr\u00e4gt von intelligenter Planung, optimalem Ressourceneinsatz und pr\u00e4ziser Abwicklung. Eindeutige, klare Dokumentation ist ein Muss. Wir legen gro\u00dfen Wert auf eine offene und ehrliche Kommunikation mit unseren Kunden. Wir gew\u00e4hrleisten jederzeit eine hohe Transparenz unseres Tuns. Wir versprechen nichts, was wir nicht mit Sicherheit auch halten k\u00f6nnen.<\/p>\t\t\t\t\t\t\t\t<\/div>\n\t\t\t\t<\/div>\n\t\t\t\t<div class=\"elementor-element elementor-element-0377892 elementor-align-center elementor-widget elementor-widget-button\" data-id=\"0377892\" data-element_type=\"widget\" data-e-type=\"widget\" data-widget_type=\"button.default\">\n\t\t\t\t<div class=\"elementor-widget-container\">\n\t\t\t\t\t\t\t\t\t<div class=\"elementor-button-wrapper\">\n\t\t\t\t\t<a class=\"elementor-button elementor-button-link elementor-size-lg elementor-animation-grow\" href=\"#\">\n\t\t\t\t\t\t<span class=\"elementor-button-content-wrapper\">\n\t\t\t\t\t\t\t\t\t<span class=\"elementor-button-text\">jetzt anfragen<\/span>\n\t\t\t\t\t<\/span>\n\t\t\t\t\t<\/a>\n\t\t\t\t<\/div>\n\t\t\t\t\t\t\t\t<\/div>\n\t\t\t\t<\/div>\n\t\t\t\t\t<\/div>\n\t\t\t\t<\/div>\n\t\t<div class=\"elementor-element elementor-element-98f221d e-flex e-con-boxed e-con e-parent\" data-id=\"98f221d\" data-element_type=\"container\" data-e-type=\"container\" data-settings=\"{&quot;background_background&quot;:&quot;classic&quot;}\">\n\t\t\t\t\t<div class=\"e-con-inner\">\n\t\t<div class=\"elementor-element elementor-element-a3aa329 e-con-full e-flex e-con e-child\" data-id=\"a3aa329\" data-element_type=\"container\" data-e-type=\"container\">\n\t\t\t\t<div class=\"elementor-element elementor-element-fc2e8f8 elementor-widget elementor-widget-heading\" data-id=\"fc2e8f8\" data-element_type=\"widget\" data-e-type=\"widget\" data-widget_type=\"heading.default\">\n\t\t\t\t<div class=\"elementor-widget-container\">\n\t\t\t\t\t<h2 class=\"elementor-heading-title elementor-size-default\">Kundenbetreuung<\/h2>\t\t\t\t<\/div>\n\t\t\t\t<\/div>\n\t\t\t\t<div class=\"elementor-element elementor-element-bfc483c animated-slow elementor-invisible elementor-widget elementor-widget-heading\" data-id=\"bfc483c\" data-element_type=\"widget\" data-e-type=\"widget\" data-settings=\"{&quot;_animation&quot;:&quot;fadeIn&quot;}\" data-widget_type=\"heading.default\">\n\t\t\t\t<div class=\"elementor-widget-container\">\n\t\t\t\t\t<h2 class=\"elementor-heading-title elementor-size-default\">Logistik<\/h2>\t\t\t\t<\/div>\n\t\t\t\t<\/div>\n\t\t\t\t<div class=\"elementor-element elementor-element-14f648a elementor-widget elementor-widget-text-editor\" data-id=\"14f648a\" data-element_type=\"widget\" data-e-type=\"widget\" data-widget_type=\"text-editor.default\">\n\t\t\t\t<div class=\"elementor-widget-container\">\n\t\t\t\t\t\t\t\t\t<p>Kunden sollen in der Zusammenarbeit mit uns von projektbezogenen administrativen oder organisatorischen Einzelschritten weitgehend befreit sein. So \u00fcbernehmen wir auch den \u201ePapierkram\u201c, beispielsweise die Beschaffung von Zollpapieren und Genehmigungen, die f\u00fcr nationale oder internationale Transporte erforderlich sind. Unser Logistikzentrum in Asbach-B\u00e4umenheim sorgt f\u00fcr die notwendige Mobilit\u00e4t und Technik.<\/p>\t\t\t\t\t\t\t\t<\/div>\n\t\t\t\t<\/div>\n\t\t\t\t<\/div>\n\t\t<div class=\"elementor-element elementor-element-cbb1a5a e-con-full e-flex e-con e-child\" data-id=\"cbb1a5a\" data-element_type=\"container\" data-e-type=\"container\">\n\t\t\t\t<div class=\"elementor-element elementor-element-08edfd9 elementor-widget__width-initial elementor-widget elementor-widget-image\" data-id=\"08edfd9\" data-element_type=\"widget\" data-e-type=\"widget\" data-settings=\"{&quot;motion_fx_motion_fx_scrolling&quot;:&quot;yes&quot;,&quot;motion_fx_translateY_effect&quot;:&quot;yes&quot;,&quot;motion_fx_devices&quot;:[&quot;desktop&quot;],&quot;motion_fx_translateY_speed&quot;:{&quot;unit&quot;:&quot;px&quot;,&quot;size&quot;:4,&quot;sizes&quot;:[]},&quot;motion_fx_translateY_affectedRange&quot;:{&quot;unit&quot;:&quot;%&quot;,&quot;size&quot;:&quot;&quot;,&quot;sizes&quot;:{&quot;start&quot;:0,&quot;end&quot;:100}}}\" data-widget_type=\"image.default\">\n\t\t\t\t<div class=\"elementor-widget-container\">\n\t\t\t\t\t\t\t\t\t\t\t\t\t\t\t<img decoding=\"async\" width=\"800\" height=\"534\" src=\"https:\/\/montec-gmbh.de\/wp-content\/uploads\/2025\/08\/DSCF4888-1024x683.jpg\" class=\"attachment-large size-large wp-image-725\" alt=\"\" srcset=\"https:\/\/montec-gmbh.de\/wp-content\/uploads\/2025\/08\/DSCF4888-1024x683.jpg 1024w, https:\/\/montec-gmbh.de\/wp-content\/uploads\/2025\/08\/DSCF4888-300x200.jpg 300w, https:\/\/montec-gmbh.de\/wp-content\/uploads\/2025\/08\/DSCF4888-768x512.jpg 768w, https:\/\/montec-gmbh.de\/wp-content\/uploads\/2025\/08\/DSCF4888-1536x1024.jpg 1536w, https:\/\/montec-gmbh.de\/wp-content\/uploads\/2025\/08\/DSCF4888-2048x1366.jpg 2048w\" sizes=\"(max-width: 800px) 100vw, 800px\" \/>\t\t\t\t\t\t\t\t\t\t\t\t\t\t\t<\/div>\n\t\t\t\t<\/div>\n\t\t\t\t<div class=\"elementor-element elementor-element-0691f98 elementor-widget__width-initial elementor-widget elementor-widget-image\" data-id=\"0691f98\" data-element_type=\"widget\" data-e-type=\"widget\" data-settings=\"{&quot;motion_fx_motion_fx_scrolling&quot;:&quot;yes&quot;,&quot;motion_fx_translateY_effect&quot;:&quot;yes&quot;,&quot;motion_fx_translateY_speed&quot;:{&quot;unit&quot;:&quot;px&quot;,&quot;size&quot;:1.6,&quot;sizes&quot;:[]},&quot;motion_fx_devices&quot;:[&quot;desktop&quot;],&quot;motion_fx_translateY_affectedRange&quot;:{&quot;unit&quot;:&quot;%&quot;,&quot;size&quot;:&quot;&quot;,&quot;sizes&quot;:{&quot;start&quot;:0,&quot;end&quot;:100}}}\" data-widget_type=\"image.default\">\n\t\t\t\t<div class=\"elementor-widget-container\">\n\t\t\t\t\t\t\t\t\t\t\t\t\t\t\t<img loading=\"lazy\" decoding=\"async\" width=\"800\" height=\"534\" src=\"https:\/\/montec-gmbh.de\/wp-content\/uploads\/2025\/08\/DSCF4921-1024x683.jpg\" class=\"attachment-large size-large wp-image-753\" alt=\"\" srcset=\"https:\/\/montec-gmbh.de\/wp-content\/uploads\/2025\/08\/DSCF4921-1024x683.jpg 1024w, https:\/\/montec-gmbh.de\/wp-content\/uploads\/2025\/08\/DSCF4921-300x200.jpg 300w, https:\/\/montec-gmbh.de\/wp-content\/uploads\/2025\/08\/DSCF4921-768x512.jpg 768w, https:\/\/montec-gmbh.de\/wp-content\/uploads\/2025\/08\/DSCF4921-1536x1024.jpg 1536w, https:\/\/montec-gmbh.de\/wp-content\/uploads\/2025\/08\/DSCF4921-2048x1366.jpg 2048w\" sizes=\"(max-width: 800px) 100vw, 800px\" \/>\t\t\t\t\t\t\t\t\t\t\t\t\t\t\t<\/div>\n\t\t\t\t<\/div>\n\t\t\t\t<\/div>\n\t\t\t\t\t<\/div>\n\t\t\t\t<\/div>\n\t\t\t\t<\/div>\n\t\t","protected":false},"excerpt":{"rendered":"<p>Qualit\u00e4t, Sicherheit und Verantwortung Kunden-betreuung Kundenbetreuung Projekte managen \u2013 von A bis Z Aktuelles managen, n\u00e4chste Schritte einleiten, Abgeschlossenes dokumentieren \u2013 sowohl in der internen als auch der externen Projektabwicklung ist uns Transparenz wichtig. Nur wer alle Informationen zur Hand hat, kann den Projektfortschritt aktiv gestalten. Wir legen gro\u00dfen Wert auf die professionelle Begleitung aller [&hellip;]<\/p>\n","protected":false},"author":1,"featured_media":0,"parent":0,"menu_order":0,"comment_status":"closed","ping_status":"closed","template":"","meta":{"inline_featured_image":false,"footnotes":""},"class_list":["post-1031","page","type-page","status-publish","hentry"],"yoast_head":"<!-- This site is optimized with the Yoast SEO plugin v27.2 - https:\/\/yoast.com\/product\/yoast-seo-wordpress\/ -->\n<title>Kundenbetreuung - Montec International<\/title>\n<meta name=\"robots\" content=\"index, follow, max-snippet:-1, max-image-preview:large, max-video-preview:-1\" \/>\n<link rel=\"canonical\" href=\"https:\/\/montec-gmbh.de\/de\/kundenbetreuung\/\" \/>\n<meta property=\"og:locale\" content=\"de_DE\" \/>\n<meta property=\"og:type\" content=\"article\" \/>\n<meta property=\"og:title\" content=\"Kundenbetreuung - Montec International\" \/>\n<meta property=\"og:description\" content=\"Qualit\u00e4t, Sicherheit und Verantwortung Kunden-betreuung Kundenbetreuung Projekte managen \u2013 von A bis Z Aktuelles managen, n\u00e4chste Schritte einleiten, Abgeschlossenes dokumentieren \u2013 sowohl in der internen als auch der externen Projektabwicklung ist uns Transparenz wichtig. Nur wer alle Informationen zur Hand hat, kann den Projektfortschritt aktiv gestalten. Wir legen gro\u00dfen Wert auf die professionelle Begleitung aller [&hellip;]\" \/>\n<meta property=\"og:url\" content=\"https:\/\/montec-gmbh.de\/de\/kundenbetreuung\/\" \/>\n<meta property=\"og:site_name\" content=\"Montec International\" \/>\n<meta property=\"article:modified_time\" content=\"2026-01-21T10:38:16+00:00\" \/>\n<meta property=\"og:image\" content=\"https:\/\/montec-gmbh.de\/wp-content\/uploads\/2025\/08\/DSCF4973.jpg\" \/>\n\t<meta property=\"og:image:width\" content=\"2080\" \/>\n\t<meta property=\"og:image:height\" content=\"1387\" \/>\n\t<meta property=\"og:image:type\" content=\"image\/jpeg\" \/>\n<meta name=\"twitter:card\" content=\"summary_large_image\" \/>\n<meta name=\"twitter:label1\" content=\"Gesch\u00e4tzte Lesezeit\" \/>\n\t<meta name=\"twitter:data1\" content=\"2\u00a0Minuten\" \/>\n<script type=\"application\/ld+json\" class=\"yoast-schema-graph\">{\"@context\":\"https:\/\/schema.org\",\"@graph\":[{\"@type\":\"WebPage\",\"@id\":\"https:\/\/montec-gmbh.de\/de\/kundenbetreuung\/\",\"url\":\"https:\/\/montec-gmbh.de\/de\/kundenbetreuung\/\",\"name\":\"Kundenbetreuung - Montec International\",\"isPartOf\":{\"@id\":\"https:\/\/montec-gmbh.de\/en\/#website\"},\"primaryImageOfPage\":{\"@id\":\"https:\/\/montec-gmbh.de\/de\/kundenbetreuung\/#primaryimage\"},\"image\":{\"@id\":\"https:\/\/montec-gmbh.de\/de\/kundenbetreuung\/#primaryimage\"},\"thumbnailUrl\":\"https:\/\/montec-gmbh.de\/wp-content\/uploads\/2025\/08\/DSCF4973-1024x683.jpg\",\"datePublished\":\"2025-09-16T05:47:43+00:00\",\"dateModified\":\"2026-01-21T10:38:16+00:00\",\"breadcrumb\":{\"@id\":\"https:\/\/montec-gmbh.de\/de\/kundenbetreuung\/#breadcrumb\"},\"inLanguage\":\"de\",\"potentialAction\":[{\"@type\":\"ReadAction\",\"target\":[\"https:\/\/montec-gmbh.de\/de\/kundenbetreuung\/\"]}]},{\"@type\":\"ImageObject\",\"inLanguage\":\"de\",\"@id\":\"https:\/\/montec-gmbh.de\/de\/kundenbetreuung\/#primaryimage\",\"url\":\"https:\/\/montec-gmbh.de\/wp-content\/uploads\/2025\/08\/DSCF4973-1024x683.jpg\",\"contentUrl\":\"https:\/\/montec-gmbh.de\/wp-content\/uploads\/2025\/08\/DSCF4973-1024x683.jpg\"},{\"@type\":\"BreadcrumbList\",\"@id\":\"https:\/\/montec-gmbh.de\/de\/kundenbetreuung\/#breadcrumb\",\"itemListElement\":[{\"@type\":\"ListItem\",\"position\":1,\"name\":\"Start\",\"item\":\"https:\/\/montec-gmbh.de\/de\/\"},{\"@type\":\"ListItem\",\"position\":2,\"name\":\"Kundenbetreuung\"}]},{\"@type\":\"WebSite\",\"@id\":\"https:\/\/montec-gmbh.de\/en\/#website\",\"url\":\"https:\/\/montec-gmbh.de\/en\/\",\"name\":\"Montec International\",\"description\":\"Industriemontagen, Schwerlastmontagen, Werksverlagerungen - MONTEC Augsburg\",\"publisher\":{\"@id\":\"https:\/\/montec-gmbh.de\/en\/#organization\"},\"potentialAction\":[{\"@type\":\"SearchAction\",\"target\":{\"@type\":\"EntryPoint\",\"urlTemplate\":\"https:\/\/montec-gmbh.de\/en\/?s={search_term_string}\"},\"query-input\":{\"@type\":\"PropertyValueSpecification\",\"valueRequired\":true,\"valueName\":\"search_term_string\"}}],\"inLanguage\":\"de\"},{\"@type\":\"Organization\",\"@id\":\"https:\/\/montec-gmbh.de\/en\/#organization\",\"name\":\"Montec International\",\"url\":\"https:\/\/montec-gmbh.de\/en\/\",\"logo\":{\"@type\":\"ImageObject\",\"inLanguage\":\"de\",\"@id\":\"https:\/\/montec-gmbh.de\/en\/#\/schema\/logo\/image\/\",\"url\":\"https:\/\/montec-gmbh.de\/wp-content\/uploads\/2025\/06\/Montec-international-1.png\",\"contentUrl\":\"https:\/\/montec-gmbh.de\/wp-content\/uploads\/2025\/06\/Montec-international-1.png\",\"width\":1648,\"height\":429,\"caption\":\"Montec International\"},\"image\":{\"@id\":\"https:\/\/montec-gmbh.de\/en\/#\/schema\/logo\/image\/\"}}]}<\/script>\n<!-- \/ Yoast SEO plugin. -->","yoast_head_json":{"title":"Kundenbetreuung - Montec International","robots":{"index":"index","follow":"follow","max-snippet":"max-snippet:-1","max-image-preview":"max-image-preview:large","max-video-preview":"max-video-preview:-1"},"canonical":"https:\/\/montec-gmbh.de\/de\/kundenbetreuung\/","og_locale":"de_DE","og_type":"article","og_title":"Kundenbetreuung - Montec International","og_description":"Qualit\u00e4t, Sicherheit und Verantwortung Kunden-betreuung Kundenbetreuung Projekte managen \u2013 von A bis Z Aktuelles managen, n\u00e4chste Schritte einleiten, Abgeschlossenes dokumentieren \u2013 sowohl in der internen als auch der externen Projektabwicklung ist uns Transparenz wichtig. Nur wer alle Informationen zur Hand hat, kann den Projektfortschritt aktiv gestalten. Wir legen gro\u00dfen Wert auf die professionelle Begleitung aller [&hellip;]","og_url":"https:\/\/montec-gmbh.de\/de\/kundenbetreuung\/","og_site_name":"Montec International","article_modified_time":"2026-01-21T10:38:16+00:00","og_image":[{"width":2080,"height":1387,"url":"https:\/\/montec-gmbh.de\/wp-content\/uploads\/2025\/08\/DSCF4973.jpg","type":"image\/jpeg"}],"twitter_card":"summary_large_image","twitter_misc":{"Gesch\u00e4tzte Lesezeit":"2\u00a0Minuten"},"schema":{"@context":"https:\/\/schema.org","@graph":[{"@type":"WebPage","@id":"https:\/\/montec-gmbh.de\/de\/kundenbetreuung\/","url":"https:\/\/montec-gmbh.de\/de\/kundenbetreuung\/","name":"Kundenbetreuung - Montec International","isPartOf":{"@id":"https:\/\/montec-gmbh.de\/en\/#website"},"primaryImageOfPage":{"@id":"https:\/\/montec-gmbh.de\/de\/kundenbetreuung\/#primaryimage"},"image":{"@id":"https:\/\/montec-gmbh.de\/de\/kundenbetreuung\/#primaryimage"},"thumbnailUrl":"https:\/\/montec-gmbh.de\/wp-content\/uploads\/2025\/08\/DSCF4973-1024x683.jpg","datePublished":"2025-09-16T05:47:43+00:00","dateModified":"2026-01-21T10:38:16+00:00","breadcrumb":{"@id":"https:\/\/montec-gmbh.de\/de\/kundenbetreuung\/#breadcrumb"},"inLanguage":"de","potentialAction":[{"@type":"ReadAction","target":["https:\/\/montec-gmbh.de\/de\/kundenbetreuung\/"]}]},{"@type":"ImageObject","inLanguage":"de","@id":"https:\/\/montec-gmbh.de\/de\/kundenbetreuung\/#primaryimage","url":"https:\/\/montec-gmbh.de\/wp-content\/uploads\/2025\/08\/DSCF4973-1024x683.jpg","contentUrl":"https:\/\/montec-gmbh.de\/wp-content\/uploads\/2025\/08\/DSCF4973-1024x683.jpg"},{"@type":"BreadcrumbList","@id":"https:\/\/montec-gmbh.de\/de\/kundenbetreuung\/#breadcrumb","itemListElement":[{"@type":"ListItem","position":1,"name":"Start","item":"https:\/\/montec-gmbh.de\/de\/"},{"@type":"ListItem","position":2,"name":"Kundenbetreuung"}]},{"@type":"WebSite","@id":"https:\/\/montec-gmbh.de\/en\/#website","url":"https:\/\/montec-gmbh.de\/en\/","name":"Montec International","description":"Industriemontagen, Schwerlastmontagen, Werksverlagerungen - MONTEC Augsburg","publisher":{"@id":"https:\/\/montec-gmbh.de\/en\/#organization"},"potentialAction":[{"@type":"SearchAction","target":{"@type":"EntryPoint","urlTemplate":"https:\/\/montec-gmbh.de\/en\/?s={search_term_string}"},"query-input":{"@type":"PropertyValueSpecification","valueRequired":true,"valueName":"search_term_string"}}],"inLanguage":"de"},{"@type":"Organization","@id":"https:\/\/montec-gmbh.de\/en\/#organization","name":"Montec International","url":"https:\/\/montec-gmbh.de\/en\/","logo":{"@type":"ImageObject","inLanguage":"de","@id":"https:\/\/montec-gmbh.de\/en\/#\/schema\/logo\/image\/","url":"https:\/\/montec-gmbh.de\/wp-content\/uploads\/2025\/06\/Montec-international-1.png","contentUrl":"https:\/\/montec-gmbh.de\/wp-content\/uploads\/2025\/06\/Montec-international-1.png","width":1648,"height":429,"caption":"Montec International"},"image":{"@id":"https:\/\/montec-gmbh.de\/en\/#\/schema\/logo\/image\/"}}]}},"_links":{"self":[{"href":"https:\/\/montec-gmbh.de\/de\/wp-json\/wp\/v2\/pages\/1031","targetHints":{"allow":["GET"]}}],"collection":[{"href":"https:\/\/montec-gmbh.de\/de\/wp-json\/wp\/v2\/pages"}],"about":[{"href":"https:\/\/montec-gmbh.de\/de\/wp-json\/wp\/v2\/types\/page"}],"author":[{"embeddable":true,"href":"https:\/\/montec-gmbh.de\/de\/wp-json\/wp\/v2\/users\/1"}],"replies":[{"embeddable":true,"href":"https:\/\/montec-gmbh.de\/de\/wp-json\/wp\/v2\/comments?post=1031"}],"version-history":[{"count":31,"href":"https:\/\/montec-gmbh.de\/de\/wp-json\/wp\/v2\/pages\/1031\/revisions"}],"predecessor-version":[{"id":2083,"href":"https:\/\/montec-gmbh.de\/de\/wp-json\/wp\/v2\/pages\/1031\/revisions\/2083"}],"wp:attachment":[{"href":"https:\/\/montec-gmbh.de\/de\/wp-json\/wp\/v2\/media?parent=1031"}],"curies":[{"name":"wp","href":"https:\/\/api.w.org\/{rel}","templated":true}]}}